{"id":5847,"date":"2022-03-31T21:10:46","date_gmt":"2022-04-01T00:10:46","guid":{"rendered":"https:\/\/www.selmar.cl\/?post_type=product&#038;p=5847"},"modified":"2022-03-31T21:26:43","modified_gmt":"2022-04-01T00:26:43","slug":"intellian-fleet-one","status":"publish","type":"product","link":"https:\/\/www.selmar.cl\/en\/tienda\/comunicacion\/satelital\/fleet-one\/intellian-fleet-one\/","title":{"rendered":"INTELLIAN FLEET ONE"},"content":{"rendered":"<div data-elementor-type=\"wp-post\" data-elementor-id=\"5847\" class=\"elementor elementor-5847\">\n\t\t\t\t\t\t<section class=\"elementor-section elementor-top-section elementor-element elementor-element-41349b9 elementor-section-full_width elementor-section-height-default elementor-section-height-default\" data-id=\"41349b9\" data-element_type=\"section\" data-e-type=\"section\">\n\t\t\t\t\t\t<div class=\"elementor-container elementor-column-gap-default\">\n\t\t\t\t\t<div class=\"elementor-column elementor-col-33 elementor-top-column elementor-element elementor-element-e7659ed\" data-id=\"e7659ed\" data-element_type=\"column\" data-e-type=\"column\">\n\t\t\t<div class=\"elementor-widget-wrap elementor-element-populated\">\n\t\t\t\t\t\t<div class=\"elementor-element elementor-element-32f72f1 elementor-widget elementor-widget-heading\" data-id=\"32f72f1\" data-element_type=\"widget\" data-e-type=\"widget\" data-widget_type=\"heading.default\">\n\t\t\t\t<div class=\"elementor-widget-container\">\n\t\t\t\t\t<h2 class=\"elementor-heading-title elementor-size-default\">Caracter\u00edsticas Principales<\/h2>\t\t\t\t<\/div>\n\t\t\t\t<\/div>\n\t\t\t\t\t<\/div>\n\t\t<\/div>\n\t\t\t\t<div class=\"elementor-column elementor-col-33 elementor-top-column elementor-element elementor-element-dcd746f\" data-id=\"dcd746f\" data-element_type=\"column\" data-e-type=\"column\">\n\t\t\t<div class=\"elementor-widget-wrap elementor-element-populated\">\n\t\t\t\t\t\t<div class=\"elementor-element elementor-element-d8f0c94 elementor-widget elementor-widget-image\" data-id=\"d8f0c94\" data-element_type=\"widget\" data-e-type=\"widget\" data-widget_type=\"image.default\">\n\t\t\t\t<div class=\"elementor-widget-container\">\n\t\t\t\t\t\t\t\t\t\t\t\t\t\t\t<img decoding=\"async\" width=\"100\" height=\"60\" src=\"https:\/\/www.selmar.cl\/wp-content\/uploads\/2022\/03\/integrated-mediator_smallesr.png\" class=\"attachment-full size-full wp-image-5855\" alt=\"\" srcset=\"https:\/\/www.selmar.cl\/wp-content\/uploads\/2022\/03\/integrated-mediator_smallesr.png 100w, https:\/\/www.selmar.cl\/wp-content\/uploads\/2022\/03\/integrated-mediator_smallesr-18x12.png 18w, https:\/\/www.selmar.cl\/wp-content\/uploads\/2022\/03\/integrated-mediator_smallesr-50x30.png 50w\" sizes=\"(max-width: 100px) 100vw, 100px\" \/>\t\t\t\t\t\t\t\t\t\t\t\t\t\t\t<\/div>\n\t\t\t\t<\/div>\n\t\t\t\t<div class=\"elementor-element elementor-element-3b70bde elementor-widget elementor-widget-heading\" data-id=\"3b70bde\" data-element_type=\"widget\" data-e-type=\"widget\" data-widget_type=\"heading.default\">\n\t\t\t\t<div class=\"elementor-widget-container\">\n\t\t\t\t\t<h3 class=\"elementor-heading-title elementor-size-default\">Soluci\u00f3n todo en uno<\/h3>\t\t\t\t<\/div>\n\t\t\t\t<\/div>\n\t\t\t\t<div class=\"elementor-element elementor-element-f5c7174 elementor-widget elementor-widget-text-editor\" data-id=\"f5c7174\" data-element_type=\"widget\" data-e-type=\"widget\" data-widget_type=\"text-editor.default\">\n\t\t\t\t<div class=\"elementor-widget-container\">\n\t\t\t\t\t\t\t\t\t<p>Reduce los costos de flete e instalaci\u00f3n, lo que reduce el costo total de propiedad<\/p>\t\t\t\t\t\t\t\t<\/div>\n\t\t\t\t<\/div>\n\t\t\t\t\t<\/div>\n\t\t<\/div>\n\t\t\t\t<div class=\"elementor-column elementor-col-33 elementor-top-column elementor-element elementor-element-031d967\" data-id=\"031d967\" data-element_type=\"column\" data-e-type=\"column\">\n\t\t\t<div class=\"elementor-widget-wrap elementor-element-populated\">\n\t\t\t\t\t\t<div class=\"elementor-element elementor-element-074a5b0 elementor-widget elementor-widget-image\" data-id=\"074a5b0\" data-element_type=\"widget\" data-e-type=\"widget\" data-widget_type=\"image.default\">\n\t\t\t\t<div class=\"elementor-widget-container\">\n\t\t\t\t\t\t\t\t\t\t\t\t\t\t\t<img decoding=\"async\" width=\"100\" height=\"60\" src=\"https:\/\/www.selmar.cl\/wp-content\/uploads\/2022\/03\/aptus-lx-100-x-60-icon.png\" class=\"attachment-full size-full wp-image-5852\" alt=\"\" srcset=\"https:\/\/www.selmar.cl\/wp-content\/uploads\/2022\/03\/aptus-lx-100-x-60-icon.png 100w, https:\/\/www.selmar.cl\/wp-content\/uploads\/2022\/03\/aptus-lx-100-x-60-icon-18x12.png 18w, https:\/\/www.selmar.cl\/wp-content\/uploads\/2022\/03\/aptus-lx-100-x-60-icon-50x30.png 50w\" sizes=\"(max-width: 100px) 100vw, 100px\" \/>\t\t\t\t\t\t\t\t\t\t\t\t\t\t\t<\/div>\n\t\t\t\t<\/div>\n\t\t\t\t<div class=\"elementor-element elementor-element-ceda30b elementor-widget elementor-widget-heading\" data-id=\"ceda30b\" data-element_type=\"widget\" data-e-type=\"widget\" data-widget_type=\"heading.default\">\n\t\t\t\t<div class=\"elementor-widget-container\">\n\t\t\t\t\t<h3 class=\"elementor-heading-title elementor-size-default\">Herramienta de administraci\u00f3n intuitiva AptusLX incorporada<\/h3>\t\t\t\t<\/div>\n\t\t\t\t<\/div>\n\t\t\t\t<div class=\"elementor-element elementor-element-d5950a4 elementor-widget elementor-widget-text-editor\" data-id=\"d5950a4\" data-element_type=\"widget\" data-e-type=\"widget\" data-widget_type=\"text-editor.default\">\n\t\t\t\t<div class=\"elementor-widget-container\">\n\t\t\t\t\t\t\t\t\t<p>Instalaci\u00f3n simple y r\u00e1pida a trav\u00e9s de AptusLX, una plataforma web intuitiva para administrar y controlar la terminal.<\/p>\t\t\t\t\t\t\t\t<\/div>\n\t\t\t\t<\/div>\n\t\t\t\t\t<\/div>\n\t\t<\/div>\n\t\t\t\t\t<\/div>\n\t\t<\/section>\n\t\t\t\t<section class=\"elementor-section elementor-top-section elementor-element elementor-element-71a5916 elementor-section-boxed elementor-section-height-default elementor-section-height-default\" data-id=\"71a5916\" data-element_type=\"section\" data-e-type=\"section\">\n\t\t\t\t\t\t<div class=\"elementor-container elementor-column-gap-default\">\n\t\t\t\t\t<div class=\"elementor-column elementor-col-100 elementor-top-column elementor-element elementor-element-f42d577\" data-id=\"f42d577\" data-element_type=\"column\" data-e-type=\"column\">\n\t\t\t<div class=\"elementor-widget-wrap elementor-element-populated\">\n\t\t\t\t\t\t<div class=\"elementor-element elementor-element-a9d13e4 elementor-widget elementor-widget-spacer\" data-id=\"a9d13e4\" data-element_type=\"widget\" data-e-type=\"widget\" data-widget_type=\"spacer.default\">\n\t\t\t\t<div class=\"elementor-widget-container\">\n\t\t\t\t\t\t\t<div class=\"elementor-spacer\">\n\t\t\t<div class=\"elementor-spacer-inner\"><\/div>\n\t\t<\/div>\n\t\t\t\t\t\t<\/div>\n\t\t\t\t<\/div>\n\t\t\t\t\t<\/div>\n\t\t<\/div>\n\t\t\t\t\t<\/div>\n\t\t<\/section>\n\t\t\t\t<section class=\"elementor-section elementor-top-section elementor-element elementor-element-d779c7d elementor-section-full_width elementor-section-height-default elementor-section-height-default\" data-id=\"d779c7d\" data-element_type=\"section\" data-e-type=\"section\">\n\t\t\t\t\t\t<div class=\"elementor-container elementor-column-gap-default\">\n\t\t\t\t\t<div class=\"elementor-column elementor-col-33 elementor-top-column elementor-element elementor-element-81c67e1\" data-id=\"81c67e1\" data-element_type=\"column\" data-e-type=\"column\">\n\t\t\t<div class=\"elementor-widget-wrap\">\n\t\t\t\t\t\t\t<\/div>\n\t\t<\/div>\n\t\t\t\t<div class=\"elementor-column elementor-col-33 elementor-top-column elementor-element elementor-element-da65f51\" data-id=\"da65f51\" data-element_type=\"column\" data-e-type=\"column\">\n\t\t\t<div class=\"elementor-widget-wrap elementor-element-populated\">\n\t\t\t\t\t\t<div class=\"elementor-element elementor-element-9a59f8d elementor-widget elementor-widget-image\" data-id=\"9a59f8d\" data-element_type=\"widget\" data-e-type=\"widget\" data-widget_type=\"image.default\">\n\t\t\t\t<div class=\"elementor-widget-container\">\n\t\t\t\t\t\t\t\t\t\t\t\t\t\t\t<img decoding=\"async\" width=\"100\" height=\"60\" src=\"https:\/\/www.selmar.cl\/wp-content\/uploads\/2022\/03\/security-100-x-60.png\" class=\"attachment-full size-full wp-image-5859\" alt=\"\" srcset=\"https:\/\/www.selmar.cl\/wp-content\/uploads\/2022\/03\/security-100-x-60.png 100w, https:\/\/www.selmar.cl\/wp-content\/uploads\/2022\/03\/security-100-x-60-18x12.png 18w, https:\/\/www.selmar.cl\/wp-content\/uploads\/2022\/03\/security-100-x-60-50x30.png 50w\" sizes=\"(max-width: 100px) 100vw, 100px\" \/>\t\t\t\t\t\t\t\t\t\t\t\t\t\t\t<\/div>\n\t\t\t\t<\/div>\n\t\t\t\t<div class=\"elementor-element elementor-element-c6b50ed elementor-widget elementor-widget-heading\" data-id=\"c6b50ed\" data-element_type=\"widget\" data-e-type=\"widget\" data-widget_type=\"heading.default\">\n\t\t\t\t<div class=\"elementor-widget-container\">\n\t\t\t\t\t<h3 class=\"elementor-heading-title elementor-size-default\">Mejora de la seguridad cibern\u00e9tica<\/h3>\t\t\t\t<\/div>\n\t\t\t\t<\/div>\n\t\t\t\t<div class=\"elementor-element elementor-element-14c59cd elementor-widget elementor-widget-text-editor\" data-id=\"14c59cd\" data-element_type=\"widget\" data-e-type=\"widget\" data-widget_type=\"text-editor.default\">\n\t\t\t\t<div class=\"elementor-widget-container\">\n\t\t\t\t\t\t\t\t\t<p>Incorpora ciber seguridad avanzada con un cortafuegos\u00a0y el tr\u00e1fico de red entrante\/saliente ser\u00e1n monitoreados y controlados.<\/p>\t\t\t\t\t\t\t\t<\/div>\n\t\t\t\t<\/div>\n\t\t\t\t\t<\/div>\n\t\t<\/div>\n\t\t\t\t<div class=\"elementor-column elementor-col-33 elementor-top-column elementor-element elementor-element-66c13c7\" data-id=\"66c13c7\" data-element_type=\"column\" data-e-type=\"column\">\n\t\t\t<div class=\"elementor-widget-wrap elementor-element-populated\">\n\t\t\t\t\t\t<div class=\"elementor-element elementor-element-febceb7 elementor-widget elementor-widget-image\" data-id=\"febceb7\" data-element_type=\"widget\" data-e-type=\"widget\" data-widget_type=\"image.default\">\n\t\t\t\t<div class=\"elementor-widget-container\">\n\t\t\t\t\t\t\t\t\t\t\t\t\t\t\t<img loading=\"lazy\" decoding=\"async\" width=\"60\" height=\"60\" src=\"https:\/\/www.selmar.cl\/wp-content\/uploads\/2022\/03\/sos_s.png\" class=\"attachment-full size-full wp-image-5860\" alt=\"\" srcset=\"https:\/\/www.selmar.cl\/wp-content\/uploads\/2022\/03\/sos_s.png 60w, https:\/\/www.selmar.cl\/wp-content\/uploads\/2022\/03\/sos_s-12x12.png 12w, https:\/\/www.selmar.cl\/wp-content\/uploads\/2022\/03\/sos_s-30x30.png 30w\" sizes=\"(max-width: 60px) 100vw, 60px\" \/>\t\t\t\t\t\t\t\t\t\t\t\t\t\t\t<\/div>\n\t\t\t\t<\/div>\n\t\t\t\t<div class=\"elementor-element elementor-element-615050b elementor-widget elementor-widget-heading\" data-id=\"615050b\" data-element_type=\"widget\" data-e-type=\"widget\" data-widget_type=\"heading.default\">\n\t\t\t\t<div class=\"elementor-widget-container\">\n\t\t\t\t\t<h3 class=\"elementor-heading-title elementor-size-default\">Seguridad en el mar<\/h3>\t\t\t\t<\/div>\n\t\t\t\t<\/div>\n\t\t\t\t<div class=\"elementor-element elementor-element-8d7fee3 elementor-widget elementor-widget-text-editor\" data-id=\"8d7fee3\" data-element_type=\"widget\" data-e-type=\"widget\" data-widget_type=\"text-editor.default\">\n\t\t\t\t<div class=\"elementor-widget-container\">\n\t\t\t\t\t\t\t\t\t<p>Intellian Fleet One proporciona todas las caracter\u00edsticas necesarias relacionadas con la seguridad en el mar. La llamada de emergencia Inmarsat 505 dirige una llamada directamente a un MRCC en caso de emergencia.<\/p>\t\t\t\t\t\t\t\t<\/div>\n\t\t\t\t<\/div>\n\t\t\t\t\t<\/div>\n\t\t<\/div>\n\t\t\t\t\t<\/div>\n\t\t<\/section>\n\t\t\t\t<section class=\"elementor-section elementor-top-section elementor-element elementor-element-a512117 elementor-section-full_width elementor-section-height-default elementor-section-height-default\" data-id=\"a512117\" data-element_type=\"section\" data-e-type=\"section\">\n\t\t\t\t\t\t<div class=\"elementor-container elementor-column-gap-default\">\n\t\t\t\t\t<div class=\"elementor-column elementor-col-100 elementor-top-column elementor-element elementor-element-e93f414\" data-id=\"e93f414\" data-element_type=\"column\" data-e-type=\"column\">\n\t\t\t<div class=\"elementor-widget-wrap elementor-element-populated\">\n\t\t\t\t\t\t<div class=\"elementor-element elementor-element-6923796 elementor-widget elementor-widget-spacer\" data-id=\"6923796\" data-element_type=\"widget\" data-e-type=\"widget\" data-widget_type=\"spacer.default\">\n\t\t\t\t<div class=\"elementor-widget-container\">\n\t\t\t\t\t\t\t<div class=\"elementor-spacer\">\n\t\t\t<div class=\"elementor-spacer-inner\"><\/div>\n\t\t<\/div>\n\t\t\t\t\t\t<\/div>\n\t\t\t\t<\/div>\n\t\t\t\t\t<\/div>\n\t\t<\/div>\n\t\t\t\t\t<\/div>\n\t\t<\/section>\n\t\t\t\t<section class=\"elementor-section elementor-top-section elementor-element elementor-element-38463b8 elementor-section-full_width elementor-section-height-default elementor-section-height-default\" data-id=\"38463b8\" data-element_type=\"section\" data-e-type=\"section\">\n\t\t\t\t\t\t<div class=\"elementor-container elementor-column-gap-default\">\n\t\t\t\t\t<div class=\"elementor-column elementor-col-33 elementor-top-column elementor-element elementor-element-e4ea4b0\" data-id=\"e4ea4b0\" data-element_type=\"column\" data-e-type=\"column\">\n\t\t\t<div class=\"elementor-widget-wrap elementor-element-populated\">\n\t\t\t\t\t\t<div class=\"elementor-element elementor-element-ca25566 elementor-widget elementor-widget-image\" data-id=\"ca25566\" data-element_type=\"widget\" data-e-type=\"widget\" data-widget_type=\"image.default\">\n\t\t\t\t<div class=\"elementor-widget-container\">\n\t\t\t\t\t\t\t\t\t\t\t\t\t\t\t<img loading=\"lazy\" decoding=\"async\" width=\"672\" height=\"510\" src=\"https:\/\/www.selmar.cl\/wp-content\/uploads\/2022\/03\/fb250-product-detail_1_672x510.png\" class=\"attachment-full size-full wp-image-5864\" alt=\"\" srcset=\"https:\/\/www.selmar.cl\/wp-content\/uploads\/2022\/03\/fb250-product-detail_1_672x510.png 672w, https:\/\/www.selmar.cl\/wp-content\/uploads\/2022\/03\/fb250-product-detail_1_672x510-450x342.png 450w, https:\/\/www.selmar.cl\/wp-content\/uploads\/2022\/03\/fb250-product-detail_1_672x510-600x455.png 600w, https:\/\/www.selmar.cl\/wp-content\/uploads\/2022\/03\/fb250-product-detail_1_672x510-300x228.png 300w, https:\/\/www.selmar.cl\/wp-content\/uploads\/2022\/03\/fb250-product-detail_1_672x510-16x12.png 16w, https:\/\/www.selmar.cl\/wp-content\/uploads\/2022\/03\/fb250-product-detail_1_672x510-40x30.png 40w, https:\/\/www.selmar.cl\/wp-content\/uploads\/2022\/03\/fb250-product-detail_1_672x510-660x501.png 660w\" sizes=\"(max-width: 672px) 100vw, 672px\" \/>\t\t\t\t\t\t\t\t\t\t\t\t\t\t\t<\/div>\n\t\t\t\t<\/div>\n\t\t\t\t\t<\/div>\n\t\t<\/div>\n\t\t\t\t<div class=\"elementor-column elementor-col-33 elementor-top-column elementor-element elementor-element-b0826cd\" data-id=\"b0826cd\" data-element_type=\"column\" data-e-type=\"column\">\n\t\t\t<div class=\"elementor-widget-wrap\">\n\t\t\t\t\t\t\t<\/div>\n\t\t<\/div>\n\t\t\t\t<div class=\"elementor-column elementor-col-33 elementor-top-column elementor-element elementor-element-8a8233b\" data-id=\"8a8233b\" data-element_type=\"column\" data-e-type=\"column\">\n\t\t\t<div class=\"elementor-widget-wrap elementor-element-populated\">\n\t\t\t\t\t\t<div class=\"elementor-element elementor-element-8ebd435 elementor-widget elementor-widget-spacer\" data-id=\"8ebd435\" data-element_type=\"widget\" data-e-type=\"widget\" data-widget_type=\"spacer.default\">\n\t\t\t\t<div class=\"elementor-widget-container\">\n\t\t\t\t\t\t\t<div class=\"elementor-spacer\">\n\t\t\t<div class=\"elementor-spacer-inner\"><\/div>\n\t\t<\/div>\n\t\t\t\t\t\t<\/div>\n\t\t\t\t<\/div>\n\t\t\t\t<div class=\"elementor-element elementor-element-491a2bd elementor-widget elementor-widget-image\" data-id=\"491a2bd\" data-element_type=\"widget\" data-e-type=\"widget\" data-widget_type=\"image.default\">\n\t\t\t\t<div class=\"elementor-widget-container\">\n\t\t\t\t\t\t\t\t\t\t\t\t\t\t\t<img loading=\"lazy\" decoding=\"async\" width=\"150\" height=\"96\" src=\"https:\/\/www.selmar.cl\/wp-content\/uploads\/2022\/03\/light-weight_l-1.png\" class=\"attachment-full size-full wp-image-5865\" alt=\"\" srcset=\"https:\/\/www.selmar.cl\/wp-content\/uploads\/2022\/03\/light-weight_l-1.png 150w, https:\/\/www.selmar.cl\/wp-content\/uploads\/2022\/03\/light-weight_l-1-18x12.png 18w, https:\/\/www.selmar.cl\/wp-content\/uploads\/2022\/03\/light-weight_l-1-47x30.png 47w\" sizes=\"(max-width: 150px) 100vw, 150px\" \/>\t\t\t\t\t\t\t\t\t\t\t\t\t\t\t<\/div>\n\t\t\t\t<\/div>\n\t\t\t\t<div class=\"elementor-element elementor-element-b99064d elementor-widget elementor-widget-heading\" data-id=\"b99064d\" data-element_type=\"widget\" data-e-type=\"widget\" data-widget_type=\"heading.default\">\n\t\t\t\t<div class=\"elementor-widget-container\">\n\t\t\t\t\t<h3 class=\"elementor-heading-title elementor-size-default\">Dise\u00f1o de terminal compacto y fiable<\/h3>\t\t\t\t<\/div>\n\t\t\t\t<\/div>\n\t\t\t\t<div class=\"elementor-element elementor-element-d23d511 elementor-widget elementor-widget-text-editor\" data-id=\"d23d511\" data-element_type=\"widget\" data-e-type=\"widget\" data-widget_type=\"text-editor.default\">\n\t\t\t\t<div class=\"elementor-widget-container\">\n\t\t\t\t\t\t\t\t\t<p>Intellian Fleet One es simple y f\u00e1cil de instalar y usar.<\/p><ul><li>Terminal peque\u00f1o y ligero<\/li><li>M\u00f3dulo BRM de Inmarsat incorporado<\/li><li>Eficiente terminal helicoidal de dos ejes<\/li><li>Rango de acimut ilimitado<\/li><li>Instalaci\u00f3n de un solo cable<\/li><li>Ethernet sobre coaxial<\/li><\/ul>\t\t\t\t\t\t\t\t<\/div>\n\t\t\t\t<\/div>\n\t\t\t\t\t<\/div>\n\t\t<\/div>\n\t\t\t\t\t<\/div>\n\t\t<\/section>\n\t\t\t\t<section class=\"elementor-section elementor-top-section elementor-element elementor-element-d9da542 elementor-section-boxed elementor-section-height-default elementor-section-height-default\" data-id=\"d9da542\" data-element_type=\"section\" data-e-type=\"section\">\n\t\t\t\t\t\t<div class=\"elementor-container elementor-column-gap-default\">\n\t\t\t\t\t<div class=\"elementor-column elementor-col-100 elementor-top-column elementor-element elementor-element-1143642\" data-id=\"1143642\" data-element_type=\"column\" data-e-type=\"column\">\n\t\t\t<div class=\"elementor-widget-wrap elementor-element-populated\">\n\t\t\t\t\t\t<div class=\"elementor-element elementor-element-c890957 elementor-widget elementor-widget-spacer\" data-id=\"c890957\" data-element_type=\"widget\" data-e-type=\"widget\" data-widget_type=\"spacer.default\">\n\t\t\t\t<div class=\"elementor-widget-container\">\n\t\t\t\t\t\t\t<div class=\"elementor-spacer\">\n\t\t\t<div class=\"elementor-spacer-inner\"><\/div>\n\t\t<\/div>\n\t\t\t\t\t\t<\/div>\n\t\t\t\t<\/div>\n\t\t\t\t\t<\/div>\n\t\t<\/div>\n\t\t\t\t\t<\/div>\n\t\t<\/section>\n\t\t\t\t<section class=\"elementor-section elementor-top-section elementor-element elementor-element-d5c1af5 elementor-section-full_width elementor-section-height-default elementor-section-height-default\" data-id=\"d5c1af5\" data-element_type=\"section\" data-e-type=\"section\">\n\t\t\t\t\t\t<div class=\"elementor-container elementor-column-gap-default\">\n\t\t\t\t\t<div class=\"elementor-column elementor-col-33 elementor-top-column elementor-element elementor-element-3bcbdb9\" data-id=\"3bcbdb9\" data-element_type=\"column\" data-e-type=\"column\">\n\t\t\t<div class=\"elementor-widget-wrap elementor-element-populated\">\n\t\t\t\t\t\t<div class=\"elementor-element elementor-element-f00f71a elementor-widget elementor-widget-spacer\" data-id=\"f00f71a\" data-element_type=\"widget\" data-e-type=\"widget\" data-widget_type=\"spacer.default\">\n\t\t\t\t<div class=\"elementor-widget-container\">\n\t\t\t\t\t\t\t<div class=\"elementor-spacer\">\n\t\t\t<div class=\"elementor-spacer-inner\"><\/div>\n\t\t<\/div>\n\t\t\t\t\t\t<\/div>\n\t\t\t\t<\/div>\n\t\t\t\t<div class=\"elementor-element elementor-element-0654449 elementor-widget elementor-widget-image\" data-id=\"0654449\" data-element_type=\"widget\" data-e-type=\"widget\" data-widget_type=\"image.default\">\n\t\t\t\t<div class=\"elementor-widget-container\">\n\t\t\t\t\t\t\t\t\t\t\t\t\t\t\t<img loading=\"lazy\" decoding=\"async\" width=\"96\" height=\"96\" src=\"https:\/\/www.selmar.cl\/wp-content\/uploads\/2022\/03\/quick-and-easy-installation_l.png\" class=\"attachment-full size-full wp-image-5870\" alt=\"\" srcset=\"https:\/\/www.selmar.cl\/wp-content\/uploads\/2022\/03\/quick-and-easy-installation_l.png 96w, https:\/\/www.selmar.cl\/wp-content\/uploads\/2022\/03\/quick-and-easy-installation_l-12x12.png 12w, https:\/\/www.selmar.cl\/wp-content\/uploads\/2022\/03\/quick-and-easy-installation_l-30x30.png 30w\" sizes=\"(max-width: 96px) 100vw, 96px\" \/>\t\t\t\t\t\t\t\t\t\t\t\t\t\t\t<\/div>\n\t\t\t\t<\/div>\n\t\t\t\t<div class=\"elementor-element elementor-element-3cc7924 elementor-widget elementor-widget-heading\" data-id=\"3cc7924\" data-element_type=\"widget\" data-e-type=\"widget\" data-widget_type=\"heading.default\">\n\t\t\t\t<div class=\"elementor-widget-container\">\n\t\t\t\t\t<h3 class=\"elementor-heading-title elementor-size-default\">Instalaci\u00f3n r\u00e1pida y f\u00e1cil<\/h3>\t\t\t\t<\/div>\n\t\t\t\t<\/div>\n\t\t\t\t<div class=\"elementor-element elementor-element-df632c1 elementor-widget elementor-widget-text-editor\" data-id=\"df632c1\" data-element_type=\"widget\" data-e-type=\"widget\" data-widget_type=\"text-editor.default\">\n\t\t\t\t<div class=\"elementor-widget-container\">\n\t\t\t\t\t\t\t\t\t<p>Dise\u00f1o compacto y liviano para una instalaci\u00f3n simple y r\u00e1pida<\/p><ul><li>Cable coaxial de un solo terminal<\/li><li>No se requiere calibraci\u00f3n de RF<\/li><li>Software familiar de gesti\u00f3n Aptus Web GUI<\/li><li>Actualizaci\u00f3n r\u00e1pida de firmware<\/li><li>API web y REST<\/li><li>Servidor web accesible a trav\u00e9s de conexi\u00f3n Wi-Fi<\/li><\/ul>\t\t\t\t\t\t\t\t<\/div>\n\t\t\t\t<\/div>\n\t\t\t\t\t<\/div>\n\t\t<\/div>\n\t\t\t\t<div class=\"elementor-column elementor-col-33 elementor-top-column elementor-element elementor-element-0ad0b9f\" data-id=\"0ad0b9f\" data-element_type=\"column\" data-e-type=\"column\">\n\t\t\t<div class=\"elementor-widget-wrap\">\n\t\t\t\t\t\t\t<\/div>\n\t\t<\/div>\n\t\t\t\t<div class=\"elementor-column elementor-col-33 elementor-top-column elementor-element elementor-element-2ce8b1d\" data-id=\"2ce8b1d\" data-element_type=\"column\" data-e-type=\"column\">\n\t\t\t<div class=\"elementor-widget-wrap elementor-element-populated\">\n\t\t\t\t\t\t<div class=\"elementor-element elementor-element-cf0bb24 elementor-widget elementor-widget-image\" data-id=\"cf0bb24\" data-element_type=\"widget\" data-e-type=\"widget\" data-widget_type=\"image.default\">\n\t\t\t\t<div class=\"elementor-widget-container\">\n\t\t\t\t\t\t\t\t\t\t\t\t\t\t\t<img loading=\"lazy\" decoding=\"async\" width=\"672\" height=\"510\" src=\"https:\/\/www.selmar.cl\/wp-content\/uploads\/2022\/03\/simple-and-easy-installation-l-band-antenna.png\" class=\"attachment-full size-full wp-image-5869\" alt=\"\" srcset=\"https:\/\/www.selmar.cl\/wp-content\/uploads\/2022\/03\/simple-and-easy-installation-l-band-antenna.png 672w, https:\/\/www.selmar.cl\/wp-content\/uploads\/2022\/03\/simple-and-easy-installation-l-band-antenna-450x342.png 450w, https:\/\/www.selmar.cl\/wp-content\/uploads\/2022\/03\/simple-and-easy-installation-l-band-antenna-600x455.png 600w, https:\/\/www.selmar.cl\/wp-content\/uploads\/2022\/03\/simple-and-easy-installation-l-band-antenna-300x228.png 300w, https:\/\/www.selmar.cl\/wp-content\/uploads\/2022\/03\/simple-and-easy-installation-l-band-antenna-16x12.png 16w, https:\/\/www.selmar.cl\/wp-content\/uploads\/2022\/03\/simple-and-easy-installation-l-band-antenna-40x30.png 40w, https:\/\/www.selmar.cl\/wp-content\/uploads\/2022\/03\/simple-and-easy-installation-l-band-antenna-660x501.png 660w\" sizes=\"(max-width: 672px) 100vw, 672px\" \/>\t\t\t\t\t\t\t\t\t\t\t\t\t\t\t<\/div>\n\t\t\t\t<\/div>\n\t\t\t\t\t<\/div>\n\t\t<\/div>\n\t\t\t\t\t<\/div>\n\t\t<\/section>\n\t\t\t\t<\/div>","protected":false},"excerpt":{"rendered":"<p>Intellian Fleet One es una terminal mar\u00edtima dise\u00f1ada para la red ELERA de banda L de Inmarsat, que permite conectividad simult\u00e1nea de voz y datos de hasta 150Kbps. Intellian Fleet One garantiza una conectividad resistente y confiable en el mar.<\/p>","protected":false},"featured_media":5848,"comment_status":"open","ping_status":"closed","template":"","meta":[],"product_brand":[],"product_cat":[147,148,215],"product_tag":[],"class_list":{"0":"post-5847","1":"product","2":"type-product","3":"status-publish","4":"has-post-thumbnail","6":"product_cat-comunicacion","7":"product_cat-satelital","8":"product_cat-fleet-one","9":"yith_product_brand-intellian","11":"first","12":"instock","13":"taxable","14":"shipping-taxable","15":"product-type-simple"},"_links":{"self":[{"href":"https:\/\/www.selmar.cl\/en\/wp-json\/wp\/v2\/product\/5847","targetHints":{"allow":["GET"]}}],"collection":[{"href":"https:\/\/www.selmar.cl\/en\/wp-json\/wp\/v2\/product"}],"about":[{"href":"https:\/\/www.selmar.cl\/en\/wp-json\/wp\/v2\/types\/product"}],"replies":[{"embeddable":true,"href":"https:\/\/www.selmar.cl\/en\/wp-json\/wp\/v2\/comments?post=5847"}],"version-history":[{"count":13,"href":"https:\/\/www.selmar.cl\/en\/wp-json\/wp\/v2\/product\/5847\/revisions"}],"predecessor-version":[{"id":5873,"href":"https:\/\/www.selmar.cl\/en\/wp-json\/wp\/v2\/product\/5847\/revisions\/5873"}],"wp:featuredmedia":[{"embeddable":true,"href":"https:\/\/www.selmar.cl\/en\/wp-json\/wp\/v2\/media\/5848"}],"wp:attachment":[{"href":"https:\/\/www.selmar.cl\/en\/wp-json\/wp\/v2\/media?parent=5847"}],"wp:term":[{"taxonomy":"product_brand","embeddable":true,"href":"https:\/\/www.selmar.cl\/en\/wp-json\/wp\/v2\/product_brand?post=5847"},{"taxonomy":"product_cat","embeddable":true,"href":"https:\/\/www.selmar.cl\/en\/wp-json\/wp\/v2\/product_cat?post=5847"},{"taxonomy":"product_tag","embeddable":true,"href":"https:\/\/www.selmar.cl\/en\/wp-json\/wp\/v2\/product_tag?post=5847"}],"curies":[{"name":"wp","href":"https:\/\/api.w.org\/{rel}","templated":true}]}}