{"id":5783,"date":"2022-03-31T18:14:43","date_gmt":"2022-03-31T21:14:43","guid":{"rendered":"https:\/\/www.selmar.cl\/?post_type=product&#038;p=5783"},"modified":"2022-03-31T18:25:01","modified_gmt":"2022-03-31T21:25:01","slug":"intellian-v60ka-2","status":"publish","type":"product","link":"https:\/\/www.selmar.cl\/en\/tienda\/comunicacion\/satelital\/vsat\/intellian-v60ka-2\/","title":{"rendered":"INTELLIAN V60KA 2"},"content":{"rendered":"<div data-elementor-type=\"wp-post\" data-elementor-id=\"5783\" class=\"elementor elementor-5783\">\n\t\t\t\t\t\t<section class=\"elementor-section elementor-top-section elementor-element elementor-element-41349b9 elementor-section-full_width elementor-section-height-default elementor-section-height-default\" data-id=\"41349b9\" data-element_type=\"section\" data-e-type=\"section\">\n\t\t\t\t\t\t<div class=\"elementor-container elementor-column-gap-default\">\n\t\t\t\t\t<div class=\"elementor-column elementor-col-33 elementor-top-column elementor-element elementor-element-e7659ed\" data-id=\"e7659ed\" data-element_type=\"column\" data-e-type=\"column\">\n\t\t\t<div class=\"elementor-widget-wrap elementor-element-populated\">\n\t\t\t\t\t\t<div class=\"elementor-element elementor-element-32f72f1 elementor-widget elementor-widget-heading\" data-id=\"32f72f1\" data-element_type=\"widget\" data-e-type=\"widget\" data-widget_type=\"heading.default\">\n\t\t\t\t<div class=\"elementor-widget-container\">\n\t\t\t\t\t<h2 class=\"elementor-heading-title elementor-size-default\">Caracter\u00edsticas Principales<\/h2>\t\t\t\t<\/div>\n\t\t\t\t<\/div>\n\t\t\t\t\t<\/div>\n\t\t<\/div>\n\t\t\t\t<div class=\"elementor-column elementor-col-33 elementor-top-column elementor-element elementor-element-dcd746f\" data-id=\"dcd746f\" data-element_type=\"column\" data-e-type=\"column\">\n\t\t\t<div class=\"elementor-widget-wrap elementor-element-populated\">\n\t\t\t\t\t\t<div class=\"elementor-element elementor-element-d8f0c94 elementor-widget elementor-widget-image\" data-id=\"d8f0c94\" data-element_type=\"widget\" data-e-type=\"widget\" data-widget_type=\"image.default\">\n\t\t\t\t<div class=\"elementor-widget-container\">\n\t\t\t\t\t\t\t\t\t\t\t\t\t\t\t<img decoding=\"async\" width=\"100\" height=\"60\" src=\"https:\/\/www.selmar.cl\/wp-content\/uploads\/2022\/03\/light-weight_s.png\" class=\"attachment-full size-full wp-image-5789\" alt=\"\" srcset=\"https:\/\/www.selmar.cl\/wp-content\/uploads\/2022\/03\/light-weight_s.png 100w, https:\/\/www.selmar.cl\/wp-content\/uploads\/2022\/03\/light-weight_s-18x12.png 18w, https:\/\/www.selmar.cl\/wp-content\/uploads\/2022\/03\/light-weight_s-50x30.png 50w\" sizes=\"(max-width: 100px) 100vw, 100px\" \/>\t\t\t\t\t\t\t\t\t\t\t\t\t\t\t<\/div>\n\t\t\t\t<\/div>\n\t\t\t\t<div class=\"elementor-element elementor-element-3b70bde elementor-widget elementor-widget-heading\" data-id=\"3b70bde\" data-element_type=\"widget\" data-e-type=\"widget\" data-widget_type=\"heading.default\">\n\t\t\t\t<div class=\"elementor-widget-container\">\n\t\t\t\t\t<h3 class=\"elementor-heading-title elementor-size-default\">Compacto y Liviano<\/h3>\t\t\t\t<\/div>\n\t\t\t\t<\/div>\n\t\t\t\t<div class=\"elementor-element elementor-element-f5c7174 elementor-widget elementor-widget-text-editor\" data-id=\"f5c7174\" data-element_type=\"widget\" data-e-type=\"widget\" data-widget_type=\"text-editor.default\">\n\t\t\t\t<div class=\"elementor-widget-container\">\n\t\t\t\t\t\t\t\t\t<p>Reduce los costos de flete e instalaci\u00f3n, lo que reduce el costo total de propiedad<\/p>\t\t\t\t\t\t\t\t<\/div>\n\t\t\t\t<\/div>\n\t\t\t\t\t<\/div>\n\t\t<\/div>\n\t\t\t\t<div class=\"elementor-column elementor-col-33 elementor-top-column elementor-element elementor-element-031d967\" data-id=\"031d967\" data-element_type=\"column\" data-e-type=\"column\">\n\t\t\t<div class=\"elementor-widget-wrap elementor-element-populated\">\n\t\t\t\t\t\t<div class=\"elementor-element elementor-element-074a5b0 elementor-widget elementor-widget-image\" data-id=\"074a5b0\" data-element_type=\"widget\" data-e-type=\"widget\" data-widget_type=\"image.default\">\n\t\t\t\t<div class=\"elementor-widget-container\">\n\t\t\t\t\t\t\t\t\t\t\t\t\t\t\t<img decoding=\"async\" width=\"100\" height=\"60\" src=\"https:\/\/www.selmar.cl\/wp-content\/uploads\/2022\/03\/quick-and-easy-installation_60-px.png\" class=\"attachment-full size-full wp-image-5747\" alt=\"\" srcset=\"https:\/\/www.selmar.cl\/wp-content\/uploads\/2022\/03\/quick-and-easy-installation_60-px.png 100w, https:\/\/www.selmar.cl\/wp-content\/uploads\/2022\/03\/quick-and-easy-installation_60-px-18x12.png 18w, https:\/\/www.selmar.cl\/wp-content\/uploads\/2022\/03\/quick-and-easy-installation_60-px-50x30.png 50w\" sizes=\"(max-width: 100px) 100vw, 100px\" \/>\t\t\t\t\t\t\t\t\t\t\t\t\t\t\t<\/div>\n\t\t\t\t<\/div>\n\t\t\t\t<div class=\"elementor-element elementor-element-ceda30b elementor-widget elementor-widget-heading\" data-id=\"ceda30b\" data-element_type=\"widget\" data-e-type=\"widget\" data-widget_type=\"heading.default\">\n\t\t\t\t<div class=\"elementor-widget-container\">\n\t\t\t\t\t<h3 class=\"elementor-heading-title elementor-size-default\">Instalaci\u00f3n r\u00e1pida y f\u00e1cil\n<\/h3>\t\t\t\t<\/div>\n\t\t\t\t<\/div>\n\t\t\t\t<div class=\"elementor-element elementor-element-d5950a4 elementor-widget elementor-widget-text-editor\" data-id=\"d5950a4\" data-element_type=\"widget\" data-e-type=\"widget\" data-widget_type=\"text-editor.default\">\n\t\t\t\t<div class=\"elementor-widget-container\">\n\t\t\t\t\t\t\t\t\t<p>Un solo cable coaxial se conecta externamente, por lo que no es necesario acceder al interior del radomo.<\/p>\t\t\t\t\t\t\t\t<\/div>\n\t\t\t\t<\/div>\n\t\t\t\t\t<\/div>\n\t\t<\/div>\n\t\t\t\t\t<\/div>\n\t\t<\/section>\n\t\t\t\t<section class=\"elementor-section elementor-top-section elementor-element elementor-element-71a5916 elementor-section-boxed elementor-section-height-default elementor-section-height-default\" data-id=\"71a5916\" data-element_type=\"section\" data-e-type=\"section\">\n\t\t\t\t\t\t<div class=\"elementor-container elementor-column-gap-default\">\n\t\t\t\t\t<div class=\"elementor-column elementor-col-100 elementor-top-column elementor-element elementor-element-f42d577\" data-id=\"f42d577\" data-element_type=\"column\" data-e-type=\"column\">\n\t\t\t<div class=\"elementor-widget-wrap elementor-element-populated\">\n\t\t\t\t\t\t<div class=\"elementor-element elementor-element-a9d13e4 elementor-widget elementor-widget-spacer\" data-id=\"a9d13e4\" data-element_type=\"widget\" data-e-type=\"widget\" data-widget_type=\"spacer.default\">\n\t\t\t\t<div class=\"elementor-widget-container\">\n\t\t\t\t\t\t\t<div class=\"elementor-spacer\">\n\t\t\t<div class=\"elementor-spacer-inner\"><\/div>\n\t\t<\/div>\n\t\t\t\t\t\t<\/div>\n\t\t\t\t<\/div>\n\t\t\t\t\t<\/div>\n\t\t<\/div>\n\t\t\t\t\t<\/div>\n\t\t<\/section>\n\t\t\t\t<section class=\"elementor-section elementor-top-section elementor-element elementor-element-d779c7d elementor-section-full_width elementor-section-height-default elementor-section-height-default\" data-id=\"d779c7d\" data-element_type=\"section\" data-e-type=\"section\">\n\t\t\t\t\t\t<div class=\"elementor-container elementor-column-gap-default\">\n\t\t\t\t\t<div class=\"elementor-column elementor-col-33 elementor-top-column elementor-element elementor-element-81c67e1\" data-id=\"81c67e1\" data-element_type=\"column\" data-e-type=\"column\">\n\t\t\t<div class=\"elementor-widget-wrap\">\n\t\t\t\t\t\t\t<\/div>\n\t\t<\/div>\n\t\t\t\t<div class=\"elementor-column elementor-col-33 elementor-top-column elementor-element elementor-element-da65f51\" data-id=\"da65f51\" data-element_type=\"column\" data-e-type=\"column\">\n\t\t\t<div class=\"elementor-widget-wrap elementor-element-populated\">\n\t\t\t\t\t\t<div class=\"elementor-element elementor-element-9a59f8d elementor-widget elementor-widget-image\" data-id=\"9a59f8d\" data-element_type=\"widget\" data-e-type=\"widget\" data-widget_type=\"image.default\">\n\t\t\t\t<div class=\"elementor-widget-container\">\n\t\t\t\t\t\t\t\t\t\t\t\t\t\t\t<img decoding=\"async\" width=\"100\" height=\"60\" src=\"https:\/\/www.selmar.cl\/wp-content\/uploads\/2022\/03\/aptus_s_60-px.png\" class=\"attachment-full size-full wp-image-5751\" alt=\"\" srcset=\"https:\/\/www.selmar.cl\/wp-content\/uploads\/2022\/03\/aptus_s_60-px.png 100w, https:\/\/www.selmar.cl\/wp-content\/uploads\/2022\/03\/aptus_s_60-px-18x12.png 18w, https:\/\/www.selmar.cl\/wp-content\/uploads\/2022\/03\/aptus_s_60-px-50x30.png 50w\" sizes=\"(max-width: 100px) 100vw, 100px\" \/>\t\t\t\t\t\t\t\t\t\t\t\t\t\t\t<\/div>\n\t\t\t\t<\/div>\n\t\t\t\t<div class=\"elementor-element elementor-element-c6b50ed elementor-widget elementor-widget-heading\" data-id=\"c6b50ed\" data-element_type=\"widget\" data-e-type=\"widget\" data-widget_type=\"heading.default\">\n\t\t\t\t<div class=\"elementor-widget-container\">\n\t\t\t\t\t<h3 class=\"elementor-heading-title elementor-size-default\">Plataforma de gesti\u00f3n de antenas<\/h3>\t\t\t\t<\/div>\n\t\t\t\t<\/div>\n\t\t\t\t<div class=\"elementor-element elementor-element-14c59cd elementor-widget elementor-widget-text-editor\" data-id=\"14c59cd\" data-element_type=\"widget\" data-e-type=\"widget\" data-widget_type=\"text-editor.default\">\n\t\t\t\t<div class=\"elementor-widget-container\">\n\t\t\t\t\t\t\t\t\t<p>La plataforma AptusNX integrada de Intellian proporciona una interfaz de usuario web responsiva para administrar y controlar el sistema de antena.<\/p>\t\t\t\t\t\t\t\t<\/div>\n\t\t\t\t<\/div>\n\t\t\t\t\t<\/div>\n\t\t<\/div>\n\t\t\t\t<div class=\"elementor-column elementor-col-33 elementor-top-column elementor-element elementor-element-66c13c7\" data-id=\"66c13c7\" data-element_type=\"column\" data-e-type=\"column\">\n\t\t\t<div class=\"elementor-widget-wrap elementor-element-populated\">\n\t\t\t\t\t\t<div class=\"elementor-element elementor-element-febceb7 elementor-widget elementor-widget-image\" data-id=\"febceb7\" data-element_type=\"widget\" data-e-type=\"widget\" data-widget_type=\"image.default\">\n\t\t\t\t<div class=\"elementor-widget-container\">\n\t\t\t\t\t\t\t\t\t\t\t\t\t\t\t<img loading=\"lazy\" decoding=\"async\" width=\"100\" height=\"60\" src=\"https:\/\/www.selmar.cl\/wp-content\/uploads\/2022\/03\/integrated-mediator_s-1.png\" class=\"attachment-full size-full wp-image-5793\" alt=\"\" srcset=\"https:\/\/www.selmar.cl\/wp-content\/uploads\/2022\/03\/integrated-mediator_s-1.png 100w, https:\/\/www.selmar.cl\/wp-content\/uploads\/2022\/03\/integrated-mediator_s-1-18x12.png 18w, https:\/\/www.selmar.cl\/wp-content\/uploads\/2022\/03\/integrated-mediator_s-1-50x30.png 50w\" sizes=\"(max-width: 100px) 100vw, 100px\" \/>\t\t\t\t\t\t\t\t\t\t\t\t\t\t\t<\/div>\n\t\t\t\t<\/div>\n\t\t\t\t<div class=\"elementor-element elementor-element-615050b elementor-widget elementor-widget-heading\" data-id=\"615050b\" data-element_type=\"widget\" data-e-type=\"widget\" data-widget_type=\"heading.default\">\n\t\t\t\t<div class=\"elementor-widget-container\">\n\t\t\t\t\t<h3 class=\"elementor-heading-title elementor-size-default\">El terminal de banda Ka de clase de 60 cm m\u00e1s flexible<\/h3>\t\t\t\t<\/div>\n\t\t\t\t<\/div>\n\t\t\t\t<div class=\"elementor-element elementor-element-8d7fee3 elementor-widget elementor-widget-text-editor\" data-id=\"8d7fee3\" data-element_type=\"widget\" data-e-type=\"widget\" data-widget_type=\"text-editor.default\">\n\t\t\t\t<div class=\"elementor-widget-container\">\n\t\t\t\t\t\t\t\t\t<p>El mediador de antena dual integrado es totalmente compatible con la operaci\u00f3n de antena dual sin complejidad adicional ni componentes externos.<\/p>\t\t\t\t\t\t\t\t<\/div>\n\t\t\t\t<\/div>\n\t\t\t\t\t<\/div>\n\t\t<\/div>\n\t\t\t\t\t<\/div>\n\t\t<\/section>\n\t\t\t\t<section class=\"elementor-section elementor-top-section elementor-element elementor-element-a512117 elementor-section-full_width elementor-section-height-default elementor-section-height-default\" data-id=\"a512117\" data-element_type=\"section\" data-e-type=\"section\">\n\t\t\t\t\t\t<div class=\"elementor-container elementor-column-gap-default\">\n\t\t\t\t\t<div class=\"elementor-column elementor-col-100 elementor-top-column elementor-element elementor-element-e93f414\" data-id=\"e93f414\" data-element_type=\"column\" data-e-type=\"column\">\n\t\t\t<div class=\"elementor-widget-wrap elementor-element-populated\">\n\t\t\t\t\t\t<div class=\"elementor-element elementor-element-6923796 elementor-widget elementor-widget-spacer\" data-id=\"6923796\" data-element_type=\"widget\" data-e-type=\"widget\" data-widget_type=\"spacer.default\">\n\t\t\t\t<div class=\"elementor-widget-container\">\n\t\t\t\t\t\t\t<div class=\"elementor-spacer\">\n\t\t\t<div class=\"elementor-spacer-inner\"><\/div>\n\t\t<\/div>\n\t\t\t\t\t\t<\/div>\n\t\t\t\t<\/div>\n\t\t\t\t\t<\/div>\n\t\t<\/div>\n\t\t\t\t\t<\/div>\n\t\t<\/section>\n\t\t\t\t<section class=\"elementor-section elementor-top-section elementor-element elementor-element-38463b8 elementor-section-full_width elementor-section-height-default elementor-section-height-default\" data-id=\"38463b8\" data-element_type=\"section\" data-e-type=\"section\">\n\t\t\t\t\t\t<div class=\"elementor-container elementor-column-gap-default\">\n\t\t\t\t\t<div class=\"elementor-column elementor-col-33 elementor-top-column elementor-element elementor-element-e4ea4b0\" data-id=\"e4ea4b0\" data-element_type=\"column\" data-e-type=\"column\">\n\t\t\t<div class=\"elementor-widget-wrap elementor-element-populated\">\n\t\t\t\t\t\t<div class=\"elementor-element elementor-element-ca25566 elementor-widget elementor-widget-image\" data-id=\"ca25566\" data-element_type=\"widget\" data-e-type=\"widget\" data-widget_type=\"image.default\">\n\t\t\t\t<div class=\"elementor-widget-container\">\n\t\t\t\t\t\t\t\t\t\t\t\t\t\t\t<img loading=\"lazy\" decoding=\"async\" width=\"672\" height=\"672\" src=\"https:\/\/www.selmar.cl\/wp-content\/uploads\/2022\/03\/v60e_product_detail-set.jpg\" class=\"attachment-full size-full wp-image-5770\" alt=\"\" srcset=\"https:\/\/www.selmar.cl\/wp-content\/uploads\/2022\/03\/v60e_product_detail-set.jpg 672w, https:\/\/www.selmar.cl\/wp-content\/uploads\/2022\/03\/v60e_product_detail-set-450x450.jpg 450w, https:\/\/www.selmar.cl\/wp-content\/uploads\/2022\/03\/v60e_product_detail-set-600x600.jpg 600w, https:\/\/www.selmar.cl\/wp-content\/uploads\/2022\/03\/v60e_product_detail-set-300x300.jpg 300w, https:\/\/www.selmar.cl\/wp-content\/uploads\/2022\/03\/v60e_product_detail-set-150x150.jpg 150w, https:\/\/www.selmar.cl\/wp-content\/uploads\/2022\/03\/v60e_product_detail-set-12x12.jpg 12w, https:\/\/www.selmar.cl\/wp-content\/uploads\/2022\/03\/v60e_product_detail-set-30x30.jpg 30w, https:\/\/www.selmar.cl\/wp-content\/uploads\/2022\/03\/v60e_product_detail-set-660x660.jpg 660w\" sizes=\"(max-width: 672px) 100vw, 672px\" \/>\t\t\t\t\t\t\t\t\t\t\t\t\t\t\t<\/div>\n\t\t\t\t<\/div>\n\t\t\t\t\t<\/div>\n\t\t<\/div>\n\t\t\t\t<div class=\"elementor-column elementor-col-33 elementor-top-column elementor-element elementor-element-b0826cd\" data-id=\"b0826cd\" data-element_type=\"column\" data-e-type=\"column\">\n\t\t\t<div class=\"elementor-widget-wrap\">\n\t\t\t\t\t\t\t<\/div>\n\t\t<\/div>\n\t\t\t\t<div class=\"elementor-column elementor-col-33 elementor-top-column elementor-element elementor-element-8a8233b\" data-id=\"8a8233b\" data-element_type=\"column\" data-e-type=\"column\">\n\t\t\t<div class=\"elementor-widget-wrap elementor-element-populated\">\n\t\t\t\t\t\t<div class=\"elementor-element elementor-element-8ebd435 elementor-widget elementor-widget-spacer\" data-id=\"8ebd435\" data-element_type=\"widget\" data-e-type=\"widget\" data-widget_type=\"spacer.default\">\n\t\t\t\t<div class=\"elementor-widget-container\">\n\t\t\t\t\t\t\t<div class=\"elementor-spacer\">\n\t\t\t<div class=\"elementor-spacer-inner\"><\/div>\n\t\t<\/div>\n\t\t\t\t\t\t<\/div>\n\t\t\t\t<\/div>\n\t\t\t\t<div class=\"elementor-element elementor-element-491a2bd elementor-widget elementor-widget-image\" data-id=\"491a2bd\" data-element_type=\"widget\" data-e-type=\"widget\" data-widget_type=\"image.default\">\n\t\t\t\t<div class=\"elementor-widget-container\">\n\t\t\t\t\t\t\t\t\t\t\t\t\t\t\t<img loading=\"lazy\" decoding=\"async\" width=\"150\" height=\"96\" src=\"https:\/\/www.selmar.cl\/wp-content\/uploads\/2022\/03\/compact-size_l_-96-px.png\" class=\"attachment-full size-full wp-image-5794\" alt=\"\" srcset=\"https:\/\/www.selmar.cl\/wp-content\/uploads\/2022\/03\/compact-size_l_-96-px.png 150w, https:\/\/www.selmar.cl\/wp-content\/uploads\/2022\/03\/compact-size_l_-96-px-18x12.png 18w, https:\/\/www.selmar.cl\/wp-content\/uploads\/2022\/03\/compact-size_l_-96-px-47x30.png 47w\" sizes=\"(max-width: 150px) 100vw, 150px\" \/>\t\t\t\t\t\t\t\t\t\t\t\t\t\t\t<\/div>\n\t\t\t\t<\/div>\n\t\t\t\t<div class=\"elementor-element elementor-element-b99064d elementor-widget elementor-widget-heading\" data-id=\"b99064d\" data-element_type=\"widget\" data-e-type=\"widget\" data-widget_type=\"heading.default\">\n\t\t\t\t<div class=\"elementor-widget-container\">\n\t\t\t\t\t<h3 class=\"elementor-heading-title elementor-size-default\">Compacta y ligera<\/h3>\t\t\t\t<\/div>\n\t\t\t\t<\/div>\n\t\t\t\t<div class=\"elementor-element elementor-element-d23d511 elementor-widget elementor-widget-text-editor\" data-id=\"d23d511\" data-element_type=\"widget\" data-e-type=\"widget\" data-widget_type=\"text-editor.default\">\n\t\t\t\t<div class=\"elementor-widget-container\">\n\t\t\t\t\t\t\t\t\t<ul><li>Ideal para embarcaciones m\u00e1s peque\u00f1as que tienen espacio limitado para un sistema m\u00e1s grande<\/li><li>El paquete compacto reduce los costos de flete e implementaci\u00f3n<\/li><li>Costo total de propiedad m\u00e1s bajo en general<\/li><\/ul>\t\t\t\t\t\t\t\t<\/div>\n\t\t\t\t<\/div>\n\t\t\t\t\t<\/div>\n\t\t<\/div>\n\t\t\t\t\t<\/div>\n\t\t<\/section>\n\t\t\t\t<section class=\"elementor-section elementor-top-section elementor-element elementor-element-d9da542 elementor-section-boxed elementor-section-height-default elementor-section-height-default\" data-id=\"d9da542\" data-element_type=\"section\" data-e-type=\"section\">\n\t\t\t\t\t\t<div class=\"elementor-container elementor-column-gap-default\">\n\t\t\t\t\t<div class=\"elementor-column elementor-col-100 elementor-top-column elementor-element elementor-element-1143642\" data-id=\"1143642\" data-element_type=\"column\" data-e-type=\"column\">\n\t\t\t<div class=\"elementor-widget-wrap elementor-element-populated\">\n\t\t\t\t\t\t<div class=\"elementor-element elementor-element-c890957 elementor-widget elementor-widget-spacer\" data-id=\"c890957\" data-element_type=\"widget\" data-e-type=\"widget\" data-widget_type=\"spacer.default\">\n\t\t\t\t<div class=\"elementor-widget-container\">\n\t\t\t\t\t\t\t<div class=\"elementor-spacer\">\n\t\t\t<div class=\"elementor-spacer-inner\"><\/div>\n\t\t<\/div>\n\t\t\t\t\t\t<\/div>\n\t\t\t\t<\/div>\n\t\t\t\t\t<\/div>\n\t\t<\/div>\n\t\t\t\t\t<\/div>\n\t\t<\/section>\n\t\t\t\t<section class=\"elementor-section elementor-top-section elementor-element elementor-element-d5c1af5 elementor-section-full_width elementor-section-height-default elementor-section-height-default\" data-id=\"d5c1af5\" data-element_type=\"section\" data-e-type=\"section\">\n\t\t\t\t\t\t<div class=\"elementor-container elementor-column-gap-default\">\n\t\t\t\t\t<div class=\"elementor-column elementor-col-33 elementor-top-column elementor-element elementor-element-3bcbdb9\" data-id=\"3bcbdb9\" data-element_type=\"column\" data-e-type=\"column\">\n\t\t\t<div class=\"elementor-widget-wrap elementor-element-populated\">\n\t\t\t\t\t\t<div class=\"elementor-element elementor-element-f00f71a elementor-widget elementor-widget-spacer\" data-id=\"f00f71a\" data-element_type=\"widget\" data-e-type=\"widget\" data-widget_type=\"spacer.default\">\n\t\t\t\t<div class=\"elementor-widget-container\">\n\t\t\t\t\t\t\t<div class=\"elementor-spacer\">\n\t\t\t<div class=\"elementor-spacer-inner\"><\/div>\n\t\t<\/div>\n\t\t\t\t\t\t<\/div>\n\t\t\t\t<\/div>\n\t\t\t\t<div class=\"elementor-element elementor-element-0654449 elementor-widget elementor-widget-image\" data-id=\"0654449\" data-element_type=\"widget\" data-e-type=\"widget\" data-widget_type=\"image.default\">\n\t\t\t\t<div class=\"elementor-widget-container\">\n\t\t\t\t\t\t\t\t\t\t\t\t\t\t\t<img loading=\"lazy\" decoding=\"async\" width=\"150\" height=\"96\" src=\"https:\/\/www.selmar.cl\/wp-content\/uploads\/2022\/03\/quick-and-easy-installation_96-px-1.png\" class=\"attachment-full size-full wp-image-5796\" alt=\"\" srcset=\"https:\/\/www.selmar.cl\/wp-content\/uploads\/2022\/03\/quick-and-easy-installation_96-px-1.png 150w, https:\/\/www.selmar.cl\/wp-content\/uploads\/2022\/03\/quick-and-easy-installation_96-px-1-18x12.png 18w, https:\/\/www.selmar.cl\/wp-content\/uploads\/2022\/03\/quick-and-easy-installation_96-px-1-47x30.png 47w\" sizes=\"(max-width: 150px) 100vw, 150px\" \/>\t\t\t\t\t\t\t\t\t\t\t\t\t\t\t<\/div>\n\t\t\t\t<\/div>\n\t\t\t\t<div class=\"elementor-element elementor-element-3cc7924 elementor-widget elementor-widget-heading\" data-id=\"3cc7924\" data-element_type=\"widget\" data-e-type=\"widget\" data-widget_type=\"heading.default\">\n\t\t\t\t<div class=\"elementor-widget-container\">\n\t\t\t\t\t<h3 class=\"elementor-heading-title elementor-size-default\">Instalaci\u00f3n r\u00e1pida y f\u00e1cil<\/h3>\t\t\t\t<\/div>\n\t\t\t\t<\/div>\n\t\t\t\t<div class=\"elementor-element elementor-element-df632c1 elementor-widget elementor-widget-text-editor\" data-id=\"df632c1\" data-element_type=\"widget\" data-e-type=\"widget\" data-widget_type=\"text-editor.default\">\n\t\t\t\t<div class=\"elementor-widget-container\">\n\t\t\t\t\t\t\t\t\t<ul><li>Conexi\u00f3n de un solo cable<\/li><li>Correas de elevaci\u00f3n precolgadas<\/li><li>Asistente de instalaci\u00f3n paso a paso de Aptus para guiar la instalaci\u00f3n f\u00e1cil<\/li><\/ul>\t\t\t\t\t\t\t\t<\/div>\n\t\t\t\t<\/div>\n\t\t\t\t\t<\/div>\n\t\t<\/div>\n\t\t\t\t<div class=\"elementor-column elementor-col-33 elementor-top-column elementor-element elementor-element-0ad0b9f\" data-id=\"0ad0b9f\" data-element_type=\"column\" data-e-type=\"column\">\n\t\t\t<div class=\"elementor-widget-wrap\">\n\t\t\t\t\t\t\t<\/div>\n\t\t<\/div>\n\t\t\t\t<div class=\"elementor-column elementor-col-33 elementor-top-column elementor-element elementor-element-2ce8b1d\" data-id=\"2ce8b1d\" data-element_type=\"column\" data-e-type=\"column\">\n\t\t\t<div class=\"elementor-widget-wrap elementor-element-populated\">\n\t\t\t\t\t\t<div class=\"elementor-element elementor-element-cf0bb24 elementor-widget elementor-widget-image\" data-id=\"cf0bb24\" data-element_type=\"widget\" data-e-type=\"widget\" data-widget_type=\"image.default\">\n\t\t\t\t<div class=\"elementor-widget-container\">\n\t\t\t\t\t\t\t\t\t\t\t\t\t\t\t<img loading=\"lazy\" decoding=\"async\" width=\"672\" height=\"672\" src=\"https:\/\/www.selmar.cl\/wp-content\/uploads\/2022\/03\/aptus_product_detail-set.jpg\" class=\"attachment-full size-full wp-image-5795\" alt=\"\" srcset=\"https:\/\/www.selmar.cl\/wp-content\/uploads\/2022\/03\/aptus_product_detail-set.jpg 672w, https:\/\/www.selmar.cl\/wp-content\/uploads\/2022\/03\/aptus_product_detail-set-450x450.jpg 450w, https:\/\/www.selmar.cl\/wp-content\/uploads\/2022\/03\/aptus_product_detail-set-600x600.jpg 600w, https:\/\/www.selmar.cl\/wp-content\/uploads\/2022\/03\/aptus_product_detail-set-300x300.jpg 300w, https:\/\/www.selmar.cl\/wp-content\/uploads\/2022\/03\/aptus_product_detail-set-150x150.jpg 150w, https:\/\/www.selmar.cl\/wp-content\/uploads\/2022\/03\/aptus_product_detail-set-12x12.jpg 12w, https:\/\/www.selmar.cl\/wp-content\/uploads\/2022\/03\/aptus_product_detail-set-30x30.jpg 30w, https:\/\/www.selmar.cl\/wp-content\/uploads\/2022\/03\/aptus_product_detail-set-660x660.jpg 660w\" sizes=\"(max-width: 672px) 100vw, 672px\" \/>\t\t\t\t\t\t\t\t\t\t\t\t\t\t\t<\/div>\n\t\t\t\t<\/div>\n\t\t\t\t\t<\/div>\n\t\t<\/div>\n\t\t\t\t\t<\/div>\n\t\t<\/section>\n\t\t\t\t<\/div>","protected":false},"excerpt":{"rendered":"<p>El v60Ka 2 es un sistema ligero de antena mar\u00edtima VSAT estabilizada en banda Ka con una soluci\u00f3n de un solo cable para reducir el tiempo y los costos de instalaci\u00f3n. El v60Ka 2 est\u00e1 listo para funcionar en la red Thor-7 de alto rendimiento de Telenor y garantiza un rendimiento y una fiabilidad excepcionales para las embarcaciones m\u00e1s peque\u00f1as que navegan incluso en las condiciones oce\u00e1nicas m\u00e1s exigentes.<\/p>","protected":false},"featured_media":5786,"comment_status":"open","ping_status":"closed","template":"","meta":[],"product_brand":[],"product_cat":[307,147,148],"product_tag":[],"class_list":{"0":"post-5783","1":"product","2":"type-product","3":"status-publish","4":"has-post-thumbnail","6":"product_cat-vsat","7":"product_cat-comunicacion","8":"product_cat-satelital","9":"yith_product_brand-intellian","11":"first","12":"instock","13":"taxable","14":"shipping-taxable","15":"product-type-simple"},"_links":{"self":[{"href":"https:\/\/www.selmar.cl\/en\/wp-json\/wp\/v2\/product\/5783","targetHints":{"allow":["GET"]}}],"collection":[{"href":"https:\/\/www.selmar.cl\/en\/wp-json\/wp\/v2\/product"}],"about":[{"href":"https:\/\/www.selmar.cl\/en\/wp-json\/wp\/v2\/types\/product"}],"replies":[{"embeddable":true,"href":"https:\/\/www.selmar.cl\/en\/wp-json\/wp\/v2\/comments?post=5783"}],"version-history":[{"count":8,"href":"https:\/\/www.selmar.cl\/en\/wp-json\/wp\/v2\/product\/5783\/revisions"}],"predecessor-version":[{"id":5799,"href":"https:\/\/www.selmar.cl\/en\/wp-json\/wp\/v2\/product\/5783\/revisions\/5799"}],"wp:featuredmedia":[{"embeddable":true,"href":"https:\/\/www.selmar.cl\/en\/wp-json\/wp\/v2\/media\/5786"}],"wp:attachment":[{"href":"https:\/\/www.selmar.cl\/en\/wp-json\/wp\/v2\/media?parent=5783"}],"wp:term":[{"taxonomy":"product_brand","embeddable":true,"href":"https:\/\/www.selmar.cl\/en\/wp-json\/wp\/v2\/product_brand?post=5783"},{"taxonomy":"product_cat","embeddable":true,"href":"https:\/\/www.selmar.cl\/en\/wp-json\/wp\/v2\/product_cat?post=5783"},{"taxonomy":"product_tag","embeddable":true,"href":"https:\/\/www.selmar.cl\/en\/wp-json\/wp\/v2\/product_tag?post=5783"}],"curies":[{"name":"wp","href":"https:\/\/api.w.org\/{rel}","templated":true}]}}