{"id":5559,"date":"2022-03-29T17:08:21","date_gmt":"2022-03-29T20:08:21","guid":{"rendered":"https:\/\/www.selmar.cl\/?post_type=product&#038;p=5559"},"modified":"2022-03-29T17:33:34","modified_gmt":"2022-03-29T20:33:34","slug":"intellian-v85nx","status":"publish","type":"product","link":"https:\/\/www.selmar.cl\/en\/tienda\/comunicacion\/satelital\/vsat\/intellian-v85nx\/","title":{"rendered":"INTELLIAN V85NX"},"content":{"rendered":"<div data-elementor-type=\"wp-post\" data-elementor-id=\"5559\" class=\"elementor elementor-5559\">\n\t\t\t\t\t\t<section class=\"elementor-section elementor-top-section elementor-element elementor-element-41349b9 elementor-section-full_width elementor-section-height-default elementor-section-height-default\" data-id=\"41349b9\" data-element_type=\"section\" data-e-type=\"section\">\n\t\t\t\t\t\t<div class=\"elementor-container elementor-column-gap-default\">\n\t\t\t\t\t<div class=\"elementor-column elementor-col-33 elementor-top-column elementor-element elementor-element-e7659ed\" data-id=\"e7659ed\" data-element_type=\"column\" data-e-type=\"column\">\n\t\t\t<div class=\"elementor-widget-wrap elementor-element-populated\">\n\t\t\t\t\t\t<div class=\"elementor-element elementor-element-32f72f1 elementor-widget elementor-widget-heading\" data-id=\"32f72f1\" data-element_type=\"widget\" data-e-type=\"widget\" data-widget_type=\"heading.default\">\n\t\t\t\t<div class=\"elementor-widget-container\">\n\t\t\t\t\t<h2 class=\"elementor-heading-title elementor-size-default\">Caracter\u00edsticas Principales<\/h2>\t\t\t\t<\/div>\n\t\t\t\t<\/div>\n\t\t\t\t\t<\/div>\n\t\t<\/div>\n\t\t\t\t<div class=\"elementor-column elementor-col-33 elementor-top-column elementor-element elementor-element-dcd746f\" data-id=\"dcd746f\" data-element_type=\"column\" data-e-type=\"column\">\n\t\t\t<div class=\"elementor-widget-wrap elementor-element-populated\">\n\t\t\t\t\t\t<div class=\"elementor-element elementor-element-d8f0c94 elementor-widget elementor-widget-image\" data-id=\"d8f0c94\" data-element_type=\"widget\" data-e-type=\"widget\" data-widget_type=\"image.default\">\n\t\t\t\t<div class=\"elementor-widget-container\">\n\t\t\t\t\t\t\t\t\t\t\t\t\t\t\t<img decoding=\"async\" width=\"60\" height=\"60\" src=\"https:\/\/www.selmar.cl\/wp-content\/uploads\/2022\/03\/ku-to-ka_s.png\" class=\"attachment-full size-full wp-image-5567\" alt=\"\" srcset=\"https:\/\/www.selmar.cl\/wp-content\/uploads\/2022\/03\/ku-to-ka_s.png 60w, https:\/\/www.selmar.cl\/wp-content\/uploads\/2022\/03\/ku-to-ka_s-12x12.png 12w, https:\/\/www.selmar.cl\/wp-content\/uploads\/2022\/03\/ku-to-ka_s-30x30.png 30w\" sizes=\"(max-width: 60px) 100vw, 60px\" \/>\t\t\t\t\t\t\t\t\t\t\t\t\t\t\t<\/div>\n\t\t\t\t<\/div>\n\t\t\t\t<div class=\"elementor-element elementor-element-3b70bde elementor-widget elementor-widget-heading\" data-id=\"3b70bde\" data-element_type=\"widget\" data-e-type=\"widget\" data-widget_type=\"heading.default\">\n\t\t\t\t<div class=\"elementor-widget-container\">\n\t\t\t\t\t<h3 class=\"elementor-heading-title elementor-size-default\">Conversi\u00f3n r\u00e1pida de banda Ku a banda Ka<\/h3>\t\t\t\t<\/div>\n\t\t\t\t<\/div>\n\t\t\t\t<div class=\"elementor-element elementor-element-f5c7174 elementor-widget elementor-widget-text-editor\" data-id=\"f5c7174\" data-element_type=\"widget\" data-e-type=\"widget\" data-widget_type=\"text-editor.default\">\n\t\t\t\t<div class=\"elementor-widget-container\">\n\t\t\t\t\t\t\t\t\t<p>El v85NX se puede convertir f\u00e1cilmente de la operaci\u00f3n de banda Ku a Ka cambiando el ensamblaje de RF montado en el centro.<\/p>\t\t\t\t\t\t\t\t<\/div>\n\t\t\t\t<\/div>\n\t\t\t\t\t<\/div>\n\t\t<\/div>\n\t\t\t\t<div class=\"elementor-column elementor-col-33 elementor-top-column elementor-element elementor-element-031d967\" data-id=\"031d967\" data-element_type=\"column\" data-e-type=\"column\">\n\t\t\t<div class=\"elementor-widget-wrap elementor-element-populated\">\n\t\t\t\t\t\t<div class=\"elementor-element elementor-element-074a5b0 elementor-widget elementor-widget-image\" data-id=\"074a5b0\" data-element_type=\"widget\" data-e-type=\"widget\" data-widget_type=\"image.default\">\n\t\t\t\t<div class=\"elementor-widget-container\">\n\t\t\t\t\t\t\t\t\t\t\t\t\t\t\t<img decoding=\"async\" width=\"60\" height=\"60\" src=\"https:\/\/www.selmar.cl\/wp-content\/uploads\/2022\/03\/rf_s.png\" class=\"attachment-full size-full wp-image-5571\" alt=\"\" srcset=\"https:\/\/www.selmar.cl\/wp-content\/uploads\/2022\/03\/rf_s.png 60w, https:\/\/www.selmar.cl\/wp-content\/uploads\/2022\/03\/rf_s-12x12.png 12w, https:\/\/www.selmar.cl\/wp-content\/uploads\/2022\/03\/rf_s-30x30.png 30w\" sizes=\"(max-width: 60px) 100vw, 60px\" \/>\t\t\t\t\t\t\t\t\t\t\t\t\t\t\t<\/div>\n\t\t\t\t<\/div>\n\t\t\t\t<div class=\"elementor-element elementor-element-ceda30b elementor-widget elementor-widget-heading\" data-id=\"ceda30b\" data-element_type=\"widget\" data-e-type=\"widget\" data-widget_type=\"heading.default\">\n\t\t\t\t<div class=\"elementor-widget-container\">\n\t\t\t\t\t<h3 class=\"elementor-heading-title elementor-size-default\">Mayor rendimiento de RF<\/h3>\t\t\t\t<\/div>\n\t\t\t\t<\/div>\n\t\t\t\t<div class=\"elementor-element elementor-element-d5950a4 elementor-widget elementor-widget-text-editor\" data-id=\"d5950a4\" data-element_type=\"widget\" data-e-type=\"widget\" data-widget_type=\"text-editor.default\">\n\t\t\t\t<div class=\"elementor-widget-container\">\n\t\t\t\t\t\t\t\t\t<p>El sistema viene est\u00e1ndar con BUC de 8W y se puede actualizar para operar con BUC de 16W o 25W.<\/p>\t\t\t\t\t\t\t\t<\/div>\n\t\t\t\t<\/div>\n\t\t\t\t\t<\/div>\n\t\t<\/div>\n\t\t\t\t\t<\/div>\n\t\t<\/section>\n\t\t\t\t<section class=\"elementor-section elementor-top-section elementor-element elementor-element-d779c7d elementor-section-full_width elementor-section-height-default elementor-section-height-default\" data-id=\"d779c7d\" data-element_type=\"section\" data-e-type=\"section\">\n\t\t\t\t\t\t<div class=\"elementor-container elementor-column-gap-default\">\n\t\t\t\t\t<div class=\"elementor-column elementor-col-33 elementor-top-column elementor-element elementor-element-81c67e1\" data-id=\"81c67e1\" data-element_type=\"column\" data-e-type=\"column\">\n\t\t\t<div class=\"elementor-widget-wrap\">\n\t\t\t\t\t\t\t<\/div>\n\t\t<\/div>\n\t\t\t\t<div class=\"elementor-column elementor-col-33 elementor-top-column elementor-element elementor-element-da65f51\" data-id=\"da65f51\" data-element_type=\"column\" data-e-type=\"column\">\n\t\t\t<div class=\"elementor-widget-wrap elementor-element-populated\">\n\t\t\t\t\t\t<div class=\"elementor-element elementor-element-9a59f8d elementor-widget elementor-widget-image\" data-id=\"9a59f8d\" data-element_type=\"widget\" data-e-type=\"widget\" data-widget_type=\"image.default\">\n\t\t\t\t<div class=\"elementor-widget-container\">\n\t\t\t\t\t\t\t\t\t\t\t\t\t\t\t<img decoding=\"async\" width=\"81\" height=\"56\" src=\"https:\/\/www.selmar.cl\/wp-content\/uploads\/2022\/03\/rapid-deployment.png\" class=\"attachment-full size-full wp-image-5575\" alt=\"\" srcset=\"https:\/\/www.selmar.cl\/wp-content\/uploads\/2022\/03\/rapid-deployment.png 81w, https:\/\/www.selmar.cl\/wp-content\/uploads\/2022\/03\/rapid-deployment-18x12.png 18w, https:\/\/www.selmar.cl\/wp-content\/uploads\/2022\/03\/rapid-deployment-43x30.png 43w\" sizes=\"(max-width: 81px) 100vw, 81px\" \/>\t\t\t\t\t\t\t\t\t\t\t\t\t\t\t<\/div>\n\t\t\t\t<\/div>\n\t\t\t\t<div class=\"elementor-element elementor-element-c6b50ed elementor-widget elementor-widget-heading\" data-id=\"c6b50ed\" data-element_type=\"widget\" data-e-type=\"widget\" data-widget_type=\"heading.default\">\n\t\t\t\t<div class=\"elementor-widget-container\">\n\t\t\t\t\t<h3 class=\"elementor-heading-title elementor-size-default\">Implementaci\u00f3n r\u00e1pida y sencilla<\/h3>\t\t\t\t<\/div>\n\t\t\t\t<\/div>\n\t\t\t\t<div class=\"elementor-element elementor-element-14c59cd elementor-widget elementor-widget-text-editor\" data-id=\"14c59cd\" data-element_type=\"widget\" data-e-type=\"widget\" data-widget_type=\"text-editor.default\">\n\t\t\t\t<div class=\"elementor-widget-container\">\n\t\t\t\t\t\t\t\t\t<p>El dise\u00f1o de un solo cable y sin soportes de env\u00edo internos reducen el tiempo y el costo de instalaci\u00f3n.<\/p>\t\t\t\t\t\t\t\t<\/div>\n\t\t\t\t<\/div>\n\t\t\t\t\t<\/div>\n\t\t<\/div>\n\t\t\t\t<div class=\"elementor-column elementor-col-33 elementor-top-column elementor-element elementor-element-66c13c7\" data-id=\"66c13c7\" data-element_type=\"column\" data-e-type=\"column\">\n\t\t\t<div class=\"elementor-widget-wrap elementor-element-populated\">\n\t\t\t\t\t\t<div class=\"elementor-element elementor-element-febceb7 elementor-widget elementor-widget-image\" data-id=\"febceb7\" data-element_type=\"widget\" data-e-type=\"widget\" data-widget_type=\"image.default\">\n\t\t\t\t<div class=\"elementor-widget-container\">\n\t\t\t\t\t\t\t\t\t\t\t\t\t\t\t<img loading=\"lazy\" decoding=\"async\" width=\"100\" height=\"60\" src=\"https:\/\/www.selmar.cl\/wp-content\/uploads\/2022\/03\/integrated-mediator_s.png\" class=\"attachment-full size-full wp-image-5576\" alt=\"\" srcset=\"https:\/\/www.selmar.cl\/wp-content\/uploads\/2022\/03\/integrated-mediator_s.png 100w, https:\/\/www.selmar.cl\/wp-content\/uploads\/2022\/03\/integrated-mediator_s-18x12.png 18w, https:\/\/www.selmar.cl\/wp-content\/uploads\/2022\/03\/integrated-mediator_s-50x30.png 50w\" sizes=\"(max-width: 100px) 100vw, 100px\" \/>\t\t\t\t\t\t\t\t\t\t\t\t\t\t\t<\/div>\n\t\t\t\t<\/div>\n\t\t\t\t<div class=\"elementor-element elementor-element-615050b elementor-widget elementor-widget-heading\" data-id=\"615050b\" data-element_type=\"widget\" data-e-type=\"widget\" data-widget_type=\"heading.default\">\n\t\t\t\t<div class=\"elementor-widget-container\">\n\t\t\t\t\t<h3 class=\"elementor-heading-title elementor-size-default\">Mediador de antena doble integrado<\/h3>\t\t\t\t<\/div>\n\t\t\t\t<\/div>\n\t\t\t\t<div class=\"elementor-element elementor-element-8d7fee3 elementor-widget elementor-widget-text-editor\" data-id=\"8d7fee3\" data-element_type=\"widget\" data-e-type=\"widget\" data-widget_type=\"text-editor.default\">\n\t\t\t\t<div class=\"elementor-widget-container\">\n\t\t\t\t\t\t\t\t\t<p>La serie NX de Intellian es totalmente compatible con las operaciones de antena dual, sin un mediador adicional o divisores de RF.<\/p>\t\t\t\t\t\t\t\t<\/div>\n\t\t\t\t<\/div>\n\t\t\t\t\t<\/div>\n\t\t<\/div>\n\t\t\t\t\t<\/div>\n\t\t<\/section>\n\t\t\t\t<section class=\"elementor-section elementor-top-section elementor-element elementor-element-a512117 elementor-section-full_width elementor-section-height-default elementor-section-height-default\" data-id=\"a512117\" data-element_type=\"section\" data-e-type=\"section\">\n\t\t\t\t\t\t<div class=\"elementor-container elementor-column-gap-default\">\n\t\t\t\t\t<div class=\"elementor-column elementor-col-100 elementor-top-column elementor-element elementor-element-e93f414\" data-id=\"e93f414\" data-element_type=\"column\" data-e-type=\"column\">\n\t\t\t<div class=\"elementor-widget-wrap elementor-element-populated\">\n\t\t\t\t\t\t<div class=\"elementor-element elementor-element-6923796 elementor-widget elementor-widget-spacer\" data-id=\"6923796\" data-element_type=\"widget\" data-e-type=\"widget\" data-widget_type=\"spacer.default\">\n\t\t\t\t<div class=\"elementor-widget-container\">\n\t\t\t\t\t\t\t<div class=\"elementor-spacer\">\n\t\t\t<div class=\"elementor-spacer-inner\"><\/div>\n\t\t<\/div>\n\t\t\t\t\t\t<\/div>\n\t\t\t\t<\/div>\n\t\t\t\t\t<\/div>\n\t\t<\/div>\n\t\t\t\t\t<\/div>\n\t\t<\/section>\n\t\t\t\t<section class=\"elementor-section elementor-top-section elementor-element elementor-element-38463b8 elementor-section-full_width elementor-section-height-default elementor-section-height-default\" data-id=\"38463b8\" data-element_type=\"section\" data-e-type=\"section\">\n\t\t\t\t\t\t<div class=\"elementor-container elementor-column-gap-default\">\n\t\t\t\t\t<div class=\"elementor-column elementor-col-33 elementor-top-column elementor-element elementor-element-e4ea4b0\" data-id=\"e4ea4b0\" data-element_type=\"column\" data-e-type=\"column\">\n\t\t\t<div class=\"elementor-widget-wrap elementor-element-populated\">\n\t\t\t\t\t\t<div class=\"elementor-element elementor-element-ca25566 elementor-widget elementor-widget-image\" data-id=\"ca25566\" data-element_type=\"widget\" data-e-type=\"widget\" data-widget_type=\"image.default\">\n\t\t\t\t<div class=\"elementor-widget-container\">\n\t\t\t\t\t\t\t\t\t\t\t\t\t\t\t<img loading=\"lazy\" decoding=\"async\" width=\"672\" height=\"672\" src=\"https:\/\/www.selmar.cl\/wp-content\/uploads\/2022\/03\/v85nx_product_detail_cut_feed-horn.jpg\" class=\"attachment-full size-full wp-image-5581\" alt=\"\" srcset=\"https:\/\/www.selmar.cl\/wp-content\/uploads\/2022\/03\/v85nx_product_detail_cut_feed-horn.jpg 672w, https:\/\/www.selmar.cl\/wp-content\/uploads\/2022\/03\/v85nx_product_detail_cut_feed-horn-300x300.jpg 300w, https:\/\/www.selmar.cl\/wp-content\/uploads\/2022\/03\/v85nx_product_detail_cut_feed-horn-150x150.jpg 150w, https:\/\/www.selmar.cl\/wp-content\/uploads\/2022\/03\/v85nx_product_detail_cut_feed-horn-12x12.jpg 12w, https:\/\/www.selmar.cl\/wp-content\/uploads\/2022\/03\/v85nx_product_detail_cut_feed-horn-30x30.jpg 30w, https:\/\/www.selmar.cl\/wp-content\/uploads\/2022\/03\/v85nx_product_detail_cut_feed-horn-660x660.jpg 660w\" sizes=\"(max-width: 672px) 100vw, 672px\" \/>\t\t\t\t\t\t\t\t\t\t\t\t\t\t\t<\/div>\n\t\t\t\t<\/div>\n\t\t\t\t\t<\/div>\n\t\t<\/div>\n\t\t\t\t<div class=\"elementor-column elementor-col-33 elementor-top-column elementor-element elementor-element-b0826cd\" data-id=\"b0826cd\" data-element_type=\"column\" data-e-type=\"column\">\n\t\t\t<div class=\"elementor-widget-wrap\">\n\t\t\t\t\t\t\t<\/div>\n\t\t<\/div>\n\t\t\t\t<div class=\"elementor-column elementor-col-33 elementor-top-column elementor-element elementor-element-8a8233b\" data-id=\"8a8233b\" data-element_type=\"column\" data-e-type=\"column\">\n\t\t\t<div class=\"elementor-widget-wrap elementor-element-populated\">\n\t\t\t\t\t\t<div class=\"elementor-element elementor-element-8ebd435 elementor-widget elementor-widget-spacer\" data-id=\"8ebd435\" data-element_type=\"widget\" data-e-type=\"widget\" data-widget_type=\"spacer.default\">\n\t\t\t\t<div class=\"elementor-widget-container\">\n\t\t\t\t\t\t\t<div class=\"elementor-spacer\">\n\t\t\t<div class=\"elementor-spacer-inner\"><\/div>\n\t\t<\/div>\n\t\t\t\t\t\t<\/div>\n\t\t\t\t<\/div>\n\t\t\t\t<div class=\"elementor-element elementor-element-3356210 elementor-widget elementor-widget-image\" data-id=\"3356210\" data-element_type=\"widget\" data-e-type=\"widget\" data-widget_type=\"image.default\">\n\t\t\t\t<div class=\"elementor-widget-container\">\n\t\t\t\t\t\t\t\t\t\t\t\t\t\t\t<img loading=\"lazy\" decoding=\"async\" width=\"96\" height=\"96\" src=\"https:\/\/www.selmar.cl\/wp-content\/uploads\/2022\/03\/future-proof_l.png\" class=\"attachment-full size-full wp-image-5582\" alt=\"\" srcset=\"https:\/\/www.selmar.cl\/wp-content\/uploads\/2022\/03\/future-proof_l.png 96w, https:\/\/www.selmar.cl\/wp-content\/uploads\/2022\/03\/future-proof_l-12x12.png 12w, https:\/\/www.selmar.cl\/wp-content\/uploads\/2022\/03\/future-proof_l-30x30.png 30w\" sizes=\"(max-width: 96px) 100vw, 96px\" \/>\t\t\t\t\t\t\t\t\t\t\t\t\t\t\t<\/div>\n\t\t\t\t<\/div>\n\t\t\t\t<div class=\"elementor-element elementor-element-b99064d elementor-widget elementor-widget-heading\" data-id=\"b99064d\" data-element_type=\"widget\" data-e-type=\"widget\" data-widget_type=\"heading.default\">\n\t\t\t\t<div class=\"elementor-widget-container\">\n\t\t\t\t\t<h3 class=\"elementor-heading-title elementor-size-default\">Sistema Preparado para el Futuro<\/h3>\t\t\t\t<\/div>\n\t\t\t\t<\/div>\n\t\t\t\t<div class=\"elementor-element elementor-element-d23d511 elementor-widget elementor-widget-text-editor\" data-id=\"d23d511\" data-element_type=\"widget\" data-e-type=\"widget\" data-widget_type=\"text-editor.default\">\n\t\t\t\t<div class=\"elementor-widget-container\">\n\t\t\t\t\t\t\t\t\t<ul><li>Hardware dise\u00f1ado para rastrear sat\u00e9lites NGSO<\/li><li>No se necesita un mediador adicional para rastrear sat\u00e9lites NGSO<\/li><li>Convertible de banda Ku a Ka<\/li><li>Preparado para reflector y radomo de banda ancha Ka de 2,5 GHz<\/li><\/ul>\t\t\t\t\t\t\t\t<\/div>\n\t\t\t\t<\/div>\n\t\t\t\t\t<\/div>\n\t\t<\/div>\n\t\t\t\t\t<\/div>\n\t\t<\/section>\n\t\t\t\t<section class=\"elementor-section elementor-top-section elementor-element elementor-element-d9da542 elementor-section-boxed elementor-section-height-default elementor-section-height-default\" data-id=\"d9da542\" data-element_type=\"section\" data-e-type=\"section\">\n\t\t\t\t\t\t<div class=\"elementor-container elementor-column-gap-default\">\n\t\t\t\t\t<div class=\"elementor-column elementor-col-100 elementor-top-column elementor-element elementor-element-1143642\" data-id=\"1143642\" data-element_type=\"column\" data-e-type=\"column\">\n\t\t\t<div class=\"elementor-widget-wrap elementor-element-populated\">\n\t\t\t\t\t\t<div class=\"elementor-element elementor-element-c890957 elementor-widget elementor-widget-spacer\" data-id=\"c890957\" data-element_type=\"widget\" data-e-type=\"widget\" data-widget_type=\"spacer.default\">\n\t\t\t\t<div class=\"elementor-widget-container\">\n\t\t\t\t\t\t\t<div class=\"elementor-spacer\">\n\t\t\t<div class=\"elementor-spacer-inner\"><\/div>\n\t\t<\/div>\n\t\t\t\t\t\t<\/div>\n\t\t\t\t<\/div>\n\t\t\t\t\t<\/div>\n\t\t<\/div>\n\t\t\t\t\t<\/div>\n\t\t<\/section>\n\t\t\t\t<section class=\"elementor-section elementor-top-section elementor-element elementor-element-d5c1af5 elementor-section-full_width elementor-section-height-default elementor-section-height-default\" data-id=\"d5c1af5\" data-element_type=\"section\" data-e-type=\"section\">\n\t\t\t\t\t\t<div class=\"elementor-container elementor-column-gap-default\">\n\t\t\t\t\t<div class=\"elementor-column elementor-col-33 elementor-top-column elementor-element elementor-element-3bcbdb9\" data-id=\"3bcbdb9\" data-element_type=\"column\" data-e-type=\"column\">\n\t\t\t<div class=\"elementor-widget-wrap elementor-element-populated\">\n\t\t\t\t\t\t<div class=\"elementor-element elementor-element-f00f71a elementor-widget elementor-widget-spacer\" data-id=\"f00f71a\" data-element_type=\"widget\" data-e-type=\"widget\" data-widget_type=\"spacer.default\">\n\t\t\t\t<div class=\"elementor-widget-container\">\n\t\t\t\t\t\t\t<div class=\"elementor-spacer\">\n\t\t\t<div class=\"elementor-spacer-inner\"><\/div>\n\t\t<\/div>\n\t\t\t\t\t\t<\/div>\n\t\t\t\t<\/div>\n\t\t\t\t<div class=\"elementor-element elementor-element-ee56fe6 elementor-widget elementor-widget-image\" data-id=\"ee56fe6\" data-element_type=\"widget\" data-e-type=\"widget\" data-widget_type=\"image.default\">\n\t\t\t\t<div class=\"elementor-widget-container\">\n\t\t\t\t\t\t\t\t\t\t\t\t\t\t\t<img loading=\"lazy\" decoding=\"async\" width=\"150\" height=\"96\" src=\"https:\/\/www.selmar.cl\/wp-content\/uploads\/2022\/03\/quick-and-easy-installation_96-px.png\" class=\"attachment-full size-full wp-image-5591\" alt=\"\" srcset=\"https:\/\/www.selmar.cl\/wp-content\/uploads\/2022\/03\/quick-and-easy-installation_96-px.png 150w, https:\/\/www.selmar.cl\/wp-content\/uploads\/2022\/03\/quick-and-easy-installation_96-px-18x12.png 18w, https:\/\/www.selmar.cl\/wp-content\/uploads\/2022\/03\/quick-and-easy-installation_96-px-47x30.png 47w\" sizes=\"(max-width: 150px) 100vw, 150px\" \/>\t\t\t\t\t\t\t\t\t\t\t\t\t\t\t<\/div>\n\t\t\t\t<\/div>\n\t\t\t\t<div class=\"elementor-element elementor-element-3cc7924 elementor-widget elementor-widget-heading\" data-id=\"3cc7924\" data-element_type=\"widget\" data-e-type=\"widget\" data-widget_type=\"heading.default\">\n\t\t\t\t<div class=\"elementor-widget-container\">\n\t\t\t\t\t<h3 class=\"elementor-heading-title elementor-size-default\">Instalaci\u00f3n Simplificada<\/h3>\t\t\t\t<\/div>\n\t\t\t\t<\/div>\n\t\t\t\t<div class=\"elementor-element elementor-element-df632c1 elementor-widget elementor-widget-text-editor\" data-id=\"df632c1\" data-element_type=\"widget\" data-e-type=\"widget\" data-widget_type=\"text-editor.default\">\n\t\t\t\t<div class=\"elementor-widget-container\">\n\t\t\t\t\t\t\t\t\t<ul><li>No es necesario abrir el radomo durante la instalaci\u00f3n de la antena a bordo<\/li><li>Montaje desde el exterior del radomo<\/li><li>Correa de elevaci\u00f3n precolgada suministrada de serie con todas las series NX<\/li><li>No es necesario retirar el radomo durante la instalaci\u00f3n con terminaci\u00f3n externa de un solo cable y frenado din\u00e1mico del motor<\/li><\/ul>\t\t\t\t\t\t\t\t<\/div>\n\t\t\t\t<\/div>\n\t\t\t\t\t<\/div>\n\t\t<\/div>\n\t\t\t\t<div class=\"elementor-column elementor-col-33 elementor-top-column elementor-element elementor-element-0ad0b9f\" data-id=\"0ad0b9f\" data-element_type=\"column\" data-e-type=\"column\">\n\t\t\t<div class=\"elementor-widget-wrap\">\n\t\t\t\t\t\t\t<\/div>\n\t\t<\/div>\n\t\t\t\t<div class=\"elementor-column elementor-col-33 elementor-top-column elementor-element elementor-element-2ce8b1d\" data-id=\"2ce8b1d\" data-element_type=\"column\" data-e-type=\"column\">\n\t\t\t<div class=\"elementor-widget-wrap elementor-element-populated\">\n\t\t\t\t\t\t<div class=\"elementor-element elementor-element-cf0bb24 elementor-widget elementor-widget-image\" data-id=\"cf0bb24\" data-element_type=\"widget\" data-e-type=\"widget\" data-widget_type=\"image.default\">\n\t\t\t\t<div class=\"elementor-widget-container\">\n\t\t\t\t\t\t\t\t\t\t\t\t\t\t\t<img loading=\"lazy\" decoding=\"async\" width=\"672\" height=\"672\" src=\"https:\/\/www.selmar.cl\/wp-content\/uploads\/2022\/03\/v85nx_product_detail-set_v2.jpg\" class=\"attachment-full size-full wp-image-5589\" alt=\"\" srcset=\"https:\/\/www.selmar.cl\/wp-content\/uploads\/2022\/03\/v85nx_product_detail-set_v2.jpg 672w, https:\/\/www.selmar.cl\/wp-content\/uploads\/2022\/03\/v85nx_product_detail-set_v2-300x300.jpg 300w, https:\/\/www.selmar.cl\/wp-content\/uploads\/2022\/03\/v85nx_product_detail-set_v2-150x150.jpg 150w, https:\/\/www.selmar.cl\/wp-content\/uploads\/2022\/03\/v85nx_product_detail-set_v2-12x12.jpg 12w, https:\/\/www.selmar.cl\/wp-content\/uploads\/2022\/03\/v85nx_product_detail-set_v2-30x30.jpg 30w, https:\/\/www.selmar.cl\/wp-content\/uploads\/2022\/03\/v85nx_product_detail-set_v2-660x660.jpg 660w\" sizes=\"(max-width: 672px) 100vw, 672px\" \/>\t\t\t\t\t\t\t\t\t\t\t\t\t\t\t<\/div>\n\t\t\t\t<\/div>\n\t\t\t\t\t<\/div>\n\t\t<\/div>\n\t\t\t\t\t<\/div>\n\t\t<\/section>\n\t\t\t\t<\/div>","protected":false},"excerpt":{"rendered":"<p>Intellian v85NX es un sistema de antena VSAT mar\u00edtimo convertible de banda Ku a Ka con un reflector de 85 cm de di\u00e1metro. El tama\u00f1o m\u00e1s peque\u00f1o de la antena compacta de 85 cm permite la instalaci\u00f3n en embarcaciones m\u00e1s peque\u00f1as y permite que el sistema funcione en una red dise\u00f1ada de 1 metro.<\/p>","protected":false},"featured_media":5564,"comment_status":"open","ping_status":"closed","template":"","meta":[],"product_brand":[],"product_cat":[307,147,148],"product_tag":[],"class_list":{"0":"post-5559","1":"product","2":"type-product","3":"status-publish","4":"has-post-thumbnail","6":"product_cat-vsat","7":"product_cat-comunicacion","8":"product_cat-satelital","9":"yith_product_brand-intellian","11":"first","12":"instock","13":"taxable","14":"shipping-taxable","15":"product-type-simple"},"_links":{"self":[{"href":"https:\/\/www.selmar.cl\/en\/wp-json\/wp\/v2\/product\/5559","targetHints":{"allow":["GET"]}}],"collection":[{"href":"https:\/\/www.selmar.cl\/en\/wp-json\/wp\/v2\/product"}],"about":[{"href":"https:\/\/www.selmar.cl\/en\/wp-json\/wp\/v2\/types\/product"}],"replies":[{"embeddable":true,"href":"https:\/\/www.selmar.cl\/en\/wp-json\/wp\/v2\/comments?post=5559"}],"version-history":[{"count":20,"href":"https:\/\/www.selmar.cl\/en\/wp-json\/wp\/v2\/product\/5559\/revisions"}],"predecessor-version":[{"id":5596,"href":"https:\/\/www.selmar.cl\/en\/wp-json\/wp\/v2\/product\/5559\/revisions\/5596"}],"wp:featuredmedia":[{"embeddable":true,"href":"https:\/\/www.selmar.cl\/en\/wp-json\/wp\/v2\/media\/5564"}],"wp:attachment":[{"href":"https:\/\/www.selmar.cl\/en\/wp-json\/wp\/v2\/media?parent=5559"}],"wp:term":[{"taxonomy":"product_brand","embeddable":true,"href":"https:\/\/www.selmar.cl\/en\/wp-json\/wp\/v2\/product_brand?post=5559"},{"taxonomy":"product_cat","embeddable":true,"href":"https:\/\/www.selmar.cl\/en\/wp-json\/wp\/v2\/product_cat?post=5559"},{"taxonomy":"product_tag","embeddable":true,"href":"https:\/\/www.selmar.cl\/en\/wp-json\/wp\/v2\/product_tag?post=5559"}],"curies":[{"name":"wp","href":"https:\/\/api.w.org\/{rel}","templated":true}]}}