{"id":5180,"date":"2022-01-21T14:50:43","date_gmt":"2022-01-21T17:50:43","guid":{"rendered":"https:\/\/www.selmar.cl\/WEB3\/?post_type=product&#038;p=5180"},"modified":"2022-01-21T14:52:40","modified_gmt":"2022-01-21T17:52:40","slug":"simrad-cruise-7","status":"publish","type":"product","link":"https:\/\/www.selmar.cl\/en\/tienda\/navegacion\/gps\/gps-gps\/simrad-cruise-7\/","title":{"rendered":"SIMRAD CRUISE 7"},"content":{"rendered":"<div data-elementor-type=\"wp-post\" data-elementor-id=\"5180\" class=\"elementor elementor-5180\">\n\t\t\t\t\t\t<section class=\"elementor-section elementor-top-section elementor-element elementor-element-4e47fc4b elementor-section-full_width elementor-section-height-default elementor-section-height-default\" data-id=\"4e47fc4b\" data-element_type=\"section\" data-e-type=\"section\">\n\t\t\t\t\t\t<div class=\"elementor-container elementor-column-gap-default\">\n\t\t\t\t\t<div class=\"elementor-column elementor-col-100 elementor-top-column elementor-element elementor-element-2ac90320\" data-id=\"2ac90320\" data-element_type=\"column\" data-e-type=\"column\">\n\t\t\t<div class=\"elementor-widget-wrap elementor-element-populated\">\n\t\t\t\t\t\t<div class=\"elementor-element elementor-element-249f63da elementor-widget elementor-widget-text-editor\" data-id=\"249f63da\" data-element_type=\"widget\" data-e-type=\"widget\" data-widget_type=\"text-editor.default\">\n\t\t\t\t<div class=\"elementor-widget-container\">\n\t\t\t\t\t\t\t\t\tCruise de Simrad es el chartplotter m\u00e1s intuitivo y f\u00e1cil de usar del mercado. Este instrumento te ofrece todo lo que necesitas para una navegaci\u00f3n mediante GPS simple y sencilla: pantalla visible con luz solar, soporte de montaje y un transductor de sonda. Cruise de Simrad puede mostrar las cartas y los datos de navegaci\u00f3n y de sonda en una vista de pantalla dividida o por separado, a pantalla completa. El mando giratorio y el teclado hacen que la navegaci\u00f3n por los men\u00fas, la creaci\u00f3n de rutas y el acceso a los datos de temperatura, velocidad, profundidad y tensi\u00f3n de la bater\u00eda resulten f\u00e1ciles y c\u00f3modos.\t\t\t\t\t\t\t\t<\/div>\n\t\t\t\t<\/div>\n\t\t\t\t\t<\/div>\n\t\t<\/div>\n\t\t\t\t\t<\/div>\n\t\t<\/section>\n\t\t\t\t<section class=\"elementor-section elementor-top-section elementor-element elementor-element-a1ce3ed elementor-section-boxed elementor-section-height-default elementor-section-height-default\" data-id=\"a1ce3ed\" data-element_type=\"section\" data-e-type=\"section\">\n\t\t\t\t\t\t<div class=\"elementor-container elementor-column-gap-default\">\n\t\t\t\t\t<div class=\"elementor-column elementor-col-100 elementor-top-column elementor-element elementor-element-f47099a\" data-id=\"f47099a\" data-element_type=\"column\" data-e-type=\"column\">\n\t\t\t<div class=\"elementor-widget-wrap elementor-element-populated\">\n\t\t\t\t\t\t<div class=\"elementor-element elementor-element-a5ad70f elementor-widget elementor-widget-video\" data-id=\"a5ad70f\" data-element_type=\"widget\" data-e-type=\"widget\" data-settings=\"{&quot;youtube_url&quot;:&quot;https:\\\/\\\/www.youtube.com\\\/watch?v=Fd0OwEmfepc&quot;,&quot;video_type&quot;:&quot;youtube&quot;,&quot;controls&quot;:&quot;yes&quot;}\" data-widget_type=\"video.default\">\n\t\t\t\t<div class=\"elementor-widget-container\">\n\t\t\t\t\t\t\t<div class=\"elementor-wrapper elementor-open-inline\">\n\t\t\t<div class=\"elementor-video\"><\/div>\t\t<\/div>\n\t\t\t\t\t\t<\/div>\n\t\t\t\t<\/div>\n\t\t\t\t\t<\/div>\n\t\t<\/div>\n\t\t\t\t\t<\/div>\n\t\t<\/section>\n\t\t\t\t<section class=\"elementor-section elementor-top-section elementor-element elementor-element-ffa0b0e elementor-section-full_width elementor-section-height-default elementor-section-height-default\" data-id=\"ffa0b0e\" data-element_type=\"section\" data-e-type=\"section\">\n\t\t\t\t\t\t<div class=\"elementor-container elementor-column-gap-default\">\n\t\t\t\t\t<div class=\"elementor-column elementor-col-100 elementor-top-column elementor-element elementor-element-d7da711\" data-id=\"d7da711\" data-element_type=\"column\" data-e-type=\"column\">\n\t\t\t<div class=\"elementor-widget-wrap elementor-element-populated\">\n\t\t\t\t\t\t<div class=\"elementor-element elementor-element-cc6fc71 elementor-widget elementor-widget-text-editor\" data-id=\"cc6fc71\" data-element_type=\"widget\" data-e-type=\"widget\" data-widget_type=\"text-editor.default\">\n\t\t\t\t<div class=\"elementor-widget-container\">\n\t\t\t\t\t\t\t\t\t<h3 class=\"c-text-block__heading\">Navegaci\u00f3n sencilla entre los distintos men\u00fas<\/h3><div class=\"c-text-block__text\"><div class=\"e-richtext\"><p>Cruise de Simrad cuenta con men\u00fas intuitivos, por lo que siempre encontrar\u00e1s r\u00e1pidamente la informaci\u00f3n que necesitas, cuando la necesitas y, gracias al mando giratorio y el teclado, la navegaci\u00f3n de una pantalla a otra se realiza sin esfuerzo. Olv\u00eddate del manual de instrucciones: con Cruise de Simrad, solo tendr\u00e1s que encender la pantalla y empezar a navegar.<\/p><\/div><\/div>\t\t\t\t\t\t\t\t<\/div>\n\t\t\t\t<\/div>\n\t\t\t\t\t<\/div>\n\t\t<\/div>\n\t\t\t\t\t<\/div>\n\t\t<\/section>\n\t\t\t\t<section class=\"elementor-section elementor-top-section elementor-element elementor-element-db2abec elementor-section-full_width elementor-section-height-default elementor-section-height-default\" data-id=\"db2abec\" data-element_type=\"section\" data-e-type=\"section\">\n\t\t\t\t\t\t<div class=\"elementor-container elementor-column-gap-default\">\n\t\t\t\t\t<div class=\"elementor-column elementor-col-100 elementor-top-column elementor-element elementor-element-ed6bc3f\" data-id=\"ed6bc3f\" data-element_type=\"column\" data-e-type=\"column\">\n\t\t\t<div class=\"elementor-widget-wrap elementor-element-populated\">\n\t\t\t\t\t\t<div class=\"elementor-element elementor-element-23ea7ca elementor-widget elementor-widget-image\" data-id=\"23ea7ca\" data-element_type=\"widget\" data-e-type=\"widget\" data-widget_type=\"image.default\">\n\t\t\t\t<div class=\"elementor-widget-container\">\n\t\t\t\t\t\t\t\t\t\t\t\t\t\t\t<img fetchpriority=\"high\" decoding=\"async\" width=\"1600\" height=\"400\" src=\"https:\/\/www.selmar.cl\/wp-content\/uploads\/2022\/01\/cruise_block15_fw.jpg\" class=\"attachment-full size-full wp-image-5165\" alt=\"\" srcset=\"https:\/\/www.selmar.cl\/wp-content\/uploads\/2022\/01\/cruise_block15_fw.jpg 1600w, https:\/\/www.selmar.cl\/wp-content\/uploads\/2022\/01\/cruise_block15_fw-680x170.jpg 680w, https:\/\/www.selmar.cl\/wp-content\/uploads\/2022\/01\/cruise_block15_fw-300x75.jpg 300w, https:\/\/www.selmar.cl\/wp-content\/uploads\/2022\/01\/cruise_block15_fw-1024x256.jpg 1024w, https:\/\/www.selmar.cl\/wp-content\/uploads\/2022\/01\/cruise_block15_fw-768x192.jpg 768w, https:\/\/www.selmar.cl\/wp-content\/uploads\/2022\/01\/cruise_block15_fw-1536x384.jpg 1536w, https:\/\/www.selmar.cl\/wp-content\/uploads\/2022\/01\/cruise_block15_fw-120x30.jpg 120w, https:\/\/www.selmar.cl\/wp-content\/uploads\/2022\/01\/cruise_block15_fw-660x165.jpg 660w\" sizes=\"(max-width: 1600px) 100vw, 1600px\" \/>\t\t\t\t\t\t\t\t\t\t\t\t\t\t\t<\/div>\n\t\t\t\t<\/div>\n\t\t\t\t\t<\/div>\n\t\t<\/div>\n\t\t\t\t\t<\/div>\n\t\t<\/section>\n\t\t\t\t<section class=\"elementor-section elementor-top-section elementor-element elementor-element-bb6b298 elementor-section-full_width elementor-section-height-default elementor-section-height-default\" data-id=\"bb6b298\" data-element_type=\"section\" data-e-type=\"section\">\n\t\t\t\t\t\t<div class=\"elementor-container elementor-column-gap-default\">\n\t\t\t\t\t<div class=\"elementor-column elementor-col-100 elementor-top-column elementor-element elementor-element-e1c26b1\" data-id=\"e1c26b1\" data-element_type=\"column\" data-e-type=\"column\">\n\t\t\t<div class=\"elementor-widget-wrap elementor-element-populated\">\n\t\t\t\t\t\t<div class=\"elementor-element elementor-element-aa8c6e6 elementor-widget elementor-widget-text-editor\" data-id=\"aa8c6e6\" data-element_type=\"widget\" data-e-type=\"widget\" data-widget_type=\"text-editor.default\">\n\t\t\t\t<div class=\"elementor-widget-container\">\n\t\t\t\t\t\t\t\t\t<h3 class=\"c-text-block__heading\">Mant\u00e9n siempre el rumbo<\/h3><div class=\"c-text-block__text\"><div class=\"e-richtext\"><p>Sabe en todo momento d\u00f3nde te encuentras y hacia d\u00f3nde te diriges. Elige entre una amplia gama de cartas mejoradas de C-MAP\u00ae y Navionics\u00ae, y disfruta de funciones avanzadas como C-MAP\u00ae Easy Routing para lograr una verdadera experiencia de navegaci\u00f3n.<\/p><\/div><\/div>\t\t\t\t\t\t\t\t<\/div>\n\t\t\t\t<\/div>\n\t\t\t\t\t<\/div>\n\t\t<\/div>\n\t\t\t\t\t<\/div>\n\t\t<\/section>\n\t\t\t\t<section class=\"elementor-section elementor-top-section elementor-element elementor-element-01ed06e elementor-section-full_width elementor-section-height-default elementor-section-height-default\" data-id=\"01ed06e\" data-element_type=\"section\" data-e-type=\"section\">\n\t\t\t\t\t\t<div class=\"elementor-container elementor-column-gap-default\">\n\t\t\t\t\t<div class=\"elementor-column elementor-col-100 elementor-top-column elementor-element elementor-element-b2edaf7\" data-id=\"b2edaf7\" data-element_type=\"column\" data-e-type=\"column\">\n\t\t\t<div class=\"elementor-widget-wrap elementor-element-populated\">\n\t\t\t\t\t\t<div class=\"elementor-element elementor-element-3d6cbde elementor-widget elementor-widget-image\" data-id=\"3d6cbde\" data-element_type=\"widget\" data-e-type=\"widget\" data-widget_type=\"image.default\">\n\t\t\t\t<div class=\"elementor-widget-container\">\n\t\t\t\t\t\t\t\t\t\t\t\t\t\t\t<img decoding=\"async\" width=\"1595\" height=\"417\" src=\"https:\/\/www.selmar.cl\/wp-content\/uploads\/2022\/01\/cruise_block15_fwwergerg.jpg\" class=\"attachment-full size-full wp-image-5167\" alt=\"\" srcset=\"https:\/\/www.selmar.cl\/wp-content\/uploads\/2022\/01\/cruise_block15_fwwergerg.jpg 1595w, https:\/\/www.selmar.cl\/wp-content\/uploads\/2022\/01\/cruise_block15_fwwergerg-680x178.jpg 680w, https:\/\/www.selmar.cl\/wp-content\/uploads\/2022\/01\/cruise_block15_fwwergerg-300x78.jpg 300w, https:\/\/www.selmar.cl\/wp-content\/uploads\/2022\/01\/cruise_block15_fwwergerg-1024x268.jpg 1024w, https:\/\/www.selmar.cl\/wp-content\/uploads\/2022\/01\/cruise_block15_fwwergerg-768x201.jpg 768w, https:\/\/www.selmar.cl\/wp-content\/uploads\/2022\/01\/cruise_block15_fwwergerg-1536x402.jpg 1536w, https:\/\/www.selmar.cl\/wp-content\/uploads\/2022\/01\/cruise_block15_fwwergerg-115x30.jpg 115w, https:\/\/www.selmar.cl\/wp-content\/uploads\/2022\/01\/cruise_block15_fwwergerg-660x173.jpg 660w\" sizes=\"(max-width: 1595px) 100vw, 1595px\" \/>\t\t\t\t\t\t\t\t\t\t\t\t\t\t\t<\/div>\n\t\t\t\t<\/div>\n\t\t\t\t\t<\/div>\n\t\t<\/div>\n\t\t\t\t\t<\/div>\n\t\t<\/section>\n\t\t\t\t<section class=\"elementor-section elementor-top-section elementor-element elementor-element-0892857 elementor-section-full_width elementor-section-height-default elementor-section-height-default\" data-id=\"0892857\" data-element_type=\"section\" data-e-type=\"section\">\n\t\t\t\t\t\t<div class=\"elementor-container elementor-column-gap-default\">\n\t\t\t\t\t<div class=\"elementor-column elementor-col-100 elementor-top-column elementor-element elementor-element-d7ec964\" data-id=\"d7ec964\" data-element_type=\"column\" data-e-type=\"column\">\n\t\t\t<div class=\"elementor-widget-wrap elementor-element-populated\">\n\t\t\t\t\t\t<div class=\"elementor-element elementor-element-124302c elementor-widget elementor-widget-text-editor\" data-id=\"124302c\" data-element_type=\"widget\" data-e-type=\"widget\" data-widget_type=\"text-editor.default\">\n\t\t\t\t<div class=\"elementor-widget-container\">\n\t\t\t\t\t\t\t\t\t<h3 class=\"c-text-block__heading\">Todo a la vista<\/h3><div class=\"c-text-block__text\"><div class=\"e-richtext\"><p>Consulta los detalles que deseas y de la forma que deseas. Cruise de Simrad ofrece tanto vistas de pantalla completa como dividida, por lo que podr\u00e1s ver f\u00e1cilmente la informaci\u00f3n que necesitas. \u00bfQuieres trazar el rumbo? Selecciona las cartas a pantalla completa para una mejor visualizaci\u00f3n de tu entorno. \u00bfNo est\u00e1s seguro de lo que hay debajo de ti? Elige la vista de sonda a pantalla completa para una visi\u00f3n clara del fondo y un seguimiento autom\u00e1tico de la profundidad. \u00bfQuieres verlo todo? Utiliza la opci\u00f3n de pantalla dividida para obtener la combinaci\u00f3n perfecta de datos de la sonda y de la carta.<\/p><\/div><\/div>\t\t\t\t\t\t\t\t<\/div>\n\t\t\t\t<\/div>\n\t\t\t\t\t<\/div>\n\t\t<\/div>\n\t\t\t\t\t<\/div>\n\t\t<\/section>\n\t\t\t\t<section class=\"elementor-section elementor-top-section elementor-element elementor-element-fd122bd elementor-section-full_width elementor-section-height-default elementor-section-height-default\" data-id=\"fd122bd\" data-element_type=\"section\" data-e-type=\"section\">\n\t\t\t\t\t\t<div class=\"elementor-container elementor-column-gap-default\">\n\t\t\t\t\t<div class=\"elementor-column elementor-col-100 elementor-top-column elementor-element elementor-element-7d368d2\" data-id=\"7d368d2\" data-element_type=\"column\" data-e-type=\"column\">\n\t\t\t<div class=\"elementor-widget-wrap elementor-element-populated\">\n\t\t\t\t\t\t<div class=\"elementor-element elementor-element-1748e18 elementor-widget elementor-widget-image\" data-id=\"1748e18\" data-element_type=\"widget\" data-e-type=\"widget\" data-widget_type=\"image.default\">\n\t\t\t\t<div class=\"elementor-widget-container\">\n\t\t\t\t\t\t\t\t\t\t\t\t\t\t\t<img decoding=\"async\" width=\"1595\" height=\"415\" src=\"https:\/\/www.selmar.cl\/wp-content\/uploads\/2022\/01\/cruise_block15_fwwergfggwerg.jpg\" class=\"attachment-full size-full wp-image-5168\" alt=\"\" srcset=\"https:\/\/www.selmar.cl\/wp-content\/uploads\/2022\/01\/cruise_block15_fwwergfggwerg.jpg 1595w, https:\/\/www.selmar.cl\/wp-content\/uploads\/2022\/01\/cruise_block15_fwwergfggwerg-680x177.jpg 680w, https:\/\/www.selmar.cl\/wp-content\/uploads\/2022\/01\/cruise_block15_fwwergfggwerg-300x78.jpg 300w, https:\/\/www.selmar.cl\/wp-content\/uploads\/2022\/01\/cruise_block15_fwwergfggwerg-1024x266.jpg 1024w, https:\/\/www.selmar.cl\/wp-content\/uploads\/2022\/01\/cruise_block15_fwwergfggwerg-768x200.jpg 768w, https:\/\/www.selmar.cl\/wp-content\/uploads\/2022\/01\/cruise_block15_fwwergfggwerg-1536x400.jpg 1536w, https:\/\/www.selmar.cl\/wp-content\/uploads\/2022\/01\/cruise_block15_fwwergfggwerg-115x30.jpg 115w, https:\/\/www.selmar.cl\/wp-content\/uploads\/2022\/01\/cruise_block15_fwwergfggwerg-660x172.jpg 660w\" sizes=\"(max-width: 1595px) 100vw, 1595px\" \/>\t\t\t\t\t\t\t\t\t\t\t\t\t\t\t<\/div>\n\t\t\t\t<\/div>\n\t\t\t\t\t<\/div>\n\t\t<\/div>\n\t\t\t\t\t<\/div>\n\t\t<\/section>\n\t\t\t\t<section class=\"elementor-section elementor-top-section elementor-element elementor-element-f2ef61f elementor-section-full_width elementor-section-height-default elementor-section-height-default\" data-id=\"f2ef61f\" data-element_type=\"section\" data-e-type=\"section\">\n\t\t\t\t\t\t<div class=\"elementor-container elementor-column-gap-default\">\n\t\t\t\t\t<div class=\"elementor-column elementor-col-100 elementor-top-column elementor-element elementor-element-6a655cf\" data-id=\"6a655cf\" data-element_type=\"column\" data-e-type=\"column\">\n\t\t\t<div class=\"elementor-widget-wrap elementor-element-populated\">\n\t\t\t\t\t\t<div class=\"elementor-element elementor-element-89913ff elementor-widget elementor-widget-text-editor\" data-id=\"89913ff\" data-element_type=\"widget\" data-e-type=\"widget\" data-widget_type=\"text-editor.default\">\n\t\t\t\t<div class=\"elementor-widget-container\">\n\t\t\t\t\t\t\t\t\t<h3 class=\"c-text-block__heading\">Mantente informado<\/h3><div class=\"c-text-block__text\"><div class=\"e-richtext\"><p>Cruise de Simrad te permite acceder a la informaci\u00f3n que necesitas para un viaje seguro y placentero por el agua: lecturas de profundidad, posici\u00f3n, tensi\u00f3n de la bater\u00eda y otra informaci\u00f3n importante sobre la embarcaci\u00f3n, todo se puede supervisar desde la pantalla para contar con una referencia y una perspectiva de la situaci\u00f3n r\u00e1pidas.<\/p><\/div><\/div>\t\t\t\t\t\t\t\t<\/div>\n\t\t\t\t<\/div>\n\t\t\t\t\t<\/div>\n\t\t<\/div>\n\t\t\t\t\t<\/div>\n\t\t<\/section>\n\t\t\t\t<section class=\"elementor-section elementor-top-section elementor-element elementor-element-a2a90dd elementor-section-full_width elementor-section-height-default elementor-section-height-default\" data-id=\"a2a90dd\" data-element_type=\"section\" data-e-type=\"section\">\n\t\t\t\t\t\t<div class=\"elementor-container elementor-column-gap-default\">\n\t\t\t\t\t<div class=\"elementor-column elementor-col-100 elementor-top-column elementor-element elementor-element-cb5d89c\" data-id=\"cb5d89c\" data-element_type=\"column\" data-e-type=\"column\">\n\t\t\t<div class=\"elementor-widget-wrap elementor-element-populated\">\n\t\t\t\t\t\t<div class=\"elementor-element elementor-element-048e5e7 elementor-widget elementor-widget-image\" data-id=\"048e5e7\" data-element_type=\"widget\" data-e-type=\"widget\" data-widget_type=\"image.default\">\n\t\t\t\t<div class=\"elementor-widget-container\">\n\t\t\t\t\t\t\t\t\t\t\t\t\t\t\t<img loading=\"lazy\" decoding=\"async\" width=\"720\" height=\"480\" src=\"https:\/\/www.selmar.cl\/wp-content\/uploads\/2022\/01\/cruise-image.jpg\" class=\"attachment-full size-full wp-image-5169\" alt=\"\" srcset=\"https:\/\/www.selmar.cl\/wp-content\/uploads\/2022\/01\/cruise-image.jpg 720w, https:\/\/www.selmar.cl\/wp-content\/uploads\/2022\/01\/cruise-image-680x453.jpg 680w\" sizes=\"(max-width: 720px) 100vw, 720px\" \/>\t\t\t\t\t\t\t\t\t\t\t\t\t\t\t<\/div>\n\t\t\t\t<\/div>\n\t\t\t\t\t<\/div>\n\t\t<\/div>\n\t\t\t\t\t<\/div>\n\t\t<\/section>\n\t\t\t\t<section class=\"elementor-section elementor-top-section elementor-element elementor-element-edef8ca elementor-section-boxed elementor-section-height-default elementor-section-height-default\" data-id=\"edef8ca\" data-element_type=\"section\" data-e-type=\"section\">\n\t\t\t\t\t\t<div class=\"elementor-container elementor-column-gap-default\">\n\t\t\t\t\t<div class=\"elementor-column elementor-col-100 elementor-top-column elementor-element elementor-element-86ad408\" data-id=\"86ad408\" data-element_type=\"column\" data-e-type=\"column\">\n\t\t\t<div class=\"elementor-widget-wrap elementor-element-populated\">\n\t\t\t\t\t\t<div class=\"elementor-element elementor-element-368f0ee elementor-widget elementor-widget-spacer\" data-id=\"368f0ee\" data-element_type=\"widget\" data-e-type=\"widget\" data-widget_type=\"spacer.default\">\n\t\t\t\t<div class=\"elementor-widget-container\">\n\t\t\t\t\t\t\t<div class=\"elementor-spacer\">\n\t\t\t<div class=\"elementor-spacer-inner\"><\/div>\n\t\t<\/div>\n\t\t\t\t\t\t<\/div>\n\t\t\t\t<\/div>\n\t\t\t\t\t<\/div>\n\t\t<\/div>\n\t\t\t\t\t<\/div>\n\t\t<\/section>\n\t\t\t\t<section class=\"elementor-section elementor-top-section elementor-element elementor-element-b6a5e42 elementor-section-full_width elementor-section-height-default elementor-section-height-default\" data-id=\"b6a5e42\" data-element_type=\"section\" data-e-type=\"section\" data-settings=\"{&quot;background_background&quot;:&quot;classic&quot;}\">\n\t\t\t\t\t\t<div class=\"elementor-container elementor-column-gap-default\">\n\t\t\t\t\t<div class=\"elementor-column elementor-col-100 elementor-top-column elementor-element elementor-element-900300d\" data-id=\"900300d\" data-element_type=\"column\" data-e-type=\"column\">\n\t\t\t<div class=\"elementor-widget-wrap elementor-element-populated\">\n\t\t\t\t\t\t<div class=\"elementor-element elementor-element-2b38e4b elementor-widget elementor-widget-text-editor\" data-id=\"2b38e4b\" data-element_type=\"widget\" data-e-type=\"widget\" data-widget_type=\"text-editor.default\">\n\t\t\t\t<div class=\"elementor-widget-container\">\n\t\t\t\t\t\t\t\t\t<h3 class=\"c-key-features__heading\">Caracter\u00edsticas principales<\/h3><div class=\"c-key-features__items e-richtext col-sm-6 col-sm-push-3\"><ul><li>Navega con confianza gracias a los men\u00fas sencillos y al mando giratorio y el teclado f\u00e1ciles de usar<\/li><li>Men\u00fas intuitivos y mando giratorio y teclado f\u00e1ciles de usar<\/li><li>Mapa mundial b\u00e1sico preinstalado<\/li><li>Compatibilidad con una amplia gama de cartas mejoradas de C-MAP\u00ae y Navionics\u00ae<\/li><li>Pantallas divididas preseleccionadas para mantener los datos importantes a la vista<\/li><li>Presentaci\u00f3n de datos de profundidad, posici\u00f3n, tensi\u00f3n de la bater\u00eda, etc.<\/li><\/ul><\/div>\t\t\t\t\t\t\t\t<\/div>\n\t\t\t\t<\/div>\n\t\t\t\t\t<\/div>\n\t\t<\/div>\n\t\t\t\t\t<\/div>\n\t\t<\/section>\n\t\t\t\t<\/div>","protected":false},"excerpt":{"rendered":"<p>Cruise de Simrad es el chartplotter m\u00e1s intuitivo y f\u00e1cil de usar del mercado. Este instrumento te ofrece todo lo que necesitas para una navegaci\u00f3n mediante GPS simple y sencilla: pantalla visible con luz solar, soporte de montaje y un transductor de sonda.<\/p>","protected":false},"featured_media":5181,"comment_status":"open","ping_status":"closed","template":"","meta":[],"product_brand":[],"product_cat":[143,178,186,146,149,286],"product_tag":[],"class_list":{"0":"post-5180","1":"product","2":"type-product","3":"status-publish","4":"has-post-thumbnail","6":"product_cat-navegacion","7":"product_cat-gps","8":"product_cat-gps-gps","9":"product_cat-acustico","10":"product_cat-ecosonda","11":"product_cat-combo-gps-ecosonda","12":"yith_product_brand-simrad","14":"first","15":"instock","16":"taxable","17":"shipping-taxable","18":"product-type-simple"},"_links":{"self":[{"href":"https:\/\/www.selmar.cl\/en\/wp-json\/wp\/v2\/product\/5180","targetHints":{"allow":["GET"]}}],"collection":[{"href":"https:\/\/www.selmar.cl\/en\/wp-json\/wp\/v2\/product"}],"about":[{"href":"https:\/\/www.selmar.cl\/en\/wp-json\/wp\/v2\/types\/product"}],"replies":[{"embeddable":true,"href":"https:\/\/www.selmar.cl\/en\/wp-json\/wp\/v2\/comments?post=5180"}],"version-history":[{"count":2,"href":"https:\/\/www.selmar.cl\/en\/wp-json\/wp\/v2\/product\/5180\/revisions"}],"predecessor-version":[{"id":5187,"href":"https:\/\/www.selmar.cl\/en\/wp-json\/wp\/v2\/product\/5180\/revisions\/5187"}],"wp:featuredmedia":[{"embeddable":true,"href":"https:\/\/www.selmar.cl\/en\/wp-json\/wp\/v2\/media\/5181"}],"wp:attachment":[{"href":"https:\/\/www.selmar.cl\/en\/wp-json\/wp\/v2\/media?parent=5180"}],"wp:term":[{"taxonomy":"product_brand","embeddable":true,"href":"https:\/\/www.selmar.cl\/en\/wp-json\/wp\/v2\/product_brand?post=5180"},{"taxonomy":"product_cat","embeddable":true,"href":"https:\/\/www.selmar.cl\/en\/wp-json\/wp\/v2\/product_cat?post=5180"},{"taxonomy":"product_tag","embeddable":true,"href":"https:\/\/www.selmar.cl\/en\/wp-json\/wp\/v2\/product_tag?post=5180"}],"curies":[{"name":"wp","href":"https:\/\/api.w.org\/{rel}","templated":true}]}}