{"id":5156,"date":"2022-01-21T13:32:51","date_gmt":"2022-01-21T16:32:51","guid":{"rendered":"https:\/\/www.selmar.cl\/WEB3\/?post_type=product&#038;p=5156"},"modified":"2022-01-21T13:48:30","modified_gmt":"2022-01-21T16:48:30","slug":"samyung-n700","status":"publish","type":"product","link":"https:\/\/www.selmar.cl\/en\/tienda\/navegacion\/gps\/gps-gps\/samyung-n700\/","title":{"rendered":"SAMYUNG N700"},"content":{"rendered":"<div data-elementor-type=\"wp-post\" data-elementor-id=\"5156\" class=\"elementor elementor-5156\">\n\t\t\t\t\t\t<section class=\"elementor-section elementor-top-section elementor-element elementor-element-103c2ba elementor-section-full_width elementor-section-height-default elementor-section-height-default\" data-id=\"103c2ba\" data-element_type=\"section\" data-e-type=\"section\">\n\t\t\t\t\t\t<div class=\"elementor-container elementor-column-gap-default\">\n\t\t\t\t\t<div class=\"elementor-column elementor-col-33 elementor-top-column elementor-element elementor-element-d6bb314\" data-id=\"d6bb314\" data-element_type=\"column\" data-e-type=\"column\">\n\t\t\t<div class=\"elementor-widget-wrap elementor-element-populated\">\n\t\t\t\t\t\t<div class=\"elementor-element elementor-element-6644add elementor-widget elementor-widget-image\" data-id=\"6644add\" data-element_type=\"widget\" data-e-type=\"widget\" data-widget_type=\"image.default\">\n\t\t\t\t<div class=\"elementor-widget-container\">\n\t\t\t\t\t\t\t\t\t\t\t\t\t\t\t<img fetchpriority=\"high\" decoding=\"async\" width=\"442\" height=\"567\" src=\"https:\/\/www.selmar.cl\/wp-content\/uploads\/2022\/01\/n560-1.jpg\" class=\"attachment-full size-full wp-image-5151\" alt=\"\" srcset=\"https:\/\/www.selmar.cl\/wp-content\/uploads\/2022\/01\/n560-1.jpg 442w, https:\/\/www.selmar.cl\/wp-content\/uploads\/2022\/01\/n560-1-234x300.jpg 234w, https:\/\/www.selmar.cl\/wp-content\/uploads\/2022\/01\/n560-1-23x30.jpg 23w\" sizes=\"(max-width: 442px) 100vw, 442px\" \/>\t\t\t\t\t\t\t\t\t\t\t\t\t\t\t<\/div>\n\t\t\t\t<\/div>\n\t\t\t\t\t<\/div>\n\t\t<\/div>\n\t\t\t\t<div class=\"elementor-column elementor-col-66 elementor-top-column elementor-element elementor-element-141bc9a\" data-id=\"141bc9a\" data-element_type=\"column\" data-e-type=\"column\">\n\t\t\t<div class=\"elementor-widget-wrap elementor-element-populated\">\n\t\t\t\t\t\t<div class=\"elementor-element elementor-element-8ee8b71 elementor-widget elementor-widget-text-editor\" data-id=\"8ee8b71\" data-element_type=\"widget\" data-e-type=\"widget\" data-widget_type=\"text-editor.default\">\n\t\t\t\t<div class=\"elementor-widget-container\">\n\t\t\t\t\t\t\t\t\t<p>Amplia pantalla LCD TFT de alta resoluci\u00f3n de 7\u201d<br \/>Retroiluminaci\u00f3n LED ajustable en 10 pasos<br \/>Tarjeta SD Gold NAVIONICS\u00ae<br \/>Memoria interna de 128 MB y carta Samyung est\u00e1ndar incorporada<br \/>Bot\u00f3n individual para navegaci\u00f3n GOTO y MOB<br \/>M\u00faltiples idiomas disponibles, incluidos ingl\u00e9s, chino, ruso, tailand\u00e9s, malayo, etc.<br \/>DGPS (WAAS, MSAS, EGNOS)<br \/>Guardar una imagen de carta en la memoria interna (128M)<br \/>Guardar datos internos en la tarjeta SD<br \/>Ver e imprimir datos guardados en la tarjeta SD<br \/>Tipo de operaci\u00f3n f\u00e1cil de usar mediante el uso de \u00edconos para cada men\u00fa<br \/>Interfaz NMEA0183 (AIS, NAVTEX, DSC, etc.)<\/p>\t\t\t\t\t\t\t\t<\/div>\n\t\t\t\t<\/div>\n\t\t\t\t<div class=\"elementor-element elementor-element-138b9ff elementor-widget elementor-widget-text-editor\" data-id=\"138b9ff\" data-element_type=\"widget\" data-e-type=\"widget\" data-widget_type=\"text-editor.default\">\n\t\t\t\t<div class=\"elementor-widget-container\">\n\t\t\t\t\t\t\t\t\t<p>Totalmente impermeable Standard IPX7<br \/>DGPS (WAAS, MSAS, EGNOS)<\/p>\t\t\t\t\t\t\t\t<\/div>\n\t\t\t\t<\/div>\n\t\t\t\t\t<\/div>\n\t\t<\/div>\n\t\t\t\t\t<\/div>\n\t\t<\/section>\n\t\t\t\t<\/div>","protected":false},"excerpt":{"rendered":"<p>Amplia pantalla LCD TFT de alta resoluci\u00f3n de 7\u201dRetroiluminaci\u00f3n LED ajustable en 10 pasosTarjeta SD Gold NAVIONICS\u00aeMemoria interna de 128 MB y carta Samyung est\u00e1ndar incorporadaBot\u00f3n individual para navegaci\u00f3n GOTO&hellip;<\/p>","protected":false},"featured_media":5157,"comment_status":"open","ping_status":"closed","template":"","meta":[],"product_brand":[],"product_cat":[143,178,186,187],"product_tag":[],"class_list":{"0":"post-5156","1":"product","2":"type-product","3":"status-publish","4":"has-post-thumbnail","6":"product_cat-navegacion","7":"product_cat-gps","8":"product_cat-gps-gps","9":"product_cat-dgps","10":"yith_product_brand-samyung","12":"first","13":"instock","14":"taxable","15":"shipping-taxable","16":"product-type-simple"},"_links":{"self":[{"href":"https:\/\/www.selmar.cl\/en\/wp-json\/wp\/v2\/product\/5156","targetHints":{"allow":["GET"]}}],"collection":[{"href":"https:\/\/www.selmar.cl\/en\/wp-json\/wp\/v2\/product"}],"about":[{"href":"https:\/\/www.selmar.cl\/en\/wp-json\/wp\/v2\/types\/product"}],"replies":[{"embeddable":true,"href":"https:\/\/www.selmar.cl\/en\/wp-json\/wp\/v2\/comments?post=5156"}],"version-history":[{"count":4,"href":"https:\/\/www.selmar.cl\/en\/wp-json\/wp\/v2\/product\/5156\/revisions"}],"predecessor-version":[{"id":5161,"href":"https:\/\/www.selmar.cl\/en\/wp-json\/wp\/v2\/product\/5156\/revisions\/5161"}],"wp:featuredmedia":[{"embeddable":true,"href":"https:\/\/www.selmar.cl\/en\/wp-json\/wp\/v2\/media\/5157"}],"wp:attachment":[{"href":"https:\/\/www.selmar.cl\/en\/wp-json\/wp\/v2\/media?parent=5156"}],"wp:term":[{"taxonomy":"product_brand","embeddable":true,"href":"https:\/\/www.selmar.cl\/en\/wp-json\/wp\/v2\/product_brand?post=5156"},{"taxonomy":"product_cat","embeddable":true,"href":"https:\/\/www.selmar.cl\/en\/wp-json\/wp\/v2\/product_cat?post=5156"},{"taxonomy":"product_tag","embeddable":true,"href":"https:\/\/www.selmar.cl\/en\/wp-json\/wp\/v2\/product_tag?post=5156"}],"curies":[{"name":"wp","href":"https:\/\/api.w.org\/{rel}","templated":true}]}}