{"id":5076,"date":"2022-01-18T17:58:04","date_gmt":"2022-01-18T20:58:04","guid":{"rendered":"https:\/\/www.selmar.cl\/WEB3\/?post_type=product&#038;p=5076"},"modified":"2022-01-18T19:17:36","modified_gmt":"2022-01-18T22:17:36","slug":"simrad-halo-6","status":"publish","type":"product","link":"https:\/\/www.selmar.cl\/en\/tienda\/navegacion\/radar\/antenas-de-radar\/simrad-halo-6\/","title":{"rendered":"SIMRAD HALO-6"},"content":{"rendered":"<div data-elementor-type=\"wp-post\" data-elementor-id=\"5076\" class=\"elementor elementor-5076\">\n\t\t\t\t\t\t<section class=\"elementor-section elementor-top-section elementor-element elementor-element-673120a1 elementor-section-full_width elementor-section-height-default elementor-section-height-default\" data-id=\"673120a1\" data-element_type=\"section\" data-e-type=\"section\">\n\t\t\t\t\t\t<div class=\"elementor-container elementor-column-gap-default\">\n\t\t\t\t\t<div class=\"elementor-column elementor-col-100 elementor-top-column elementor-element elementor-element-7aea3fcc\" data-id=\"7aea3fcc\" data-element_type=\"column\" data-e-type=\"column\">\n\t\t\t<div class=\"elementor-widget-wrap elementor-element-populated\">\n\t\t\t\t\t\t<div class=\"elementor-element elementor-element-51e99608 elementor-widget elementor-widget-text-editor\" data-id=\"51e99608\" data-element_type=\"widget\" data-e-type=\"widget\" data-widget_type=\"text-editor.default\">\n\t\t\t\t<div class=\"elementor-widget-container\">\n\t\t\t\t\t\t\t\t\tEl radar Halo\u2122 ofrece una combinaci\u00f3n sin precedentes de alcances de detecci\u00f3n largos y cortos, con una definici\u00f3n de objetivos muy precisa y unas interferencias m\u00ednimas. Su arranque r\u00e1pido y la m\u00e1xima fiabilidad en el oc\u00e9ano que ofrece garantizan que dispongas de cobertura siempre que lo necesites, mientras que sus transmisiones de pulsos de baja potencia hacen que sea seguro utilizar el radar Halo incluso en \u00e1reas de fondeo y puertos deportivos.\t\t\t\t\t\t\t\t<\/div>\n\t\t\t\t<\/div>\n\t\t\t\t\t<\/div>\n\t\t<\/div>\n\t\t\t\t\t<\/div>\n\t\t<\/section>\n\t\t\t\t<section class=\"elementor-section elementor-top-section elementor-element elementor-element-05c2765 elementor-section-full_width elementor-section-height-default elementor-section-height-default\" data-id=\"05c2765\" data-element_type=\"section\" data-e-type=\"section\">\n\t\t\t\t\t\t<div class=\"elementor-container elementor-column-gap-default\">\n\t\t\t\t\t<div class=\"elementor-column elementor-col-100 elementor-top-column elementor-element elementor-element-8999a20\" data-id=\"8999a20\" data-element_type=\"column\" data-e-type=\"column\">\n\t\t\t<div class=\"elementor-widget-wrap elementor-element-populated\">\n\t\t\t\t\t\t<div class=\"elementor-element elementor-element-9c25521 elementor-widget elementor-widget-text-editor\" data-id=\"9c25521\" data-element_type=\"widget\" data-e-type=\"widget\" data-widget_type=\"text-editor.default\">\n\t\t\t\t<div class=\"elementor-widget-container\">\n\t\t\t\t\t\t\t\t\t<h3>Ve de cerca y de lejos simult\u00e1neamente<\/h3><p>El radar Halo\u2122 ofrece una combinaci\u00f3n sin precedentes de alcances de detecci\u00f3n largos y cortos, con su matriz de 1,2\u00a0m (6\u00a0pies), desde apenas seis metros (20\u00a0pies) a hasta 72\u00a0millas n\u00e1uticas. Monitoriza a la vez dos rangos de distancia en modo de doble escala y saca el m\u00e1ximo partido del radar Halo para mantener vigilados los frentes meteorol\u00f3gicos y al mismo tiempo supervisar los marcadores de canal y las embarcaciones r\u00e1pidas que se encuentren en las proximidades. Su tecnolog\u00eda de compresi\u00f3n de pulsos evita cualquier fallo de detecci\u00f3n, cualquiera que sea el alcance. El procesamiento de se\u00f1ales digitales avanzado ayuda a eliminar las interferencias mar\u00edtimas, mientras que la tecnolog\u00eda de enfoque de haz proporciona una separaci\u00f3n mejorada entre blancos peque\u00f1os o distantes.<\/p>\t\t\t\t\t\t\t\t<\/div>\n\t\t\t\t<\/div>\n\t\t\t\t\t<\/div>\n\t\t<\/div>\n\t\t\t\t\t<\/div>\n\t\t<\/section>\n\t\t\t\t<section class=\"elementor-section elementor-top-section elementor-element elementor-element-b12b826 elementor-section-full_width elementor-section-height-default elementor-section-height-default\" data-id=\"b12b826\" data-element_type=\"section\" data-e-type=\"section\">\n\t\t\t\t\t\t<div class=\"elementor-container elementor-column-gap-default\">\n\t\t\t\t\t<div class=\"elementor-column elementor-col-100 elementor-top-column elementor-element elementor-element-652f2a9\" data-id=\"652f2a9\" data-element_type=\"column\" data-e-type=\"column\">\n\t\t\t<div class=\"elementor-widget-wrap elementor-element-populated\">\n\t\t\t\t\t\t<div class=\"elementor-element elementor-element-2cb90cd elementor-widget elementor-widget-text-editor\" data-id=\"2cb90cd\" data-element_type=\"widget\" data-e-type=\"widget\" data-widget_type=\"text-editor.default\">\n\t\t\t\t<div class=\"elementor-widget-container\">\n\t\t\t\t\t\t\t\t\t<h3>Radar de seguridad, meteorol\u00f3gico y de detecci\u00f3n de aves<\/h3><p>El radar Halo radar proporciona un completo abanico de funciones para ofrecerte m\u00e1s informaci\u00f3n sobre la situaci\u00f3n en la que te encuentras y proporcionarte una mayor seguridad en el mar. Monitoriza los peligros de colisi\u00f3n seleccionados con la funci\u00f3n de seguimiento de objetivos MARPA, o bien resalta autom\u00e1ticamente cualquier objetivo que se acerque con la actualizaci\u00f3n opcional de detecci\u00f3n de movimiento VelocityTrack\u2122 Doppler. Mant\u00e9n vigiladas las tormentas lejanas con el modo meteo: tu parte meteorol\u00f3gico personal en tiempo real. El radar Halo tambi\u00e9n sirve de potente detector de aves, una herramienta imprescindible para los amantes de la pesca deportiva y los pescadores profesionales. Los modos meteo y aves del radar Halo no necesitan de ajuste manual: no tienes m\u00e1s que activarlos.<\/p>\t\t\t\t\t\t\t\t<\/div>\n\t\t\t\t<\/div>\n\t\t\t\t\t<\/div>\n\t\t<\/div>\n\t\t\t\t\t<\/div>\n\t\t<\/section>\n\t\t\t\t<section class=\"elementor-section elementor-top-section elementor-element elementor-element-5b40846 elementor-section-full_width elementor-section-height-default elementor-section-height-default\" data-id=\"5b40846\" data-element_type=\"section\" data-e-type=\"section\">\n\t\t\t\t\t\t<div class=\"elementor-container elementor-column-gap-default\">\n\t\t\t\t\t<div class=\"elementor-column elementor-col-100 elementor-top-column elementor-element elementor-element-cda5b97\" data-id=\"cda5b97\" data-element_type=\"column\" data-e-type=\"column\">\n\t\t\t<div class=\"elementor-widget-wrap elementor-element-populated\">\n\t\t\t\t\t\t<div class=\"elementor-element elementor-element-1090886 elementor-widget elementor-widget-text-editor\" data-id=\"1090886\" data-element_type=\"widget\" data-e-type=\"widget\" data-widget_type=\"text-editor.default\">\n\t\t\t\t<div class=\"elementor-widget-container\">\n\t\t\t\t\t\t\t\t\t<h3>Listo en un instante<\/h3><p>Los peligros de colisi\u00f3n no esperan a que tu radar est\u00e9 encendido, \u00bfpor qu\u00e9 deber\u00edas hacerlo t\u00fa? La tecnolog\u00eda de estado s\u00f3lido del radar Halo est\u00e1 lista al instante desde el modo de espera y en tan solo 16-25 segundos desde un arranque en fr\u00edo. Evita los 2-3 minutos de calentamiento de los radares de pulsos tradicionales y conf\u00eda en el radar Halo para generar una imagen de radar inmediata y precisa cuando lo necesites. Las transmisiones de pulsos de baja potencia del radar Halo permiten utilizarlo en zonas de fondeo y puertos deportivos con total seguridad y conseguir as\u00ed cobertura adicional en estos entornos, con alto riesgo de colisiones. Su funcionamiento r\u00e1pido a 48\u00a0rpm proporciona actualizaciones frecuentes de la posici\u00f3n, mientras que su motor sin escobillas avanzado y su tren motriz helicoidal garantiza un funcionamiento silencioso.<\/p>\t\t\t\t\t\t\t\t<\/div>\n\t\t\t\t<\/div>\n\t\t\t\t\t<\/div>\n\t\t<\/div>\n\t\t\t\t\t<\/div>\n\t\t<\/section>\n\t\t\t\t<section class=\"elementor-section elementor-top-section elementor-element elementor-element-897abee elementor-section-full_width elementor-section-height-default elementor-section-height-default\" data-id=\"897abee\" data-element_type=\"section\" data-e-type=\"section\" data-settings=\"{&quot;background_background&quot;:&quot;classic&quot;}\">\n\t\t\t\t\t\t<div class=\"elementor-container elementor-column-gap-default\">\n\t\t\t\t\t<div class=\"elementor-column elementor-col-100 elementor-top-column elementor-element elementor-element-1bc3530\" data-id=\"1bc3530\" data-element_type=\"column\" data-e-type=\"column\">\n\t\t\t<div class=\"elementor-widget-wrap elementor-element-populated\">\n\t\t\t\t\t\t<div class=\"elementor-element elementor-element-107661e elementor-widget elementor-widget-text-editor\" data-id=\"107661e\" data-element_type=\"widget\" data-e-type=\"widget\" data-widget_type=\"text-editor.default\">\n\t\t\t\t<div class=\"elementor-widget-container\">\n\t\t\t\t\t\t\t\t\t<h6 class=\"e-message__title e-message__title--requirements\"><em>*Requisitos m\u00ednimos del producto<br \/><\/em><em>El radar Halo\u2122 requiere una pantalla multifunci\u00f3n o una unidad de control de radar Simrad con conexi\u00f3n Ethernet. La funcionalidad de seguimiento de objetivos MARPA requiere un sensor de rumbo y un receptor GPS. La funci\u00f3n VelocityTrack\u2122 es una actualizaci\u00f3n opcional que puede realizarse en el agua y para la que es necesario adquirir un c\u00f3digo de actualizaci\u00f3n v\u00e1lido una \u00fanica vez.<\/em><\/h6>\t\t\t\t\t\t\t\t<\/div>\n\t\t\t\t<\/div>\n\t\t\t\t\t<\/div>\n\t\t<\/div>\n\t\t\t\t\t<\/div>\n\t\t<\/section>\n\t\t\t\t<section class=\"elementor-section elementor-top-section elementor-element elementor-element-b664781 elementor-section-boxed elementor-section-height-default elementor-section-height-default\" data-id=\"b664781\" data-element_type=\"section\" data-e-type=\"section\">\n\t\t\t\t\t\t<div class=\"elementor-container elementor-column-gap-default\">\n\t\t\t\t\t<div class=\"elementor-column elementor-col-100 elementor-top-column elementor-element elementor-element-ed34bb1\" data-id=\"ed34bb1\" data-element_type=\"column\" data-e-type=\"column\">\n\t\t\t<div class=\"elementor-widget-wrap elementor-element-populated\">\n\t\t\t\t\t\t<div class=\"elementor-element elementor-element-a6a3652 elementor-widget elementor-widget-spacer\" data-id=\"a6a3652\" data-element_type=\"widget\" data-e-type=\"widget\" data-widget_type=\"spacer.default\">\n\t\t\t\t<div class=\"elementor-widget-container\">\n\t\t\t\t\t\t\t<div class=\"elementor-spacer\">\n\t\t\t<div class=\"elementor-spacer-inner\"><\/div>\n\t\t<\/div>\n\t\t\t\t\t\t<\/div>\n\t\t\t\t<\/div>\n\t\t\t\t\t<\/div>\n\t\t<\/div>\n\t\t\t\t\t<\/div>\n\t\t<\/section>\n\t\t\t\t<section class=\"elementor-section elementor-top-section elementor-element elementor-element-49179d4 elementor-section-full_width elementor-section-height-default elementor-section-height-default\" data-id=\"49179d4\" data-element_type=\"section\" data-e-type=\"section\" data-settings=\"{&quot;background_background&quot;:&quot;classic&quot;}\">\n\t\t\t\t\t\t<div class=\"elementor-container elementor-column-gap-default\">\n\t\t\t\t\t<div class=\"elementor-column elementor-col-100 elementor-top-column elementor-element elementor-element-bcbfa9c\" data-id=\"bcbfa9c\" data-element_type=\"column\" data-e-type=\"column\">\n\t\t\t<div class=\"elementor-widget-wrap elementor-element-populated\">\n\t\t\t\t\t\t<div class=\"elementor-element elementor-element-bef96db elementor-widget elementor-widget-text-editor\" data-id=\"bef96db\" data-element_type=\"widget\" data-e-type=\"widget\" data-widget_type=\"text-editor.default\">\n\t\t\t\t<div class=\"elementor-widget-container\">\n\t\t\t\t\t\t\t\t\t<h3 class=\"c-key-features__heading\">Caracter\u00edsticas principales<\/h3><div class=\"c-key-features__items e-richtext col-sm-6 col-sm-push-3\"><ul><li>Alcance real de 72\u00a0millas n\u00e1uticas con antena abierta de 1,8\u00a0m (6\u00a0pies)<\/li><li>Enfoque de haz para una mejor separaci\u00f3n entre blancos<\/li><li>Funcionamiento simult\u00e1neo en modo de doble escala<\/li><li>Modos especiales de puerto, altamar, meteo y aves<\/li><li>Funcionamiento de alta velocidad a 48\u00a0rpm para actualizaciones r\u00e1pidas<\/li><li>Listo al instante desde el modo de espera y en 16-25\u00a0segundos tras el arranque<\/li><li>\u00a0Seguimiento de blancos MARPA (hasta 10\u00a0objetivos, 20 en doble escala)<\/li><li>Actualizaci\u00f3n opcional a VelocityTrack\u2122 Doppler para evitar colisiones<\/li><\/ul><\/div>\t\t\t\t\t\t\t\t<\/div>\n\t\t\t\t<\/div>\n\t\t\t\t\t<\/div>\n\t\t<\/div>\n\t\t\t\t\t<\/div>\n\t\t<\/section>\n\t\t\t\t<\/div>","protected":false},"excerpt":{"rendered":"<p>El radar Halo\u2122 ofrece una combinaci\u00f3n sin precedentes de alcances de detecci\u00f3n largos y cortos, con una definici\u00f3n de objetivos muy precisa y unas interferencias m\u00ednimas.<\/p>","protected":false},"featured_media":5077,"comment_status":"open","ping_status":"closed","template":"","meta":[],"product_brand":[],"product_cat":[143,177,238],"product_tag":[],"class_list":{"0":"post-5076","1":"product","2":"type-product","3":"status-publish","4":"has-post-thumbnail","6":"product_cat-navegacion","7":"product_cat-radar","8":"product_cat-antenas-de-radar","9":"yith_product_brand-simrad","11":"first","12":"instock","13":"taxable","14":"shipping-taxable","15":"product-type-simple"},"_links":{"self":[{"href":"https:\/\/www.selmar.cl\/en\/wp-json\/wp\/v2\/product\/5076","targetHints":{"allow":["GET"]}}],"collection":[{"href":"https:\/\/www.selmar.cl\/en\/wp-json\/wp\/v2\/product"}],"about":[{"href":"https:\/\/www.selmar.cl\/en\/wp-json\/wp\/v2\/types\/product"}],"replies":[{"embeddable":true,"href":"https:\/\/www.selmar.cl\/en\/wp-json\/wp\/v2\/comments?post=5076"}],"version-history":[{"count":16,"href":"https:\/\/www.selmar.cl\/en\/wp-json\/wp\/v2\/product\/5076\/revisions"}],"predecessor-version":[{"id":5120,"href":"https:\/\/www.selmar.cl\/en\/wp-json\/wp\/v2\/product\/5076\/revisions\/5120"}],"wp:featuredmedia":[{"embeddable":true,"href":"https:\/\/www.selmar.cl\/en\/wp-json\/wp\/v2\/media\/5077"}],"wp:attachment":[{"href":"https:\/\/www.selmar.cl\/en\/wp-json\/wp\/v2\/media?parent=5076"}],"wp:term":[{"taxonomy":"product_brand","embeddable":true,"href":"https:\/\/www.selmar.cl\/en\/wp-json\/wp\/v2\/product_brand?post=5076"},{"taxonomy":"product_cat","embeddable":true,"href":"https:\/\/www.selmar.cl\/en\/wp-json\/wp\/v2\/product_cat?post=5076"},{"taxonomy":"product_tag","embeddable":true,"href":"https:\/\/www.selmar.cl\/en\/wp-json\/wp\/v2\/product_tag?post=5076"}],"curies":[{"name":"wp","href":"https:\/\/api.w.org\/{rel}","templated":true}]}}