{"id":5052,"date":"2022-01-18T17:25:33","date_gmt":"2022-01-18T20:25:33","guid":{"rendered":"https:\/\/www.selmar.cl\/WEB3\/?post_type=product&#038;p=5052"},"modified":"2022-01-18T18:04:18","modified_gmt":"2022-01-18T21:04:18","slug":"simrad-halo20-plus","status":"publish","type":"product","link":"https:\/\/www.selmar.cl\/en\/tienda\/navegacion\/radar\/antenas-de-radar\/simrad-halo20-plus\/","title":{"rendered":"SIMRAD HALO20+"},"content":{"rendered":"<div data-elementor-type=\"wp-post\" data-elementor-id=\"5052\" class=\"elementor elementor-5052\">\n\t\t\t\t\t\t<section class=\"elementor-section elementor-top-section elementor-element elementor-element-7198a844 elementor-section-full_width elementor-section-height-default elementor-section-height-default\" data-id=\"7198a844\" data-element_type=\"section\" data-e-type=\"section\">\n\t\t\t\t\t\t<div class=\"elementor-container elementor-column-gap-default\">\n\t\t\t\t\t<div class=\"elementor-column elementor-col-100 elementor-top-column elementor-element elementor-element-35ebeb36\" data-id=\"35ebeb36\" data-element_type=\"column\" data-e-type=\"column\">\n\t\t\t<div class=\"elementor-widget-wrap elementor-element-populated\">\n\t\t\t\t\t\t<div class=\"elementor-element elementor-element-340846e0 elementor-widget elementor-widget-text-editor\" data-id=\"340846e0\" data-element_type=\"widget\" data-e-type=\"widget\" data-widget_type=\"text-editor.default\">\n\t\t\t\t<div class=\"elementor-widget-container\">\n\t\t\t\t\t\t\t\t\tHALO20+ ofrece una vista casi en tiempo real y un funcionamiento a 60 rpm a corta distancia, l\u00edder del sector, que supone lo \u00faltimo en prevenci\u00f3n de colisiones. Este radar identifica los peligros en un instante gracias a la tecnolog\u00eda doppler VelocityTrack\u2122 y ofrece cobertura de corto y largo alcance simult\u00e1neamente, hasta 36 millas n\u00e1uticas, con una antena de tipo domo compacta de 51 cm (20 pulg.).\t\t\t\t\t\t\t\t<\/div>\n\t\t\t\t<\/div>\n\t\t\t\t\t<\/div>\n\t\t<\/div>\n\t\t\t\t\t<\/div>\n\t\t<\/section>\n\t\t\t\t<section class=\"elementor-section elementor-top-section elementor-element elementor-element-40c9be8 elementor-section-full_width elementor-section-height-default elementor-section-height-default\" data-id=\"40c9be8\" data-element_type=\"section\" data-e-type=\"section\">\n\t\t\t\t\t\t<div class=\"elementor-container elementor-column-gap-default\">\n\t\t\t\t\t<div class=\"elementor-column elementor-col-100 elementor-top-column elementor-element elementor-element-cefc179\" data-id=\"cefc179\" data-element_type=\"column\" data-e-type=\"column\">\n\t\t\t<div class=\"elementor-widget-wrap elementor-element-populated\">\n\t\t\t\t\t\t<div class=\"elementor-element elementor-element-01fe22c elementor-widget elementor-widget-text-editor\" data-id=\"01fe22c\" data-element_type=\"widget\" data-e-type=\"widget\" data-widget_type=\"text-editor.default\">\n\t\t\t\t<div class=\"elementor-widget-container\">\n\t\t\t\t\t\t\t\t\t<h3 class=\"c-text-block__heading\">Detecci\u00f3n tanto de cerca como de lejos con la antena tipo domo compacta<\/h3><div class=\"c-text-block__text\"><div class=\"e-richtext\"><p>Perfecto para una amplia gama de peque\u00f1as embarcaciones costeras, el HALO20+ est\u00e1 integrado en una antena tipo domo compacta y brinda una detecci\u00f3n a corta, media y larga distancia de excelente calidad. Supervisa dos alcances a la vez gracias al modo Dual Range, lo cual te permite mantener un ojo en frentes meteorol\u00f3gicos situados a gran distancia, mientras vigilas los riesgos de colisi\u00f3n a corta distancia.\u00a0 La tecnolog\u00eda de compresi\u00f3n de pulsos del radar HALO20+ significa que la detecci\u00f3n no se ve comprometida en ninguno de los alcances seleccionados, mientras que la precisi\u00f3n de su haz ofrece una separaci\u00f3n m\u00e1s n\u00edtida entre los objetivos peque\u00f1os o distantes.<\/p><\/div><\/div>\t\t\t\t\t\t\t\t<\/div>\n\t\t\t\t<\/div>\n\t\t\t\t\t<\/div>\n\t\t<\/div>\n\t\t\t\t\t<\/div>\n\t\t<\/section>\n\t\t\t\t<section class=\"elementor-section elementor-top-section elementor-element elementor-element-599a517 elementor-section-full_width elementor-section-height-default elementor-section-height-default\" data-id=\"599a517\" data-element_type=\"section\" data-e-type=\"section\">\n\t\t\t\t\t\t<div class=\"elementor-container elementor-column-gap-default\">\n\t\t\t\t\t<div class=\"elementor-column elementor-col-100 elementor-top-column elementor-element elementor-element-bf7e6dc\" data-id=\"bf7e6dc\" data-element_type=\"column\" data-e-type=\"column\">\n\t\t\t<div class=\"elementor-widget-wrap elementor-element-populated\">\n\t\t\t\t\t\t<div class=\"elementor-element elementor-element-33afff7 elementor-widget elementor-widget-image\" data-id=\"33afff7\" data-element_type=\"widget\" data-e-type=\"widget\" data-widget_type=\"image.default\">\n\t\t\t\t<div class=\"elementor-widget-container\">\n\t\t\t\t\t\t\t\t\t\t\t\t\t\t\t<img fetchpriority=\"high\" decoding=\"async\" width=\"1597\" height=\"437\" src=\"https:\/\/www.selmar.cl\/wp-content\/uploads\/2022\/01\/halo-chart-mobile.jpg\" class=\"attachment-full size-full wp-image-5047\" alt=\"\" srcset=\"https:\/\/www.selmar.cl\/wp-content\/uploads\/2022\/01\/halo-chart-mobile.jpg 1597w, https:\/\/www.selmar.cl\/wp-content\/uploads\/2022\/01\/halo-chart-mobile-680x186.jpg 680w, https:\/\/www.selmar.cl\/wp-content\/uploads\/2022\/01\/halo-chart-mobile-300x82.jpg 300w, https:\/\/www.selmar.cl\/wp-content\/uploads\/2022\/01\/halo-chart-mobile-1024x280.jpg 1024w, https:\/\/www.selmar.cl\/wp-content\/uploads\/2022\/01\/halo-chart-mobile-768x210.jpg 768w, https:\/\/www.selmar.cl\/wp-content\/uploads\/2022\/01\/halo-chart-mobile-1536x420.jpg 1536w, https:\/\/www.selmar.cl\/wp-content\/uploads\/2022\/01\/halo-chart-mobile-110x30.jpg 110w, https:\/\/www.selmar.cl\/wp-content\/uploads\/2022\/01\/halo-chart-mobile-660x181.jpg 660w\" sizes=\"(max-width: 1597px) 100vw, 1597px\" \/>\t\t\t\t\t\t\t\t\t\t\t\t\t\t\t<\/div>\n\t\t\t\t<\/div>\n\t\t\t\t\t<\/div>\n\t\t<\/div>\n\t\t\t\t\t<\/div>\n\t\t<\/section>\n\t\t\t\t<section class=\"elementor-section elementor-top-section elementor-element elementor-element-d96623a elementor-section-boxed elementor-section-height-default elementor-section-height-default\" data-id=\"d96623a\" data-element_type=\"section\" data-e-type=\"section\">\n\t\t\t\t\t\t<div class=\"elementor-container elementor-column-gap-default\">\n\t\t\t\t\t<div class=\"elementor-column elementor-col-100 elementor-top-column elementor-element elementor-element-f54744e\" data-id=\"f54744e\" data-element_type=\"column\" data-e-type=\"column\">\n\t\t\t<div class=\"elementor-widget-wrap elementor-element-populated\">\n\t\t\t\t\t\t<div class=\"elementor-element elementor-element-33df57d elementor-widget elementor-widget-video\" data-id=\"33df57d\" data-element_type=\"widget\" data-e-type=\"widget\" data-settings=\"{&quot;youtube_url&quot;:&quot;https:\\\/\\\/www.youtube.com\\\/watch?v=e499OrbcUro&quot;,&quot;video_type&quot;:&quot;youtube&quot;,&quot;controls&quot;:&quot;yes&quot;}\" data-widget_type=\"video.default\">\n\t\t\t\t<div class=\"elementor-widget-container\">\n\t\t\t\t\t\t\t<div class=\"elementor-wrapper elementor-open-inline\">\n\t\t\t<div class=\"elementor-video\"><\/div>\t\t<\/div>\n\t\t\t\t\t\t<\/div>\n\t\t\t\t<\/div>\n\t\t\t\t\t<\/div>\n\t\t<\/div>\n\t\t\t\t\t<\/div>\n\t\t<\/section>\n\t\t\t\t<section class=\"elementor-section elementor-top-section elementor-element elementor-element-e73e9b0 elementor-section-full_width elementor-section-height-default elementor-section-height-default\" data-id=\"e73e9b0\" data-element_type=\"section\" data-e-type=\"section\">\n\t\t\t\t\t\t<div class=\"elementor-container elementor-column-gap-default\">\n\t\t\t\t\t<div class=\"elementor-column elementor-col-100 elementor-top-column elementor-element elementor-element-1835d19\" data-id=\"1835d19\" data-element_type=\"column\" data-e-type=\"column\">\n\t\t\t<div class=\"elementor-widget-wrap elementor-element-populated\">\n\t\t\t\t\t\t<div class=\"elementor-element elementor-element-74f0a89 elementor-widget elementor-widget-text-editor\" data-id=\"74f0a89\" data-element_type=\"widget\" data-e-type=\"widget\" data-widget_type=\"text-editor.default\">\n\t\t\t\t<div class=\"elementor-widget-container\">\n\t\t\t\t\t\t\t\t\t<h3 class=\"c-text-block__heading\">La vista definitiva para evitar colisiones<\/h3><div class=\"c-text-block__text\"><div class=\"e-richtext\"><p>El radar HALO20+ ofrece un barrido completo de 360 grados por segundo gracias a su rotaci\u00f3n a 60\u00a0rpm, por primera vez en el mercado, en alcances de hasta 1,5 millas n\u00e1uticas. Estas actualizaciones ultrarr\u00e1pidas te proporcionan una vista casi en tiempo real a corta distancia, lo que supone la mejor garant\u00eda para evitar colisiones con objetivos que se muevan r\u00e1pidamente.<\/p><\/div><\/div>\t\t\t\t\t\t\t\t<\/div>\n\t\t\t\t<\/div>\n\t\t\t\t\t<\/div>\n\t\t<\/div>\n\t\t\t\t\t<\/div>\n\t\t<\/section>\n\t\t\t\t<section class=\"elementor-section elementor-top-section elementor-element elementor-element-b1ae47c elementor-section-full_width elementor-section-height-default elementor-section-height-default\" data-id=\"b1ae47c\" data-element_type=\"section\" data-e-type=\"section\">\n\t\t\t\t\t\t<div class=\"elementor-container elementor-column-gap-default\">\n\t\t\t\t\t<div class=\"elementor-column elementor-col-100 elementor-top-column elementor-element elementor-element-44b1110\" data-id=\"44b1110\" data-element_type=\"column\" data-e-type=\"column\">\n\t\t\t<div class=\"elementor-widget-wrap elementor-element-populated\">\n\t\t\t\t\t\t<div class=\"elementor-element elementor-element-ab66b18 elementor-widget elementor-widget-image\" data-id=\"ab66b18\" data-element_type=\"widget\" data-e-type=\"widget\" data-widget_type=\"image.default\">\n\t\t\t\t<div class=\"elementor-widget-container\">\n\t\t\t\t\t\t\t\t\t\t\t\t\t\t\t<img decoding=\"async\" width=\"1600\" height=\"400\" src=\"https:\/\/www.selmar.cl\/wp-content\/uploads\/2022\/01\/awareness-desktop.jpg\" class=\"attachment-full size-full wp-image-5017\" alt=\"\" srcset=\"https:\/\/www.selmar.cl\/wp-content\/uploads\/2022\/01\/awareness-desktop.jpg 1600w, https:\/\/www.selmar.cl\/wp-content\/uploads\/2022\/01\/awareness-desktop-680x170.jpg 680w, https:\/\/www.selmar.cl\/wp-content\/uploads\/2022\/01\/awareness-desktop-300x75.jpg 300w, https:\/\/www.selmar.cl\/wp-content\/uploads\/2022\/01\/awareness-desktop-1024x256.jpg 1024w, https:\/\/www.selmar.cl\/wp-content\/uploads\/2022\/01\/awareness-desktop-768x192.jpg 768w, https:\/\/www.selmar.cl\/wp-content\/uploads\/2022\/01\/awareness-desktop-1536x384.jpg 1536w, https:\/\/www.selmar.cl\/wp-content\/uploads\/2022\/01\/awareness-desktop-120x30.jpg 120w, https:\/\/www.selmar.cl\/wp-content\/uploads\/2022\/01\/awareness-desktop-660x165.jpg 660w\" sizes=\"(max-width: 1600px) 100vw, 1600px\" \/>\t\t\t\t\t\t\t\t\t\t\t\t\t\t\t<\/div>\n\t\t\t\t<\/div>\n\t\t\t\t\t<\/div>\n\t\t<\/div>\n\t\t\t\t\t<\/div>\n\t\t<\/section>\n\t\t\t\t<section class=\"elementor-section elementor-top-section elementor-element elementor-element-b7ef777 elementor-section-full_width elementor-section-height-default elementor-section-height-default\" data-id=\"b7ef777\" data-element_type=\"section\" data-e-type=\"section\">\n\t\t\t\t\t\t<div class=\"elementor-container elementor-column-gap-default\">\n\t\t\t\t\t<div class=\"elementor-column elementor-col-100 elementor-top-column elementor-element elementor-element-b7e2ead\" data-id=\"b7e2ead\" data-element_type=\"column\" data-e-type=\"column\">\n\t\t\t<div class=\"elementor-widget-wrap elementor-element-populated\">\n\t\t\t\t\t\t<div class=\"elementor-element elementor-element-52405be elementor-widget elementor-widget-text-editor\" data-id=\"52405be\" data-element_type=\"widget\" data-e-type=\"widget\" data-widget_type=\"text-editor.default\">\n\t\t\t\t<div class=\"elementor-widget-container\">\n\t\t\t\t\t\t\t\t\t<h3 class=\"c-text-block__heading\">Tecnolog\u00eda doppler VelocityTrack\u2122 integrada<\/h3><div class=\"c-text-block__text\"><div class=\"e-richtext\"><p>La tecnolog\u00eda VelocityTrack\u2122 proporciona informaci\u00f3n visual instant\u00e1nea sobre el sentido de desplazamiento de los objetivos para que sepas en todo momento si se alejan o se acercan. La sencilla codificaci\u00f3n por colores destaca los potenciales peligros, mejorando as\u00ed tu percepci\u00f3n situacional y reduciendo adem\u00e1s el riesgo de colisi\u00f3n. El radar HALO20+ comprueba autom\u00e1ticamente todos y cada uno de los objetivos situados dentro del alcance especificado, por lo que no es necesario seleccionar manualmente los objetivos individuales y no hay l\u00edmite en el n\u00famero de objetivos que se pueden ver en pantalla a la vez.<\/p><\/div><\/div>\t\t\t\t\t\t\t\t<\/div>\n\t\t\t\t<\/div>\n\t\t\t\t\t<\/div>\n\t\t<\/div>\n\t\t\t\t\t<\/div>\n\t\t<\/section>\n\t\t\t\t<section class=\"elementor-section elementor-top-section elementor-element elementor-element-c33e150 elementor-section-full_width elementor-section-height-default elementor-section-height-default\" data-id=\"c33e150\" data-element_type=\"section\" data-e-type=\"section\">\n\t\t\t\t\t\t<div class=\"elementor-container elementor-column-gap-default\">\n\t\t\t\t\t<div class=\"elementor-column elementor-col-100 elementor-top-column elementor-element elementor-element-b07f904\" data-id=\"b07f904\" data-element_type=\"column\" data-e-type=\"column\">\n\t\t\t<div class=\"elementor-widget-wrap elementor-element-populated\">\n\t\t\t\t\t\t<div class=\"elementor-element elementor-element-67f6f88 elementor-widget elementor-widget-image\" data-id=\"67f6f88\" data-element_type=\"widget\" data-e-type=\"widget\" data-widget_type=\"image.default\">\n\t\t\t\t<div class=\"elementor-widget-container\">\n\t\t\t\t\t\t\t\t\t\t\t\t\t\t\t<img decoding=\"async\" src=\"https:\/\/www.selmar.cl\/wp-content\/uploads\/2022\/01\/halo-24-lowrance-website-banner-1600x900_2_250532x.jpg\" title=\"halo-24-lowrance-website-banner-1600x900_2_250532x\" alt=\"halo-24-lowrance-website-banner-1600x900_2_250532x\" loading=\"lazy\" \/>\t\t\t\t\t\t\t\t\t\t\t\t\t\t\t<\/div>\n\t\t\t\t<\/div>\n\t\t\t\t\t<\/div>\n\t\t<\/div>\n\t\t\t\t\t<\/div>\n\t\t<\/section>\n\t\t\t\t<section class=\"elementor-section elementor-top-section elementor-element elementor-element-9858d9c elementor-section-full_width elementor-section-height-default elementor-section-height-default\" data-id=\"9858d9c\" data-element_type=\"section\" data-e-type=\"section\">\n\t\t\t\t\t\t<div class=\"elementor-container elementor-column-gap-default\">\n\t\t\t\t\t<div class=\"elementor-column elementor-col-100 elementor-top-column elementor-element elementor-element-09a902e\" data-id=\"09a902e\" data-element_type=\"column\" data-e-type=\"column\">\n\t\t\t<div class=\"elementor-widget-wrap elementor-element-populated\">\n\t\t\t\t\t\t<div class=\"elementor-element elementor-element-2188556 elementor-widget elementor-widget-text-editor\" data-id=\"2188556\" data-element_type=\"widget\" data-e-type=\"widget\" data-widget_type=\"text-editor.default\">\n\t\t\t\t<div class=\"elementor-widget-container\">\n\t\t\t\t\t\t\t\t\t<h3 class=\"c-text-block__heading\">Siempre listo<\/h3><div class=\"c-text-block__text\"><div class=\"e-richtext\"><p>El radar HALO20+ sale instant\u00e1neamente del modo en espera de bajo consumo, ofreciendo esa alta velocidad de cobertura de radar exactamente donde y cuando la necesitas. Incluso si tu radar HALO20+ est\u00e1 completamente apagado, se inicia en cuesti\u00f3n de segundos, no en minutos como los radares de pulsos tradicionales. Tanto si surcas v\u00edas navegables muy concurridas, como si compites con mala visibilidad, el radar HALO20+ resuelve inmediatamente la confusi\u00f3n para darte una idea clara y actualizada de tu entorno.<\/p><\/div><\/div>\t\t\t\t\t\t\t\t<\/div>\n\t\t\t\t<\/div>\n\t\t\t\t\t<\/div>\n\t\t<\/div>\n\t\t\t\t\t<\/div>\n\t\t<\/section>\n\t\t\t\t<section class=\"elementor-section elementor-top-section elementor-element elementor-element-0800784 elementor-section-full_width elementor-section-height-default elementor-section-height-default\" data-id=\"0800784\" data-element_type=\"section\" data-e-type=\"section\">\n\t\t\t\t\t\t<div class=\"elementor-container elementor-column-gap-default\">\n\t\t\t\t\t<div class=\"elementor-column elementor-col-100 elementor-top-column elementor-element elementor-element-d0c923f\" data-id=\"d0c923f\" data-element_type=\"column\" data-e-type=\"column\">\n\t\t\t<div class=\"elementor-widget-wrap elementor-element-populated\">\n\t\t\t\t\t\t<div class=\"elementor-element elementor-element-0cc9aee elementor-widget elementor-widget-image\" data-id=\"0cc9aee\" data-element_type=\"widget\" data-e-type=\"widget\" data-widget_type=\"image.default\">\n\t\t\t\t<div class=\"elementor-widget-container\">\n\t\t\t\t\t\t\t\t\t\t\t\t\t\t\t<img decoding=\"async\" width=\"1599\" height=\"400\" src=\"https:\/\/www.selmar.cl\/wp-content\/uploads\/2022\/01\/halo-24-shots_344262x.jpg\" class=\"attachment-full size-full wp-image-5057\" alt=\"\" srcset=\"https:\/\/www.selmar.cl\/wp-content\/uploads\/2022\/01\/halo-24-shots_344262x.jpg 1599w, https:\/\/www.selmar.cl\/wp-content\/uploads\/2022\/01\/halo-24-shots_344262x-680x170.jpg 680w, https:\/\/www.selmar.cl\/wp-content\/uploads\/2022\/01\/halo-24-shots_344262x-300x75.jpg 300w, https:\/\/www.selmar.cl\/wp-content\/uploads\/2022\/01\/halo-24-shots_344262x-1024x256.jpg 1024w, https:\/\/www.selmar.cl\/wp-content\/uploads\/2022\/01\/halo-24-shots_344262x-768x192.jpg 768w, https:\/\/www.selmar.cl\/wp-content\/uploads\/2022\/01\/halo-24-shots_344262x-1536x384.jpg 1536w, https:\/\/www.selmar.cl\/wp-content\/uploads\/2022\/01\/halo-24-shots_344262x-120x30.jpg 120w, https:\/\/www.selmar.cl\/wp-content\/uploads\/2022\/01\/halo-24-shots_344262x-660x165.jpg 660w\" sizes=\"(max-width: 1599px) 100vw, 1599px\" \/>\t\t\t\t\t\t\t\t\t\t\t\t\t\t\t<\/div>\n\t\t\t\t<\/div>\n\t\t\t\t\t<\/div>\n\t\t<\/div>\n\t\t\t\t\t<\/div>\n\t\t<\/section>\n\t\t\t\t<section class=\"elementor-section elementor-top-section elementor-element elementor-element-2ee7fa8 elementor-section-full_width elementor-section-height-default elementor-section-height-default\" data-id=\"2ee7fa8\" data-element_type=\"section\" data-e-type=\"section\">\n\t\t\t\t\t\t<div class=\"elementor-container elementor-column-gap-default\">\n\t\t\t\t\t<div class=\"elementor-column elementor-col-100 elementor-top-column elementor-element elementor-element-6b95464\" data-id=\"6b95464\" data-element_type=\"column\" data-e-type=\"column\">\n\t\t\t<div class=\"elementor-widget-wrap elementor-element-populated\">\n\t\t\t\t\t\t<div class=\"elementor-element elementor-element-07d46ee elementor-widget elementor-widget-text-editor\" data-id=\"07d46ee\" data-element_type=\"widget\" data-e-type=\"widget\" data-widget_type=\"text-editor.default\">\n\t\t\t\t<div class=\"elementor-widget-container\">\n\t\t\t\t\t\t\t\t\t<h3 class=\"c-text-block__heading\">F\u00e1cil de usar<\/h3><div class=\"c-text-block__text\"><div class=\"e-richtext\"><p>Los modos de puerto, altamar, clima y aves, as\u00ed como los modos personalizados te permiten ajustar el avanzado procesamiento de la se\u00f1al del radar HALO20+ para garantizar que los objetivos se vean claramente, incluso en las condiciones ambientales m\u00e1s adversas.<\/p><\/div><\/div>\t\t\t\t\t\t\t\t<\/div>\n\t\t\t\t<\/div>\n\t\t\t\t\t<\/div>\n\t\t<\/div>\n\t\t\t\t\t<\/div>\n\t\t<\/section>\n\t\t\t\t<section class=\"elementor-section elementor-top-section elementor-element elementor-element-4ed8b13 elementor-section-full_width elementor-section-height-default elementor-section-height-default\" data-id=\"4ed8b13\" data-element_type=\"section\" data-e-type=\"section\">\n\t\t\t\t\t\t<div class=\"elementor-container elementor-column-gap-default\">\n\t\t\t\t\t<div class=\"elementor-column elementor-col-100 elementor-top-column elementor-element elementor-element-6571fa5\" data-id=\"6571fa5\" data-element_type=\"column\" data-e-type=\"column\">\n\t\t\t<div class=\"elementor-widget-wrap elementor-element-populated\">\n\t\t\t\t\t\t<div class=\"elementor-element elementor-element-c2818fb elementor-widget elementor-widget-text-editor\" data-id=\"c2818fb\" data-element_type=\"widget\" data-e-type=\"widget\" data-widget_type=\"text-editor.default\">\n\t\t\t\t<div class=\"elementor-widget-container\">\n\t\t\t\t\t\t\t\t\t<h3 class=\"c-key-features__heading\">Caracter\u00edsticas principales<\/h3><div class=\"c-key-features__items e-richtext col-sm-6 col-sm-push-3\"><ul><li>Alcance de 36 nm a partir de una antena de tipo domo de 51 cm (20 pulg.)<\/li><li>Avanzada tecnolog\u00eda de compresi\u00f3n de pulsos con enfoque del haz<\/li><li>Funcionamiento simult\u00e1neo en dos alcances gracias a la funci\u00f3n Dual Range que permite ver tanto de cerca como de lejos<\/li><li>Funcionamiento ultrarr\u00e1pido a 60 rpm en alcances de hasta 1,5 nm<\/li><li>Tecnolog\u00eda doppler VelocityTrack\u2122 para evitar colisiones<\/li><li>Funcionamiento sencillo gracias a los distintos modos para puerto, altamar, clima y aves<\/li><li>Seguimiento de objetivos MARPA (hasta 10 objetivos, 20 con Dual Range)<\/li><li>Listo al instante a partir del modo de espera<\/li><\/ul><\/div>\t\t\t\t\t\t\t\t<\/div>\n\t\t\t\t<\/div>\n\t\t\t\t\t<\/div>\n\t\t<\/div>\n\t\t\t\t\t<\/div>\n\t\t<\/section>\n\t\t\t\t<\/div>","protected":false},"excerpt":{"rendered":"<p>HALO20+ ofrece una vista casi en tiempo real y un funcionamiento a 60 rpm a corta distancia, l\u00edder del sector, que supone lo \u00faltimo en prevenci\u00f3n de colisiones.<\/p>","protected":false},"featured_media":5055,"comment_status":"open","ping_status":"closed","template":"","meta":[],"product_brand":[],"product_cat":[238,143,177],"product_tag":[],"class_list":{"0":"post-5052","1":"product","2":"type-product","3":"status-publish","4":"has-post-thumbnail","6":"product_cat-antenas-de-radar","7":"product_cat-navegacion","8":"product_cat-radar","9":"yith_product_brand-simrad","11":"first","12":"instock","13":"taxable","14":"shipping-taxable","15":"product-type-simple"},"_links":{"self":[{"href":"https:\/\/www.selmar.cl\/en\/wp-json\/wp\/v2\/product\/5052","targetHints":{"allow":["GET"]}}],"collection":[{"href":"https:\/\/www.selmar.cl\/en\/wp-json\/wp\/v2\/product"}],"about":[{"href":"https:\/\/www.selmar.cl\/en\/wp-json\/wp\/v2\/types\/product"}],"replies":[{"embeddable":true,"href":"https:\/\/www.selmar.cl\/en\/wp-json\/wp\/v2\/comments?post=5052"}],"version-history":[{"count":5,"href":"https:\/\/www.selmar.cl\/en\/wp-json\/wp\/v2\/product\/5052\/revisions"}],"predecessor-version":[{"id":5086,"href":"https:\/\/www.selmar.cl\/en\/wp-json\/wp\/v2\/product\/5052\/revisions\/5086"}],"wp:featuredmedia":[{"embeddable":true,"href":"https:\/\/www.selmar.cl\/en\/wp-json\/wp\/v2\/media\/5055"}],"wp:attachment":[{"href":"https:\/\/www.selmar.cl\/en\/wp-json\/wp\/v2\/media?parent=5052"}],"wp:term":[{"taxonomy":"product_brand","embeddable":true,"href":"https:\/\/www.selmar.cl\/en\/wp-json\/wp\/v2\/product_brand?post=5052"},{"taxonomy":"product_cat","embeddable":true,"href":"https:\/\/www.selmar.cl\/en\/wp-json\/wp\/v2\/product_cat?post=5052"},{"taxonomy":"product_tag","embeddable":true,"href":"https:\/\/www.selmar.cl\/en\/wp-json\/wp\/v2\/product_tag?post=5052"}],"curies":[{"name":"wp","href":"https:\/\/api.w.org\/{rel}","templated":true}]}}