{"id":5044,"date":"2022-01-18T17:13:37","date_gmt":"2022-01-18T20:13:37","guid":{"rendered":"https:\/\/www.selmar.cl\/WEB3\/?post_type=product&#038;p=5044"},"modified":"2022-01-18T17:39:29","modified_gmt":"2022-01-18T20:39:29","slug":"simrad-halo20","status":"publish","type":"product","link":"https:\/\/www.selmar.cl\/en\/tienda\/navegacion\/radar\/antenas-de-radar\/simrad-halo20\/","title":{"rendered":"SIMRAD HALO20"},"content":{"rendered":"<div data-elementor-type=\"wp-post\" data-elementor-id=\"5044\" class=\"elementor elementor-5044\">\n\t\t\t\t\t\t<section class=\"elementor-section elementor-top-section elementor-element elementor-element-665a29e0 elementor-section-full_width elementor-section-height-default elementor-section-height-default\" data-id=\"665a29e0\" data-element_type=\"section\" data-e-type=\"section\">\n\t\t\t\t\t\t<div class=\"elementor-container elementor-column-gap-default\">\n\t\t\t\t\t<div class=\"elementor-column elementor-col-100 elementor-top-column elementor-element elementor-element-3f59bf1b\" data-id=\"3f59bf1b\" data-element_type=\"column\" data-e-type=\"column\">\n\t\t\t<div class=\"elementor-widget-wrap elementor-element-populated\">\n\t\t\t\t\t\t<div class=\"elementor-element elementor-element-29581d41 elementor-widget elementor-widget-text-editor\" data-id=\"29581d41\" data-element_type=\"widget\" data-e-type=\"widget\" data-widget_type=\"text-editor.default\">\n\t\t\t\t<div class=\"elementor-widget-container\">\n\t\t\t\t\t\t\t\t\tUna forma rentable de aumentar la percepci\u00f3n de la situaci\u00f3n geogr\u00e1fica y evitar las colisiones: el HALO20 es un radar tipo domo compacto y con tecnolog\u00eda de compresi\u00f3n de pulsos, que detecta los riesgos de colisi\u00f3n y otros objetivos, tanto de cerca, como hasta las 24 millas n\u00e1uticas de distancia. Con su reducido tama\u00f1o y perfil bajo, el HALO20 es la soluci\u00f3n de radar perfecta para navegantes con presupuestos ajustados, propietarios de peque\u00f1as embarcaciones recreativas y de pesca.\t\t\t\t\t\t\t\t<\/div>\n\t\t\t\t<\/div>\n\t\t\t\t\t<\/div>\n\t\t<\/div>\n\t\t\t\t\t<\/div>\n\t\t<\/section>\n\t\t\t\t<section class=\"elementor-section elementor-top-section elementor-element elementor-element-440b169 elementor-section-full_width elementor-section-height-default elementor-section-height-default\" data-id=\"440b169\" data-element_type=\"section\" data-e-type=\"section\">\n\t\t\t\t\t\t<div class=\"elementor-container elementor-column-gap-default\">\n\t\t\t\t\t<div class=\"elementor-column elementor-col-100 elementor-top-column elementor-element elementor-element-b97c5e6\" data-id=\"b97c5e6\" data-element_type=\"column\" data-e-type=\"column\">\n\t\t\t<div class=\"elementor-widget-wrap elementor-element-populated\">\n\t\t\t\t\t\t<div class=\"elementor-element elementor-element-84d22fe elementor-widget elementor-widget-text-editor\" data-id=\"84d22fe\" data-element_type=\"widget\" data-e-type=\"widget\" data-widget_type=\"text-editor.default\">\n\t\t\t\t<div class=\"elementor-widget-container\">\n\t\t\t\t\t\t\t\t\t<h3 class=\"c-text-block__heading\">Un rendimiento sin igual a corto y medio alcance<\/h3><div class=\"c-text-block__text\"><div class=\"e-richtext\"><p>Ampl\u00eda tu visi\u00f3n desde la proa de tu embarcaci\u00f3n hasta las 24 millas n\u00e1uticas, gracias a la tecnolog\u00eda de radar de compresi\u00f3n de pulsos, que no solo ofrece una potente combinaci\u00f3n de detecci\u00f3n de corto y largo alcance, sino que proporciona una definici\u00f3n precisa de objetivos, con un m\u00ednimo de interferencias.<\/p><\/div><\/div>\t\t\t\t\t\t\t\t<\/div>\n\t\t\t\t<\/div>\n\t\t\t\t\t<\/div>\n\t\t<\/div>\n\t\t\t\t\t<\/div>\n\t\t<\/section>\n\t\t\t\t<section class=\"elementor-section elementor-top-section elementor-element elementor-element-ad6239c elementor-section-full_width elementor-section-height-default elementor-section-height-default\" data-id=\"ad6239c\" data-element_type=\"section\" data-e-type=\"section\">\n\t\t\t\t\t\t<div class=\"elementor-container elementor-column-gap-default\">\n\t\t\t\t\t<div class=\"elementor-column elementor-col-100 elementor-top-column elementor-element elementor-element-05800a5\" data-id=\"05800a5\" data-element_type=\"column\" data-e-type=\"column\">\n\t\t\t<div class=\"elementor-widget-wrap elementor-element-populated\">\n\t\t\t\t\t\t<div class=\"elementor-element elementor-element-895b349 elementor-widget elementor-widget-image\" data-id=\"895b349\" data-element_type=\"widget\" data-e-type=\"widget\" data-widget_type=\"image.default\">\n\t\t\t\t<div class=\"elementor-widget-container\">\n\t\t\t\t\t\t\t\t\t\t\t\t\t\t\t<img fetchpriority=\"high\" decoding=\"async\" width=\"1597\" height=\"437\" src=\"https:\/\/www.selmar.cl\/wp-content\/uploads\/2022\/01\/halo-chart-mobile.jpg\" class=\"attachment-full size-full wp-image-5047\" alt=\"\" srcset=\"https:\/\/www.selmar.cl\/wp-content\/uploads\/2022\/01\/halo-chart-mobile.jpg 1597w, https:\/\/www.selmar.cl\/wp-content\/uploads\/2022\/01\/halo-chart-mobile-680x186.jpg 680w, https:\/\/www.selmar.cl\/wp-content\/uploads\/2022\/01\/halo-chart-mobile-300x82.jpg 300w, https:\/\/www.selmar.cl\/wp-content\/uploads\/2022\/01\/halo-chart-mobile-1024x280.jpg 1024w, https:\/\/www.selmar.cl\/wp-content\/uploads\/2022\/01\/halo-chart-mobile-768x210.jpg 768w, https:\/\/www.selmar.cl\/wp-content\/uploads\/2022\/01\/halo-chart-mobile-1536x420.jpg 1536w, https:\/\/www.selmar.cl\/wp-content\/uploads\/2022\/01\/halo-chart-mobile-110x30.jpg 110w, https:\/\/www.selmar.cl\/wp-content\/uploads\/2022\/01\/halo-chart-mobile-660x181.jpg 660w\" sizes=\"(max-width: 1597px) 100vw, 1597px\" \/>\t\t\t\t\t\t\t\t\t\t\t\t\t\t\t<\/div>\n\t\t\t\t<\/div>\n\t\t\t\t\t<\/div>\n\t\t<\/div>\n\t\t\t\t\t<\/div>\n\t\t<\/section>\n\t\t\t\t<section class=\"elementor-section elementor-top-section elementor-element elementor-element-1fd4e25 elementor-section-full_width elementor-section-height-default elementor-section-height-default\" data-id=\"1fd4e25\" data-element_type=\"section\" data-e-type=\"section\">\n\t\t\t\t\t\t<div class=\"elementor-container elementor-column-gap-default\">\n\t\t\t\t\t<div class=\"elementor-column elementor-col-100 elementor-top-column elementor-element elementor-element-7e85ffd\" data-id=\"7e85ffd\" data-element_type=\"column\" data-e-type=\"column\">\n\t\t\t<div class=\"elementor-widget-wrap elementor-element-populated\">\n\t\t\t\t\t\t<div class=\"elementor-element elementor-element-1e7aff5 elementor-widget elementor-widget-text-editor\" data-id=\"1e7aff5\" data-element_type=\"widget\" data-e-type=\"widget\" data-widget_type=\"text-editor.default\">\n\t\t\t\t<div class=\"elementor-widget-container\">\n\t\t\t\t\t\t\t\t\t<h3 class=\"c-text-block__heading\">Una mejor percepci\u00f3n de la situaci\u00f3n<\/h3><div class=\"c-text-block__text\"><div class=\"e-richtext\"><p>El radar HALO20 incorpora una completa gama de funciones para mejorar tu percepci\u00f3n situacional y tu seguridad en el mar. Supervisa los riesgos de colisi\u00f3n seleccionados, gracias al seguimiento de objetivos MARPA, que te permite rastrear hasta 10 objetivos o 20 en modo Dual Range. Tanto si surcas v\u00edas navegables muy concurridas, como si compites con mala visibilidad, el radar HALO20 resuelve la confusi\u00f3n para darte una idea clara y actualizada de tu entorno.<\/p><\/div><\/div>\t\t\t\t\t\t\t\t<\/div>\n\t\t\t\t<\/div>\n\t\t\t\t\t<\/div>\n\t\t<\/div>\n\t\t\t\t\t<\/div>\n\t\t<\/section>\n\t\t\t\t<section class=\"elementor-section elementor-top-section elementor-element elementor-element-a83dccb elementor-section-full_width elementor-section-height-default elementor-section-height-default\" data-id=\"a83dccb\" data-element_type=\"section\" data-e-type=\"section\">\n\t\t\t\t\t\t<div class=\"elementor-container elementor-column-gap-default\">\n\t\t\t\t\t<div class=\"elementor-column elementor-col-100 elementor-top-column elementor-element elementor-element-b311e00\" data-id=\"b311e00\" data-element_type=\"column\" data-e-type=\"column\">\n\t\t\t<div class=\"elementor-widget-wrap elementor-element-populated\">\n\t\t\t\t\t\t<div class=\"elementor-element elementor-element-701c6c2 elementor-widget elementor-widget-image\" data-id=\"701c6c2\" data-element_type=\"widget\" data-e-type=\"widget\" data-widget_type=\"image.default\">\n\t\t\t\t<div class=\"elementor-widget-container\">\n\t\t\t\t\t\t\t\t\t\t\t\t\t\t\t<img decoding=\"async\" width=\"1600\" height=\"400\" src=\"https:\/\/www.selmar.cl\/wp-content\/uploads\/2022\/01\/awareness-desktop.jpg\" class=\"attachment-full size-full wp-image-5017\" alt=\"\" srcset=\"https:\/\/www.selmar.cl\/wp-content\/uploads\/2022\/01\/awareness-desktop.jpg 1600w, https:\/\/www.selmar.cl\/wp-content\/uploads\/2022\/01\/awareness-desktop-680x170.jpg 680w, https:\/\/www.selmar.cl\/wp-content\/uploads\/2022\/01\/awareness-desktop-300x75.jpg 300w, https:\/\/www.selmar.cl\/wp-content\/uploads\/2022\/01\/awareness-desktop-1024x256.jpg 1024w, https:\/\/www.selmar.cl\/wp-content\/uploads\/2022\/01\/awareness-desktop-768x192.jpg 768w, https:\/\/www.selmar.cl\/wp-content\/uploads\/2022\/01\/awareness-desktop-1536x384.jpg 1536w, https:\/\/www.selmar.cl\/wp-content\/uploads\/2022\/01\/awareness-desktop-120x30.jpg 120w, https:\/\/www.selmar.cl\/wp-content\/uploads\/2022\/01\/awareness-desktop-660x165.jpg 660w\" sizes=\"(max-width: 1600px) 100vw, 1600px\" \/>\t\t\t\t\t\t\t\t\t\t\t\t\t\t\t<\/div>\n\t\t\t\t<\/div>\n\t\t\t\t\t<\/div>\n\t\t<\/div>\n\t\t\t\t\t<\/div>\n\t\t<\/section>\n\t\t\t\t<section class=\"elementor-section elementor-top-section elementor-element elementor-element-bdb13c7 elementor-section-full_width elementor-section-height-default elementor-section-height-default\" data-id=\"bdb13c7\" data-element_type=\"section\" data-e-type=\"section\">\n\t\t\t\t\t\t<div class=\"elementor-container elementor-column-gap-default\">\n\t\t\t\t\t<div class=\"elementor-column elementor-col-100 elementor-top-column elementor-element elementor-element-61e5d3f\" data-id=\"61e5d3f\" data-element_type=\"column\" data-e-type=\"column\">\n\t\t\t<div class=\"elementor-widget-wrap elementor-element-populated\">\n\t\t\t\t\t\t<div class=\"elementor-element elementor-element-fa502fe elementor-widget elementor-widget-text-editor\" data-id=\"fa502fe\" data-element_type=\"widget\" data-e-type=\"widget\" data-widget_type=\"text-editor.default\">\n\t\t\t\t<div class=\"elementor-widget-container\">\n\t\t\t\t\t\t\t\t\t<h3 class=\"c-text-block__heading\">F\u00e1cil de usar<\/h3><div class=\"c-text-block__text\"><div class=\"e-richtext\"><p>Los modos de Puerto, Altamar y Clima, as\u00ed como los modos personalizados, te permiten ajustar el procesamiento avanzado de la se\u00f1al del radar HALO20, para garantizar que los objetivos se vean claramente, incluso en las condiciones ambientales m\u00e1s adversas.<\/p><\/div><\/div>\t\t\t\t\t\t\t\t<\/div>\n\t\t\t\t<\/div>\n\t\t\t\t\t<\/div>\n\t\t<\/div>\n\t\t\t\t\t<\/div>\n\t\t<\/section>\n\t\t\t\t<section class=\"elementor-section elementor-top-section elementor-element elementor-element-dad5036 elementor-section-full_width elementor-section-height-default elementor-section-height-default\" data-id=\"dad5036\" data-element_type=\"section\" data-e-type=\"section\">\n\t\t\t\t\t\t<div class=\"elementor-container elementor-column-gap-default\">\n\t\t\t\t\t<div class=\"elementor-column elementor-col-100 elementor-top-column elementor-element elementor-element-2627f20\" data-id=\"2627f20\" data-element_type=\"column\" data-e-type=\"column\">\n\t\t\t<div class=\"elementor-widget-wrap elementor-element-populated\">\n\t\t\t\t\t\t<div class=\"elementor-element elementor-element-f5e6b66 elementor-widget elementor-widget-image\" data-id=\"f5e6b66\" data-element_type=\"widget\" data-e-type=\"widget\" data-widget_type=\"image.default\">\n\t\t\t\t<div class=\"elementor-widget-container\">\n\t\t\t\t\t\t\t\t\t\t\t\t\t\t\t<img decoding=\"async\" width=\"1599\" height=\"400\" src=\"https:\/\/www.selmar.cl\/wp-content\/uploads\/2022\/01\/halo-24-shots_344342x.jpg\" class=\"attachment-full size-full wp-image-5048\" alt=\"\" srcset=\"https:\/\/www.selmar.cl\/wp-content\/uploads\/2022\/01\/halo-24-shots_344342x.jpg 1599w, https:\/\/www.selmar.cl\/wp-content\/uploads\/2022\/01\/halo-24-shots_344342x-680x170.jpg 680w, https:\/\/www.selmar.cl\/wp-content\/uploads\/2022\/01\/halo-24-shots_344342x-300x75.jpg 300w, https:\/\/www.selmar.cl\/wp-content\/uploads\/2022\/01\/halo-24-shots_344342x-1024x256.jpg 1024w, https:\/\/www.selmar.cl\/wp-content\/uploads\/2022\/01\/halo-24-shots_344342x-768x192.jpg 768w, https:\/\/www.selmar.cl\/wp-content\/uploads\/2022\/01\/halo-24-shots_344342x-1536x384.jpg 1536w, https:\/\/www.selmar.cl\/wp-content\/uploads\/2022\/01\/halo-24-shots_344342x-120x30.jpg 120w, https:\/\/www.selmar.cl\/wp-content\/uploads\/2022\/01\/halo-24-shots_344342x-660x165.jpg 660w\" sizes=\"(max-width: 1599px) 100vw, 1599px\" \/>\t\t\t\t\t\t\t\t\t\t\t\t\t\t\t<\/div>\n\t\t\t\t<\/div>\n\t\t\t\t\t<\/div>\n\t\t<\/div>\n\t\t\t\t\t<\/div>\n\t\t<\/section>\n\t\t\t\t<section class=\"elementor-section elementor-top-section elementor-element elementor-element-b7c69bf elementor-section-full_width elementor-section-height-default elementor-section-height-default\" data-id=\"b7c69bf\" data-element_type=\"section\" data-e-type=\"section\">\n\t\t\t\t\t\t<div class=\"elementor-container elementor-column-gap-default\">\n\t\t\t\t\t<div class=\"elementor-column elementor-col-100 elementor-top-column elementor-element elementor-element-0866208\" data-id=\"0866208\" data-element_type=\"column\" data-e-type=\"column\">\n\t\t\t<div class=\"elementor-widget-wrap elementor-element-populated\">\n\t\t\t\t\t\t<div class=\"elementor-element elementor-element-e2392aa elementor-widget elementor-widget-text-editor\" data-id=\"e2392aa\" data-element_type=\"widget\" data-e-type=\"widget\" data-widget_type=\"text-editor.default\">\n\t\t\t\t<div class=\"elementor-widget-container\">\n\t\t\t\t\t\t\t\t\t<h3 class=\"c-text-block__heading\">Siempre listo<\/h3><div class=\"c-text-block__text\"><div class=\"e-richtext\"><p>El radar HALO20 sale instant\u00e1neamente del modo en espera de bajo consumo, ofreciendo cobertura de radar exactamente donde y cuando la necesitas. Incluso si tu radar HALO20 est\u00e1 completamente apagado, se inicia en cuesti\u00f3n de segundos, no en minutos como los radares de pulsos tradicionales.<\/p><\/div><\/div>\t\t\t\t\t\t\t\t<\/div>\n\t\t\t\t<\/div>\n\t\t\t\t\t<\/div>\n\t\t<\/div>\n\t\t\t\t\t<\/div>\n\t\t<\/section>\n\t\t\t\t<section class=\"elementor-section elementor-top-section elementor-element elementor-element-5b5815c elementor-section-full_width elementor-section-height-default elementor-section-height-default\" data-id=\"5b5815c\" data-element_type=\"section\" data-e-type=\"section\">\n\t\t\t\t\t\t<div class=\"elementor-container elementor-column-gap-default\">\n\t\t\t\t\t<div class=\"elementor-column elementor-col-100 elementor-top-column elementor-element elementor-element-3140fd1\" data-id=\"3140fd1\" data-element_type=\"column\" data-e-type=\"column\">\n\t\t\t<div class=\"elementor-widget-wrap elementor-element-populated\">\n\t\t\t\t\t\t<div class=\"elementor-element elementor-element-ae10c3a elementor-widget elementor-widget-text-editor\" data-id=\"ae10c3a\" data-element_type=\"widget\" data-e-type=\"widget\" data-widget_type=\"text-editor.default\">\n\t\t\t\t<div class=\"elementor-widget-container\">\n\t\t\t\t\t\t\t\t\t<h3 class=\"c-key-features__heading\">Caracter\u00edsticas principales<\/h3><div class=\"c-key-features__items e-richtext col-sm-6 col-sm-push-3\"><ul><li>Compresi\u00f3n de pulsos de 10 W<\/li><li>Alcance de 24 nm a partir de una antena de tipo domo de 61 cm (20 pulg.)<\/li><li>Sin rival a corta distancia<\/li><li>No produce radiaci\u00f3n<\/li><li>Funcionamiento sencillo gracias a los distintos modos para puerto, altamar y clima<\/li><li>Seguimiento de objetivos MARPA<\/li><li>InstantOn\u2122<\/li><li>Bajo consumo energ\u00e9tico<\/li><li>Zonas de guarda<\/li><\/ul><\/div>\t\t\t\t\t\t\t\t<\/div>\n\t\t\t\t<\/div>\n\t\t\t\t\t<\/div>\n\t\t<\/div>\n\t\t\t\t\t<\/div>\n\t\t<\/section>\n\t\t\t\t<\/div>","protected":false},"excerpt":{"rendered":"<p>Una forma rentable de aumentar la percepci\u00f3n de la situaci\u00f3n geogr\u00e1fica y evitar las colisiones: el HALO20 es un radar tipo domo compacto y con tecnolog\u00eda de compresi\u00f3n de pulsos, que detecta los riesgos de colisi\u00f3n y otros objetivos, tanto de cerca, como hasta las 24 millas n\u00e1uticas de distancia.<\/p>","protected":false},"featured_media":4954,"comment_status":"open","ping_status":"closed","template":"","meta":[],"product_brand":[],"product_cat":[143,177,238],"product_tag":[],"class_list":{"0":"post-5044","1":"product","2":"type-product","3":"status-publish","4":"has-post-thumbnail","6":"product_cat-navegacion","7":"product_cat-radar","8":"product_cat-antenas-de-radar","9":"yith_product_brand-simrad","11":"first","12":"instock","13":"taxable","14":"shipping-taxable","15":"product-type-simple"},"_links":{"self":[{"href":"https:\/\/www.selmar.cl\/en\/wp-json\/wp\/v2\/product\/5044","targetHints":{"allow":["GET"]}}],"collection":[{"href":"https:\/\/www.selmar.cl\/en\/wp-json\/wp\/v2\/product"}],"about":[{"href":"https:\/\/www.selmar.cl\/en\/wp-json\/wp\/v2\/types\/product"}],"replies":[{"embeddable":true,"href":"https:\/\/www.selmar.cl\/en\/wp-json\/wp\/v2\/comments?post=5044"}],"version-history":[{"count":7,"href":"https:\/\/www.selmar.cl\/en\/wp-json\/wp\/v2\/product\/5044\/revisions"}],"predecessor-version":[{"id":5063,"href":"https:\/\/www.selmar.cl\/en\/wp-json\/wp\/v2\/product\/5044\/revisions\/5063"}],"wp:featuredmedia":[{"embeddable":true,"href":"https:\/\/www.selmar.cl\/en\/wp-json\/wp\/v2\/media\/4954"}],"wp:attachment":[{"href":"https:\/\/www.selmar.cl\/en\/wp-json\/wp\/v2\/media?parent=5044"}],"wp:term":[{"taxonomy":"product_brand","embeddable":true,"href":"https:\/\/www.selmar.cl\/en\/wp-json\/wp\/v2\/product_brand?post=5044"},{"taxonomy":"product_cat","embeddable":true,"href":"https:\/\/www.selmar.cl\/en\/wp-json\/wp\/v2\/product_cat?post=5044"},{"taxonomy":"product_tag","embeddable":true,"href":"https:\/\/www.selmar.cl\/en\/wp-json\/wp\/v2\/product_tag?post=5044"}],"curies":[{"name":"wp","href":"https:\/\/api.w.org\/{rel}","templated":true}]}}