{"id":4934,"date":"2022-01-10T15:19:39","date_gmt":"2022-01-10T18:19:39","guid":{"rendered":"https:\/\/www.selmar.cl\/WEB3\/?post_type=product&#038;p=4934"},"modified":"2022-01-10T18:35:42","modified_gmt":"2022-01-10T21:35:42","slug":"jrc-jma-serie-7200","status":"publish","type":"product","link":"https:\/\/www.selmar.cl\/en\/tienda\/navegacion\/radar\/radar-banda-x\/jrc-jma-serie-7200\/","title":{"rendered":"JRC JMA SERIE 7200"},"content":{"rendered":"<p>La R en JRC, por as\u00ed decirlo, podr\u00eda asociarse f\u00e1cilmente con Radar en lugar de Radio. Desde nuestros humildes comienzos en 1915 como fabricante de radios, la empresa ha crecido hasta convertirse en un l\u00edder mundial en sistemas de radar marino con muchas primicias mundiales, habiendo vendido cerca de 400 000 unidades.<\/p>\n<p>JRC dispone de una amplia gama de esc\u00e1neres. La banda X ofrece una mayor resoluci\u00f3n y detecci\u00f3n de objetivos m\u00e1s peque\u00f1os, pero est\u00e1 sujeta a la interferencia de la lluvia y el mar. El radar de banda S tiene un mayor alcance y menos interferencias de la lluvia y los ecos par\u00e1sitos del mar, pero tiene menos sensibilidad para objetivos peque\u00f1os. Disponible como tipo de magnetr\u00f3n tradicional o estado s\u00f3lido (banda S), esc\u00e1neres de bajo mantenimiento, transceptor arriba o abajo, varias longitudes de esc\u00e1ner y potencia de salida, velocidad normal o alta, muchas variaciones son posibles, para tener siempre una soluci\u00f3n a la mano su tipo de embarcaci\u00f3n.<\/p>","protected":false},"excerpt":{"rendered":"<p>La R en JRC, por as\u00ed decirlo, podr\u00eda asociarse f\u00e1cilmente con Radar en lugar de Radio.<\/p>","protected":false},"featured_media":4936,"comment_status":"open","ping_status":"closed","template":"","meta":[],"product_brand":[],"product_cat":[143,177,182,183],"product_tag":[],"class_list":{"0":"post-4934","1":"product","2":"type-product","3":"status-publish","4":"has-post-thumbnail","6":"product_cat-navegacion","7":"product_cat-radar","8":"product_cat-radar-banda-x","9":"product_cat-radar-banda-s","10":"yith_product_brand-jrc-japan-radio-company","12":"first","13":"instock","14":"taxable","15":"shipping-taxable","16":"product-type-simple"},"_links":{"self":[{"href":"https:\/\/www.selmar.cl\/en\/wp-json\/wp\/v2\/product\/4934","targetHints":{"allow":["GET"]}}],"collection":[{"href":"https:\/\/www.selmar.cl\/en\/wp-json\/wp\/v2\/product"}],"about":[{"href":"https:\/\/www.selmar.cl\/en\/wp-json\/wp\/v2\/types\/product"}],"replies":[{"embeddable":true,"href":"https:\/\/www.selmar.cl\/en\/wp-json\/wp\/v2\/comments?post=4934"}],"version-history":[{"count":0,"href":"https:\/\/www.selmar.cl\/en\/wp-json\/wp\/v2\/product\/4934\/revisions"}],"wp:featuredmedia":[{"embeddable":true,"href":"https:\/\/www.selmar.cl\/en\/wp-json\/wp\/v2\/media\/4936"}],"wp:attachment":[{"href":"https:\/\/www.selmar.cl\/en\/wp-json\/wp\/v2\/media?parent=4934"}],"wp:term":[{"taxonomy":"product_brand","embeddable":true,"href":"https:\/\/www.selmar.cl\/en\/wp-json\/wp\/v2\/product_brand?post=4934"},{"taxonomy":"product_cat","embeddable":true,"href":"https:\/\/www.selmar.cl\/en\/wp-json\/wp\/v2\/product_cat?post=4934"},{"taxonomy":"product_tag","embeddable":true,"href":"https:\/\/www.selmar.cl\/en\/wp-json\/wp\/v2\/product_tag?post=4934"}],"curies":[{"name":"wp","href":"https:\/\/api.w.org\/{rel}","templated":true}]}}