{"id":4930,"date":"2022-01-10T14:37:20","date_gmt":"2022-01-10T17:37:20","guid":{"rendered":"https:\/\/www.selmar.cl\/WEB3\/?post_type=product&#038;p=4930"},"modified":"2022-01-10T18:34:36","modified_gmt":"2022-01-10T21:34:36","slug":"jrc-jma-serie-5400","status":"publish","type":"product","link":"https:\/\/www.selmar.cl\/en\/tienda\/navegacion\/radar\/radar-banda-x\/jrc-jma-serie-5400\/","title":{"rendered":"JRC JMA SERIE 5400"},"content":{"rendered":"<p>El nuevo radar JMR-5400 de alto rendimiento mejora significativamente la detecci\u00f3n de corto alcance y la discriminaci\u00f3n de objetivos presentados en pantallas de alto brillo con una operaci\u00f3n intuitiva basada en iconos. El sistema funciona con la \u00faltima tecnolog\u00eda de procesamiento de se\u00f1ales dise\u00f1ada por el JRC, lo que permite que las im\u00e1genes de radar se ejecuten sin esfuerzo de manera m\u00e1s r\u00e1pida y eficiente que nunca.<\/p>\n<p>La sensibilidad estable de largo alcance y las incomparables capacidades de b\u00fasqueda de corto alcance brindan un apoyo indispensable durante la navegaci\u00f3n. No hace falta decir que la capacidad de detecci\u00f3n de peque\u00f1os objetivos enterrados en el mar, la lluvia y el desorden de reflexi\u00f3n de la nieve es uno de los requisitos de rendimiento m\u00e1s importantes en un radar marino, si no es as\u00ed. Con nuestro n\u00facleo de radar desarrollado internamente, podemos garantizar, incluso con mal tiempo, una imagen de radar clara con objetivos claros. Al agregar la tecnolog\u00eda de optimizaci\u00f3n patentada a la funci\u00f3n autom\u00e1tica de eliminaci\u00f3n de desorden, la discriminaci\u00f3n de im\u00e1genes a distancias cercanas ha alcanzado un nivel completamente nuevo.<\/p>","protected":false},"excerpt":{"rendered":"<p>El nuevo radar JMR-5400 de alto rendimiento mejora significativamente la detecci\u00f3n de corto alcance y la discriminaci\u00f3n de objetivos presentados en pantallas de alto brillo con una operaci\u00f3n intuitiva basada en iconos.<\/p>","protected":false},"featured_media":4931,"comment_status":"open","ping_status":"closed","template":"","meta":[],"product_brand":[],"product_cat":[143,177,182,183],"product_tag":[],"class_list":{"0":"post-4930","1":"product","2":"type-product","3":"status-publish","4":"has-post-thumbnail","6":"product_cat-navegacion","7":"product_cat-radar","8":"product_cat-radar-banda-x","9":"product_cat-radar-banda-s","10":"yith_product_brand-jrc-japan-radio-company","12":"first","13":"instock","14":"taxable","15":"shipping-taxable","16":"product-type-simple"},"_links":{"self":[{"href":"https:\/\/www.selmar.cl\/en\/wp-json\/wp\/v2\/product\/4930","targetHints":{"allow":["GET"]}}],"collection":[{"href":"https:\/\/www.selmar.cl\/en\/wp-json\/wp\/v2\/product"}],"about":[{"href":"https:\/\/www.selmar.cl\/en\/wp-json\/wp\/v2\/types\/product"}],"replies":[{"embeddable":true,"href":"https:\/\/www.selmar.cl\/en\/wp-json\/wp\/v2\/comments?post=4930"}],"version-history":[{"count":0,"href":"https:\/\/www.selmar.cl\/en\/wp-json\/wp\/v2\/product\/4930\/revisions"}],"wp:featuredmedia":[{"embeddable":true,"href":"https:\/\/www.selmar.cl\/en\/wp-json\/wp\/v2\/media\/4931"}],"wp:attachment":[{"href":"https:\/\/www.selmar.cl\/en\/wp-json\/wp\/v2\/media?parent=4930"}],"wp:term":[{"taxonomy":"product_brand","embeddable":true,"href":"https:\/\/www.selmar.cl\/en\/wp-json\/wp\/v2\/product_brand?post=4930"},{"taxonomy":"product_cat","embeddable":true,"href":"https:\/\/www.selmar.cl\/en\/wp-json\/wp\/v2\/product_cat?post=4930"},{"taxonomy":"product_tag","embeddable":true,"href":"https:\/\/www.selmar.cl\/en\/wp-json\/wp\/v2\/product_tag?post=4930"}],"curies":[{"name":"wp","href":"https:\/\/api.w.org\/{rel}","templated":true}]}}