{"id":4926,"date":"2022-01-10T13:09:50","date_gmt":"2022-01-10T16:09:50","guid":{"rendered":"https:\/\/www.selmar.cl\/WEB3\/?post_type=product&#038;p=4926"},"modified":"2022-01-10T18:32:38","modified_gmt":"2022-01-10T21:32:38","slug":"jrc-jma-3411-4","status":"publish","type":"product","link":"https:\/\/www.selmar.cl\/en\/tienda\/navegacion\/radar\/radar-banda-x\/jrc-jma-3411-4\/","title":{"rendered":"JRC JMA 3411-4"},"content":{"rendered":"<h3>Descripci\u00f3n<\/h3>\n<p>La \u00faltima incorporaci\u00f3n a la gama de radares del JRC es la serie JMA-3400. Este radar liviano tiene un sistema de operaci\u00f3n f\u00e1cil de usar y est\u00e1 especialmente dise\u00f1ado para barcos de pesca, embarcaciones comerciales no internacionales y embarcaciones de trabajo. El sistema se puede completar eligiendo entre una variedad de esc\u00e1neres de 2 pies, 3,9 pies, 4 pies y 6 pies.<\/p>\n<p>La pantalla LCD regulable de 12,1 pulgadas proporciona una excelente visibilidad y durabilidad. Reduce el reflejo de la luz solar y muestra im\u00e1genes claras incluso de los objetivos m\u00e1s peque\u00f1os. El teclado ergon\u00f3mico ofrece teclas personalizables por el usuario. La programaci\u00f3n de las teclas de USUARIO le brinda acceso instant\u00e1neo a sus funciones favoritas. El cuerpo delgado recientemente desarrollado se reduce hasta una profundidad de solo 97,1 mm, de modo que se puede instalar en recipientes peque\u00f1os donde se debe tener en cuenta el uso efectivo del espacio limitado.<\/p>\n<p>Al mostrar la imagen del radar y la carta NAVIONICS + \u00b9 de manera superpuesta, puede captar la relaci\u00f3n entre la imagen del radar y las costas simult\u00e1neamente. Naturalmente, nuestra funcionalidad Constaview patentada en tiempo real est\u00e1 incorporada en el nuevo sistema de radar, procesando la imagen del radar antes de mostrarse, generando una rotaci\u00f3n suave cuando se navega en modo Head-Up. Para utilizar Head-Up en tiempo real, se requiere la informaci\u00f3n de posici\u00f3n del barco propio (conexi\u00f3n GPS) y la entrada de informaci\u00f3n de rumbo (conexi\u00f3n de br\u00fajula). Al cambiar a North-Up, la nueva imagen de radar se muestra sin ning\u00fan retraso causado por la rotaci\u00f3n del esc\u00e1ner. Al mostrar los otros barcos que se mueven con la cola y mostrar los objetos fijos, como la tierra y las boyas, para que no tiren de la cola, se pueden leer con precisi\u00f3n los movimientos y los objetos fijos de otros barcos.<\/p>","protected":false},"excerpt":{"rendered":"<p>La \u00faltima incorporaci\u00f3n a la gama de radares del JRC es la serie JMA-3400. Este radar liviano tiene un sistema de operaci\u00f3n f\u00e1cil de usar y est\u00e1 especialmente dise\u00f1ado para barcos de pesca, embarcaciones comerciales no internacionales y embarcaciones de trabajo.<\/p>","protected":false},"featured_media":4919,"comment_status":"open","ping_status":"closed","template":"","meta":[],"product_brand":[],"product_cat":[143,177,182],"product_tag":[],"class_list":{"0":"post-4926","1":"product","2":"type-product","3":"status-publish","4":"has-post-thumbnail","6":"product_cat-navegacion","7":"product_cat-radar","8":"product_cat-radar-banda-x","9":"yith_product_brand-jrc-japan-radio-company","11":"first","12":"instock","13":"taxable","14":"shipping-taxable","15":"product-type-simple"},"_links":{"self":[{"href":"https:\/\/www.selmar.cl\/en\/wp-json\/wp\/v2\/product\/4926","targetHints":{"allow":["GET"]}}],"collection":[{"href":"https:\/\/www.selmar.cl\/en\/wp-json\/wp\/v2\/product"}],"about":[{"href":"https:\/\/www.selmar.cl\/en\/wp-json\/wp\/v2\/types\/product"}],"replies":[{"embeddable":true,"href":"https:\/\/www.selmar.cl\/en\/wp-json\/wp\/v2\/comments?post=4926"}],"version-history":[{"count":0,"href":"https:\/\/www.selmar.cl\/en\/wp-json\/wp\/v2\/product\/4926\/revisions"}],"wp:featuredmedia":[{"embeddable":true,"href":"https:\/\/www.selmar.cl\/en\/wp-json\/wp\/v2\/media\/4919"}],"wp:attachment":[{"href":"https:\/\/www.selmar.cl\/en\/wp-json\/wp\/v2\/media?parent=4926"}],"wp:term":[{"taxonomy":"product_brand","embeddable":true,"href":"https:\/\/www.selmar.cl\/en\/wp-json\/wp\/v2\/product_brand?post=4926"},{"taxonomy":"product_cat","embeddable":true,"href":"https:\/\/www.selmar.cl\/en\/wp-json\/wp\/v2\/product_cat?post=4926"},{"taxonomy":"product_tag","embeddable":true,"href":"https:\/\/www.selmar.cl\/en\/wp-json\/wp\/v2\/product_tag?post=4926"}],"curies":[{"name":"wp","href":"https:\/\/api.w.org\/{rel}","templated":true}]}}