{"id":4901,"date":"2021-12-27T23:13:21","date_gmt":"2021-12-28T02:13:21","guid":{"rendered":"https:\/\/www.selmar.cl\/WEB3\/?post_type=product&#038;p=4901"},"modified":"2022-01-10T18:41:55","modified_gmt":"2022-01-10T21:41:55","slug":"samyung-smr-3700","status":"publish","type":"product","link":"https:\/\/www.selmar.cl\/en\/tienda\/navegacion\/radar\/radar-banda-x\/samyung-smr-3700\/","title":{"rendered":"SAMYUNG SMR 3700"},"content":{"rendered":"<ul>\n<li>Capacidad superior para mostrar objetivos de rango cerrado.<\/li>\n<li>Capaz de interactuar con AIS y pantalla de destino.<\/li>\n<li>Capaz de ampliar el \u00e1rea de destino especial para la selecci\u00f3n de uso.<\/li>\n<li>Capaz de elegir brillo de color en 10 niveles para navegaci\u00f3n nocturna.<\/li>\n<li>Puede elegir el color de la pantalla entre blanco, amarillo, verde.<\/li>\n<li>Adopt\u00f3 la tecla de 8 direcciones para hacer que el cursor se mueva con velocidad.<\/li>\n<li>Puede configurar el rango de muchas maneras que el usuario necesita.<\/li>\n<li>Modo Tx intermitente: puede funcionar con bajo consumo el\u00e9ctrico.<\/li>\n<li>Puede mover el punto central de la pantalla y observar la larga distancia de la direcci\u00f3n deseada.<\/li>\n<li>Mostrar l\u00ednea paralela: puede mantener cierta distancia entre otras embarcaciones.<\/li>\n<li>Configuraci\u00f3n de zona de advertencia para invasi\u00f3n y separaci\u00f3n en varios m\u00e9todos<\/li>\n<\/ul>","protected":false},"excerpt":{"rendered":"<p>Capacidad superior para mostrar objetivos de rango cerrado.<\/p>","protected":false},"featured_media":4902,"comment_status":"open","ping_status":"closed","template":"","meta":[],"product_brand":[],"product_cat":[143,177,182],"product_tag":[],"class_list":{"0":"post-4901","1":"product","2":"type-product","3":"status-publish","4":"has-post-thumbnail","6":"product_cat-navegacion","7":"product_cat-radar","8":"product_cat-radar-banda-x","9":"yith_product_brand-samyung","11":"first","12":"instock","13":"taxable","14":"shipping-taxable","15":"product-type-simple"},"_links":{"self":[{"href":"https:\/\/www.selmar.cl\/en\/wp-json\/wp\/v2\/product\/4901","targetHints":{"allow":["GET"]}}],"collection":[{"href":"https:\/\/www.selmar.cl\/en\/wp-json\/wp\/v2\/product"}],"about":[{"href":"https:\/\/www.selmar.cl\/en\/wp-json\/wp\/v2\/types\/product"}],"replies":[{"embeddable":true,"href":"https:\/\/www.selmar.cl\/en\/wp-json\/wp\/v2\/comments?post=4901"}],"version-history":[{"count":0,"href":"https:\/\/www.selmar.cl\/en\/wp-json\/wp\/v2\/product\/4901\/revisions"}],"wp:featuredmedia":[{"embeddable":true,"href":"https:\/\/www.selmar.cl\/en\/wp-json\/wp\/v2\/media\/4902"}],"wp:attachment":[{"href":"https:\/\/www.selmar.cl\/en\/wp-json\/wp\/v2\/media?parent=4901"}],"wp:term":[{"taxonomy":"product_brand","embeddable":true,"href":"https:\/\/www.selmar.cl\/en\/wp-json\/wp\/v2\/product_brand?post=4901"},{"taxonomy":"product_cat","embeddable":true,"href":"https:\/\/www.selmar.cl\/en\/wp-json\/wp\/v2\/product_cat?post=4901"},{"taxonomy":"product_tag","embeddable":true,"href":"https:\/\/www.selmar.cl\/en\/wp-json\/wp\/v2\/product_tag?post=4901"}],"curies":[{"name":"wp","href":"https:\/\/api.w.org\/{rel}","templated":true}]}}