{"id":4119,"date":"2021-08-24T17:11:46","date_gmt":"2021-08-24T20:11:46","guid":{"rendered":"https:\/\/www.ramcotec.cl\/prueba\/?page_id=4119"},"modified":"2021-09-06T17:43:35","modified_gmt":"2021-09-06T20:43:35","slug":"envios","status":"publish","type":"page","link":"https:\/\/www.selmar.cl\/en\/ayuda\/envios\/","title":{"rendered":"Shipments"},"content":{"rendered":"<div data-elementor-type=\"wp-page\" data-elementor-id=\"4119\" class=\"elementor elementor-4119\">\n\t\t\t\t\t\t<section class=\"elementor-section elementor-top-section elementor-element elementor-element-6f6665e elementor-section-boxed elementor-section-height-default elementor-section-height-default\" data-id=\"6f6665e\" data-element_type=\"section\" data-e-type=\"section\">\n\t\t\t\t\t\t<div class=\"elementor-container elementor-column-gap-default\">\n\t\t\t\t\t<div class=\"elementor-column elementor-col-33 elementor-top-column elementor-element elementor-element-08dd658\" data-id=\"08dd658\" data-element_type=\"column\" data-e-type=\"column\">\n\t\t\t<div class=\"elementor-widget-wrap elementor-element-populated\">\n\t\t\t\t\t\t<div class=\"elementor-element elementor-element-3b0d21c elementor-widget elementor-widget-text-editor\" data-id=\"3b0d21c\" data-element_type=\"widget\" data-e-type=\"widget\" data-widget_type=\"text-editor.default\">\n\t\t\t\t<div class=\"elementor-widget-container\">\n\t\t\t\t\t\t\t\t\t<h2>Shipments<\/h2>\t\t\t\t\t\t\t\t<\/div>\n\t\t\t\t<\/div>\n\t\t\t\t\t<\/div>\n\t\t<\/div>\n\t\t\t\t<div class=\"elementor-column elementor-col-66 elementor-top-column elementor-element elementor-element-982ec9f\" data-id=\"982ec9f\" data-element_type=\"column\" data-e-type=\"column\">\n\t\t\t<div class=\"elementor-widget-wrap elementor-element-populated\">\n\t\t\t\t\t\t<div class=\"elementor-element elementor-element-e22ed6d elementor-widget elementor-widget-text-editor\" data-id=\"e22ed6d\" data-element_type=\"widget\" data-e-type=\"widget\" data-widget_type=\"text-editor.default\">\n\t\t\t\t<div class=\"elementor-widget-container\">\n\t\t\t\t\t\t\t\t\t<p>Enviamos pedidos a todo Chile continental dentro de las coberturas de las empresas de transporte, trabajamos con las siguientes empresas:<\/p><p>\u2013 Chilexpress (A domicilio, cobro directo en el carro de compras)<br \/>\u2013 Starken <em>(A sucursal por pagar, <strong><a href=\"https:\/\/www.starken.cl\/sucursales\" target=\"_blank\" rel=\"noopener\">Ver sucursales<\/a><\/strong>)<\/em><br \/>\u2013 Cruz del Sur <em>(A sucursal por pagar, <a href=\"https:\/\/www.webcds.cl\/es\/oficinas\" target=\"_blank\" rel=\"noopener\"><strong>Ver sucursales<\/strong><\/a>)<\/em><br \/>\u2013 Bluexpress <em>(A sucursal por pagar, <a href=\"https:\/\/www.bluex.cl\/listado-sucursales\/\" target=\"_blank\" rel=\"noopener\"><strong>Ver sucursales<\/strong><\/a>)<\/em><\/p><p>Los plazos de entrega van desde 3 a 15 d\u00edas h\u00e1biles dependiendo de la empresa seleccionada de transporte y la ubicaci\u00f3n de entrega del producto.<\/p>\t\t\t\t\t\t\t\t<\/div>\n\t\t\t\t<\/div>\n\t\t\t\t\t<\/div>\n\t\t<\/div>\n\t\t\t\t\t<\/div>\n\t\t<\/section>\n\t\t\t\t<section class=\"elementor-section elementor-top-section elementor-element elementor-element-af8791f elementor-section-boxed elementor-section-height-default elementor-section-height-default\" data-id=\"af8791f\" data-element_type=\"section\" data-e-type=\"section\">\n\t\t\t\t\t\t<div class=\"elementor-container elementor-column-gap-default\">\n\t\t\t\t\t<div class=\"elementor-column elementor-col-100 elementor-top-column elementor-element elementor-element-51cf14e\" data-id=\"51cf14e\" data-element_type=\"column\" data-e-type=\"column\">\n\t\t\t<div class=\"elementor-widget-wrap elementor-element-populated\">\n\t\t\t\t\t\t<div class=\"elementor-element elementor-element-5fb8d54 elementor-widget-divider--view-line elementor-widget elementor-widget-divider\" data-id=\"5fb8d54\" data-element_type=\"widget\" data-e-type=\"widget\" data-widget_type=\"divider.default\">\n\t\t\t\t<div class=\"elementor-widget-container\">\n\t\t\t\t\t\t\t<div class=\"elementor-divider\">\n\t\t\t<span class=\"elementor-divider-separator\">\n\t\t\t\t\t\t<\/span>\n\t\t<\/div>\n\t\t\t\t\t\t<\/div>\n\t\t\t\t<\/div>\n\t\t\t\t\t<\/div>\n\t\t<\/div>\n\t\t\t\t\t<\/div>\n\t\t<\/section>\n\t\t\t\t<section class=\"elementor-section elementor-top-section elementor-element elementor-element-f6cbbe0 elementor-section-boxed elementor-section-height-default elementor-section-height-default\" data-id=\"f6cbbe0\" data-element_type=\"section\" data-e-type=\"section\">\n\t\t\t\t\t\t<div class=\"elementor-container elementor-column-gap-default\">\n\t\t\t\t\t<div class=\"elementor-column elementor-col-33 elementor-top-column elementor-element elementor-element-833b7b2\" data-id=\"833b7b2\" data-element_type=\"column\" data-e-type=\"column\">\n\t\t\t<div class=\"elementor-widget-wrap elementor-element-populated\">\n\t\t\t\t\t\t<div class=\"elementor-element elementor-element-bafeb75 elementor-widget elementor-widget-text-editor\" data-id=\"bafeb75\" data-element_type=\"widget\" data-e-type=\"widget\" data-widget_type=\"text-editor.default\">\n\t\t\t\t<div class=\"elementor-widget-container\">\n\t\t\t\t\t\t\t\t\t<h2>Free Shipping<\/h2>\t\t\t\t\t\t\t\t<\/div>\n\t\t\t\t<\/div>\n\t\t\t\t\t<\/div>\n\t\t<\/div>\n\t\t\t\t<div class=\"elementor-column elementor-col-66 elementor-top-column elementor-element elementor-element-47ccea6\" data-id=\"47ccea6\" data-element_type=\"column\" data-e-type=\"column\">\n\t\t\t<div class=\"elementor-widget-wrap elementor-element-populated\">\n\t\t\t\t\t\t<div class=\"elementor-element elementor-element-8b455e2 elementor-widget elementor-widget-text-editor\" data-id=\"8b455e2\" data-element_type=\"widget\" data-e-type=\"widget\" data-widget_type=\"text-editor.default\">\n\t\t\t\t<div class=\"elementor-widget-container\">\n\t\t\t\t\t\t\t\t\t<p>Descripci\u00f3n env\u00edos gratuitos<\/p>\t\t\t\t\t\t\t\t<\/div>\n\t\t\t\t<\/div>\n\t\t\t\t\t<\/div>\n\t\t<\/div>\n\t\t\t\t\t<\/div>\n\t\t<\/section>\n\t\t\t\t<\/div>","protected":false},"excerpt":{"rendered":"<p>Env\u00edos Enviamos pedidos a todo Chile continental dentro de las coberturas de las empresas de transporte, trabajamos con las siguientes empresas: \u2013 Chilexpress (A domicilio, cobro directo en el carro&hellip;<\/p>","protected":false},"author":1,"featured_media":0,"parent":4127,"menu_order":0,"comment_status":"closed","ping_status":"closed","template":"","meta":{"footnotes":""},"class_list":["post-4119","page","type-page","status-publish","hentry"],"_links":{"self":[{"href":"https:\/\/www.selmar.cl\/en\/wp-json\/wp\/v2\/pages\/4119","targetHints":{"allow":["GET"]}}],"collection":[{"href":"https:\/\/www.selmar.cl\/en\/wp-json\/wp\/v2\/pages"}],"about":[{"href":"https:\/\/www.selmar.cl\/en\/wp-json\/wp\/v2\/types\/page"}],"author":[{"embeddable":true,"href":"https:\/\/www.selmar.cl\/en\/wp-json\/wp\/v2\/users\/1"}],"replies":[{"embeddable":true,"href":"https:\/\/www.selmar.cl\/en\/wp-json\/wp\/v2\/comments?post=4119"}],"version-history":[{"count":0,"href":"https:\/\/www.selmar.cl\/en\/wp-json\/wp\/v2\/pages\/4119\/revisions"}],"up":[{"embeddable":true,"href":"https:\/\/www.selmar.cl\/en\/wp-json\/wp\/v2\/pages\/4127"}],"wp:attachment":[{"href":"https:\/\/www.selmar.cl\/en\/wp-json\/wp\/v2\/media?parent=4119"}],"curies":[{"name":"wp","href":"https:\/\/api.w.org\/{rel}","templated":true}]}}