{"id":3833,"date":"2021-08-09T19:26:54","date_gmt":"2021-08-09T22:26:54","guid":{"rendered":"https:\/\/www.ramcotec.cl\/prueba\/?page_id=3833"},"modified":"2022-04-07T15:07:10","modified_gmt":"2022-04-07T18:07:10","slug":"crear-una-cuenta","status":"publish","type":"page","link":"https:\/\/www.selmar.cl\/en\/ayuda\/crear-una-cuenta\/","title":{"rendered":"Create an account"},"content":{"rendered":"<div data-elementor-type=\"wp-page\" data-elementor-id=\"3833\" class=\"elementor elementor-3833\">\n\t\t\t\t\t\t<section class=\"elementor-section elementor-top-section elementor-element elementor-element-93470bc elementor-section-boxed elementor-section-height-default elementor-section-height-default\" data-id=\"93470bc\" data-element_type=\"section\" data-e-type=\"section\">\n\t\t\t\t\t\t<div class=\"elementor-container elementor-column-gap-default\">\n\t\t\t\t\t<div class=\"elementor-column elementor-col-100 elementor-top-column elementor-element elementor-element-90f5143\" data-id=\"90f5143\" data-element_type=\"column\" data-e-type=\"column\">\n\t\t\t<div class=\"elementor-widget-wrap elementor-element-populated\">\n\t\t\t\t\t\t<section class=\"elementor-section elementor-inner-section elementor-element elementor-element-fc0b99f elementor-section-boxed elementor-section-height-default elementor-section-height-default\" data-id=\"fc0b99f\" data-element_type=\"section\" data-e-type=\"section\">\n\t\t\t\t\t\t<div class=\"elementor-container elementor-column-gap-default\">\n\t\t\t\t\t<div class=\"elementor-column elementor-col-50 elementor-inner-column elementor-element elementor-element-3b51c4a\" data-id=\"3b51c4a\" data-element_type=\"column\" data-e-type=\"column\">\n\t\t\t<div class=\"elementor-widget-wrap elementor-element-populated\">\n\t\t\t\t\t\t<div class=\"elementor-element elementor-element-2564d3f elementor-widget elementor-widget-text-editor\" data-id=\"2564d3f\" data-element_type=\"widget\" data-e-type=\"widget\" data-widget_type=\"text-editor.default\">\n\t\t\t\t<div class=\"elementor-widget-container\">\n\t\t\t\t\t\t\t\t\t<h2>Crea tu cuenta y compra en selmar.cl<\/h2>\t\t\t\t\t\t\t\t<\/div>\n\t\t\t\t<\/div>\n\t\t\t\t\t<\/div>\n\t\t<\/div>\n\t\t\t\t<div class=\"elementor-column elementor-col-50 elementor-inner-column elementor-element elementor-element-e6fbc24\" data-id=\"e6fbc24\" data-element_type=\"column\" data-e-type=\"column\">\n\t\t\t<div class=\"elementor-widget-wrap elementor-element-populated\">\n\t\t\t\t\t\t<div class=\"elementor-element elementor-element-e1beb04 elementor-widget elementor-widget-text-editor\" data-id=\"e1beb04\" data-element_type=\"widget\" data-e-type=\"widget\" data-widget_type=\"text-editor.default\">\n\t\t\t\t<div class=\"elementor-widget-container\">\n\t\t\t\t\t\t\t\t\t<p>Para crear una cuenta de cliente con Selmar solo tienes que seguir los siguientes pasos:<\/p><ul><li>Realiza tu primera compra exitosa en nuestra web.<\/li><li>Tus credenciales con una contrase\u00f1a generada aleatoriamente ser\u00e1n autom\u00e1ticamente enviadas al correo indicado.<\/li><li>Ingresa a tu cuenta en nuestra web para cambiar la contrase\u00f1a y acceder a tu panel donde encontraras un listado con informaci\u00f3n de tus compras, podr\u00e1s modificar tus direcciones de despacho e informaci\u00f3n de facturaci\u00f3n.<\/li><\/ul>\t\t\t\t\t\t\t\t<\/div>\n\t\t\t\t<\/div>\n\t\t\t\t\t<\/div>\n\t\t<\/div>\n\t\t\t\t\t<\/div>\n\t\t<\/section>\n\t\t\t\t\t<\/div>\n\t\t<\/div>\n\t\t\t\t\t<\/div>\n\t\t<\/section>\n\t\t\t\t<section class=\"elementor-section elementor-top-section elementor-element elementor-element-9ff81e6 elementor-section-boxed elementor-section-height-default elementor-section-height-default\" data-id=\"9ff81e6\" data-element_type=\"section\" data-e-type=\"section\">\n\t\t\t\t\t\t<div class=\"elementor-container elementor-column-gap-default\">\n\t\t\t\t\t<div class=\"elementor-column elementor-col-100 elementor-top-column elementor-element elementor-element-6b354b3\" data-id=\"6b354b3\" data-element_type=\"column\" data-e-type=\"column\">\n\t\t\t<div class=\"elementor-widget-wrap elementor-element-populated\">\n\t\t\t\t\t\t<div class=\"elementor-element elementor-element-e7eb402 elementor-widget-divider--view-line elementor-widget elementor-widget-divider\" data-id=\"e7eb402\" data-element_type=\"widget\" data-e-type=\"widget\" data-widget_type=\"divider.default\">\n\t\t\t\t<div class=\"elementor-widget-container\">\n\t\t\t\t\t\t\t<div class=\"elementor-divider\">\n\t\t\t<span class=\"elementor-divider-separator\">\n\t\t\t\t\t\t<\/span>\n\t\t<\/div>\n\t\t\t\t\t\t<\/div>\n\t\t\t\t<\/div>\n\t\t\t\t\t<\/div>\n\t\t<\/div>\n\t\t\t\t\t<\/div>\n\t\t<\/section>\n\t\t\t\t<section class=\"elementor-section elementor-top-section elementor-element elementor-element-c648d40 elementor-section-boxed elementor-section-height-default elementor-section-height-default\" data-id=\"c648d40\" data-element_type=\"section\" data-e-type=\"section\">\n\t\t\t\t\t\t<div class=\"elementor-container elementor-column-gap-default\">\n\t\t\t\t\t<div class=\"elementor-column elementor-col-100 elementor-top-column elementor-element elementor-element-314c9a2\" data-id=\"314c9a2\" data-element_type=\"column\" data-e-type=\"column\">\n\t\t\t<div class=\"elementor-widget-wrap elementor-element-populated\">\n\t\t\t\t\t\t<section class=\"elementor-section elementor-inner-section elementor-element elementor-element-6478372 elementor-section-boxed elementor-section-height-default elementor-section-height-default\" data-id=\"6478372\" data-element_type=\"section\" data-e-type=\"section\">\n\t\t\t\t\t\t<div class=\"elementor-container elementor-column-gap-default\">\n\t\t\t\t\t<div class=\"elementor-column elementor-col-50 elementor-inner-column elementor-element elementor-element-6a1c0c7\" data-id=\"6a1c0c7\" data-element_type=\"column\" data-e-type=\"column\">\n\t\t\t<div class=\"elementor-widget-wrap elementor-element-populated\">\n\t\t\t\t\t\t<div class=\"elementor-element elementor-element-ed3e899 elementor-widget elementor-widget-text-editor\" data-id=\"ed3e899\" data-element_type=\"widget\" data-e-type=\"widget\" data-widget_type=\"text-editor.default\">\n\t\t\t\t<div class=\"elementor-widget-container\">\n\t\t\t\t\t\t\t\t\t<h2>Aplica para la distribuci\u00f3n de nuestras marcas<\/h2>\t\t\t\t\t\t\t\t<\/div>\n\t\t\t\t<\/div>\n\t\t\t\t\t<\/div>\n\t\t<\/div>\n\t\t\t\t<div class=\"elementor-column elementor-col-50 elementor-inner-column elementor-element elementor-element-4cac688\" data-id=\"4cac688\" data-element_type=\"column\" data-e-type=\"column\">\n\t\t\t<div class=\"elementor-widget-wrap elementor-element-populated\">\n\t\t\t\t\t\t<div class=\"elementor-element elementor-element-b2d8b22 elementor-widget elementor-widget-text-editor\" data-id=\"b2d8b22\" data-element_type=\"widget\" data-e-type=\"widget\" data-widget_type=\"text-editor.default\">\n\t\t\t\t<div class=\"elementor-widget-container\">\n\t\t\t\t\t\t\t\t\t<p>Si estas interesado en distribuir nuestros productos o crees que podemos hacer algo en conjunto cont\u00e1ctanos, son necesarios los siguientes documentos para procesar la solicitud:<\/p>\n<ul>\n<li>Iniciaci\u00f3n de actividades.<\/li><li>\u00daltimos tres IVA pagados.<\/li><li>Extracto de constituci\u00f3n de sociedad.<\/li><li>Rut escaneado por ambos lados de la compa\u00f1\u00eda.<\/li><li>Rut escaneado por ambos lados del representante legal.<\/li><li>\u00daltimas 2 facturas emitidas escaneadas.<\/li>\n<\/ul>\n<p>Junto los documentos solicitados debes descargar y enviar el formulario de distribuci\u00f3n con la informaci\u00f3n solicitada en el, puedes descargar el formulario en el link abajo:<\/p>\t\t\t\t\t\t\t\t<\/div>\n\t\t\t\t<\/div>\n\t\t\t\t<div class=\"elementor-element elementor-element-7cc8e44 elementor-widget elementor-widget-button\" data-id=\"7cc8e44\" data-element_type=\"widget\" data-e-type=\"widget\" data-widget_type=\"button.default\">\n\t\t\t\t<div class=\"elementor-widget-container\">\n\t\t\t\t\t\t\t\t\t<div class=\"elementor-button-wrapper\">\n\t\t\t\t\t<a class=\"elementor-button elementor-button-link elementor-size-md\" href=\"https:\/\/www.selmar.cl\/imagenes\/aplicacion-distribuidor-2022.pdf\" download=\"\">\n\t\t\t\t\t\t<span class=\"elementor-button-content-wrapper\">\n\t\t\t\t\t\t<span class=\"elementor-button-icon\">\n\t\t\t\t<i aria-hidden=\"true\" class=\"fas fa-file-download\"><\/i>\t\t\t<\/span>\n\t\t\t\t\t\t\t\t\t<span class=\"elementor-button-text\">DESCARGAR APLICACI\u00d3N DE DISTRIBUIDOR<\/span>\n\t\t\t\t\t<\/span>\n\t\t\t\t\t<\/a>\n\t\t\t\t<\/div>\n\t\t\t\t\t\t\t\t<\/div>\n\t\t\t\t<\/div>\n\t\t\t\t<div class=\"elementor-element elementor-element-3adbc3e elementor-widget elementor-widget-text-editor\" data-id=\"3adbc3e\" data-element_type=\"widget\" data-e-type=\"widget\" data-widget_type=\"text-editor.default\">\n\t\t\t\t<div class=\"elementor-widget-container\">\n\t\t\t\t\t\t\t\t\t<p>Documentos deben ser enviados a\u00a0<span id=\"cloak0605bf7b4ee4a5014af919118a876f51\"><a href=\"mailto:b2b@ramcotec.cl\">b2b@selmar.cl<\/a><\/span><\/p><p>*Solo se procesar\u00e1n solicitudes de empresas con <strong>GIROS RELACIONADOS<\/strong> y env\u00eden todos los documentos solicitados. No se responder\u00e1 a personas naturales y\/o empresas de otros rubros.<\/p>\t\t\t\t\t\t\t\t<\/div>\n\t\t\t\t<\/div>\n\t\t\t\t\t<\/div>\n\t\t<\/div>\n\t\t\t\t\t<\/div>\n\t\t<\/section>\n\t\t\t\t\t<\/div>\n\t\t<\/div>\n\t\t\t\t\t<\/div>\n\t\t<\/section>\n\t\t\t\t<\/div>","protected":false},"excerpt":{"rendered":"<p>Crea tu cuenta y compra en selmar.cl Para crear una cuenta de cliente con Selmar solo tienes que seguir los siguientes pasos: Realiza tu primera compra exitosa en nuestra web.&hellip;<\/p>","protected":false},"author":1,"featured_media":0,"parent":4127,"menu_order":0,"comment_status":"closed","ping_status":"closed","template":"","meta":{"footnotes":""},"class_list":["post-3833","page","type-page","status-publish","hentry"],"_links":{"self":[{"href":"https:\/\/www.selmar.cl\/en\/wp-json\/wp\/v2\/pages\/3833","targetHints":{"allow":["GET"]}}],"collection":[{"href":"https:\/\/www.selmar.cl\/en\/wp-json\/wp\/v2\/pages"}],"about":[{"href":"https:\/\/www.selmar.cl\/en\/wp-json\/wp\/v2\/types\/page"}],"author":[{"embeddable":true,"href":"https:\/\/www.selmar.cl\/en\/wp-json\/wp\/v2\/users\/1"}],"replies":[{"embeddable":true,"href":"https:\/\/www.selmar.cl\/en\/wp-json\/wp\/v2\/comments?post=3833"}],"version-history":[{"count":12,"href":"https:\/\/www.selmar.cl\/en\/wp-json\/wp\/v2\/pages\/3833\/revisions"}],"predecessor-version":[{"id":5900,"href":"https:\/\/www.selmar.cl\/en\/wp-json\/wp\/v2\/pages\/3833\/revisions\/5900"}],"up":[{"embeddable":true,"href":"https:\/\/www.selmar.cl\/en\/wp-json\/wp\/v2\/pages\/4127"}],"wp:attachment":[{"href":"https:\/\/www.selmar.cl\/en\/wp-json\/wp\/v2\/media?parent=3833"}],"curies":[{"name":"wp","href":"https:\/\/api.w.org\/{rel}","templated":true}]}}