{"id":3767,"date":"2021-08-09T18:01:07","date_gmt":"2021-08-09T21:01:07","guid":{"rendered":"https:\/\/www.ramcotec.cl\/prueba\/?page_id=3767"},"modified":"2021-12-06T22:47:34","modified_gmt":"2021-12-07T01:47:34","slug":"terminos-de-servicio","status":"publish","type":"page","link":"https:\/\/www.selmar.cl\/en\/terminos-de-servicio\/","title":{"rendered":"Terms of Service"},"content":{"rendered":"<div data-elementor-type=\"wp-page\" data-elementor-id=\"3767\" class=\"elementor elementor-3767\">\n\t\t\t\t\t\t<section class=\"elementor-section elementor-top-section elementor-element elementor-element-aca5f45 elementor-section-boxed elementor-section-height-default elementor-section-height-default\" data-id=\"aca5f45\" data-element_type=\"section\" data-e-type=\"section\">\n\t\t\t\t\t\t<div class=\"elementor-container elementor-column-gap-default\">\n\t\t\t\t\t<div class=\"elementor-column elementor-col-100 elementor-top-column elementor-element elementor-element-7f0546b\" data-id=\"7f0546b\" data-element_type=\"column\" data-e-type=\"column\">\n\t\t\t<div class=\"elementor-widget-wrap elementor-element-populated\">\n\t\t\t\t\t\t<div class=\"elementor-element elementor-element-d114600 elementor-widget elementor-widget-text-editor\" data-id=\"d114600\" data-element_type=\"widget\" data-e-type=\"widget\" data-widget_type=\"text-editor.default\">\n\t\t\t\t<div class=\"elementor-widget-container\">\n\t\t\t\t\t\t\t\t\t<p>El acceso a este sitio y la utilizaci\u00f3n de sus servicios est\u00e1 sujeta a los t\u00e9rminos y condiciones generales que se establecen a continuaci\u00f3n, se entiende de ahora en adelante a Cliente como Usuario. De continuar el Usuario la visita de este sitio, se entender\u00e1 que presta su conformidad con los T\u00e9rminos y Condiciones. Adem\u00e1s, si realiza actividades de comercio electr\u00f3nico, se compromete a respetar los t\u00e9rminos y condiciones estipulados por Selmar Limitada. El contenido de este sitio (informaci\u00f3n, redacci\u00f3n, software, direcciones de correo electr\u00f3nico, gr\u00e1ficos, estad\u00edsticas) es propiedad de Selmar Limitada y se encuentra protegido por las leyes internacionales de propiedad intelectual y\/o derechos de autor. Las infracciones a los T\u00e9rminos y Condiciones dar\u00e1n derecho a quitar la calidad de Usuario registrado a los infractores sin previo aviso perdiendo todos sus datos e informaci\u00f3n de pedidos realizados en su cuenta. El usuario se hace responsable de toda afirmaci\u00f3n realizada o acto ocurrido mediante el uso de su nombre de usuario y contrase\u00f1a. No deber\u00e1 enviar o divulgar contenido inapropiado, transgresor, obsceno, fraudulento, difamatorio, amenazador o que divulgue intimidades y asuntos personales o viole los derechos de cualquier ciudadano. No podr\u00e1 tomar la identidad de otra persona o enviar y transmitir publicidad y materiales de promoci\u00f3n. Nuestro sitio no se responsabiliza por los da\u00f1os y perjuicios que pudiera ocasionar el uso de la informaci\u00f3n que proveemos. No garantizamos la veracidad o vigencia de esa informaci\u00f3n, ni que dicha informaci\u00f3n no haya sido alterada, luego de su inserci\u00f3n en el sitio. Selmar Limitada tienda WEB se limita a proveer una plataforma donde encontrar los productos que comercializa, publicitar los productos que comercializa, entregar informaci\u00f3n en el sitio de productos en algunos casos a los Usuarios y vender equipos en linea. Nuestro sitio no est\u00e1 obligado a proveer ning\u00fan equipo o programa de software para acceder al servicio.<\/p><h2>Uso de nuestra pagina<\/h2><p>Selmar Limitada se reserva el derecho de eliminar o modificar cualquier informaci\u00f3n, comunicaci\u00f3n, material de descarga o mensaje que en su opini\u00f3n viole pol\u00edticas de uso. La publicaci\u00f3n, transmisi\u00f3n de cualquier material se encuentra prohibida sin el previo consentimiento escrito de su autor. Si es autorizado, el usuario del material o la informaci\u00f3n deber\u00e1 mencionar en todos los casos a su autor. Toda informaci\u00f3n y material enviado por el Usuario ser\u00e1 otorgado sin beneficio econ\u00f3mico alguno o sin ninguna retribuci\u00f3n f\u00edsica, salvo acuerdo entre partes, Selmar Limitada adquiere licencia perpetua, gratuita, no exclusiva, con derecho a publicar, transmitir, reproducir y exhibir p\u00fablicamente lo que se publique en nuestra pagina, excluyendo los datos personales de el Usuario. Toda marca o logotipo que se publica en el sitio pertenece a Selmar Limitada o a terceros con autorizaci\u00f3n y el Usuario no podr\u00e1 copiarlas y utilizarlas sin previo aviso de nuestra empresa. Selmar Limitada no almacena contrase\u00f1as, solo datos encriptados, por lo que todo movimiento y cambio de datos realizados desde la cuenta de el Usuario ser\u00e1 completa responsabilidad de el Usuario permitiendo a Selmar Limitada tomar acciones como cierre de cuenta sin previo aviso, env\u00edo de pedidos sin previo aviso o acciones legales si la situaci\u00f3n lo amerita. Selmar Limitada no esta obligado a realizar instalaci\u00f3n ni asistencia gratuita en equipos vendidos a menos que est\u00e9 debidamente publicado en el producto.<\/p><h2>Privacidad on-line<\/h2><p>Selmar Limitada no revelar\u00e1 ni compartir\u00e1 informaci\u00f3n privada sin el consentimiento del usuario, excepto cuando lo requiera la ley o a solicitud del gobierno, a su vez, deslinda toda responsabilidad por la informaci\u00f3n aportada a \u201csitios amigos\u201d, que el usuario pudiera acceder por medio de links. Selmar Limitada utilizar\u00e1 su informaci\u00f3n personal, nombre, direcci\u00f3n y correo electr\u00f3nico solo para fines de marketing, de Servicios, para determinar datos demogr\u00e1ficos de sus usuarios, obtener informaci\u00f3n estad\u00edstica y de mercado, pero sin revelar esta informaci\u00f3n que Selmar Limitada considera confidencial a terceros. Selmar Limitada podr\u00e1 enviar correos electr\u00f3nicos a los Usuarios destinados a confirmar su inscripci\u00f3n, informarle el estado de su cuenta as\u00ed como tambi\u00e9n informarle sobre las modificaciones, actualizaciones o promociones realizadas en el sitio. Si el Usuario deseara ser excluido de esta lista podr\u00e1 hacerlo desde su cuenta privada.<\/p><p>Gracias por su preferencia<\/p><h2>Selmar Limitada<\/h2>\t\t\t\t\t\t\t\t<\/div>\n\t\t\t\t<\/div>\n\t\t\t\t\t<\/div>\n\t\t<\/div>\n\t\t\t\t\t<\/div>\n\t\t<\/section>\n\t\t\t\t<\/div>","protected":false},"excerpt":{"rendered":"<p>El acceso a este sitio y la utilizaci\u00f3n de sus servicios est\u00e1 sujeta a los t\u00e9rminos y condiciones generales que se establecen a continuaci\u00f3n, se entiende de ahora en adelante&hellip;<\/p>","protected":false},"author":1,"featured_media":0,"parent":0,"menu_order":0,"comment_status":"closed","ping_status":"closed","template":"","meta":{"footnotes":""},"class_list":["post-3767","page","type-page","status-publish","hentry"],"_links":{"self":[{"href":"https:\/\/www.selmar.cl\/en\/wp-json\/wp\/v2\/pages\/3767","targetHints":{"allow":["GET"]}}],"collection":[{"href":"https:\/\/www.selmar.cl\/en\/wp-json\/wp\/v2\/pages"}],"about":[{"href":"https:\/\/www.selmar.cl\/en\/wp-json\/wp\/v2\/types\/page"}],"author":[{"embeddable":true,"href":"https:\/\/www.selmar.cl\/en\/wp-json\/wp\/v2\/users\/1"}],"replies":[{"embeddable":true,"href":"https:\/\/www.selmar.cl\/en\/wp-json\/wp\/v2\/comments?post=3767"}],"version-history":[{"count":6,"href":"https:\/\/www.selmar.cl\/en\/wp-json\/wp\/v2\/pages\/3767\/revisions"}],"predecessor-version":[{"id":4845,"href":"https:\/\/www.selmar.cl\/en\/wp-json\/wp\/v2\/pages\/3767\/revisions\/4845"}],"wp:attachment":[{"href":"https:\/\/www.selmar.cl\/en\/wp-json\/wp\/v2\/media?parent=3767"}],"curies":[{"name":"wp","href":"https:\/\/api.w.org\/{rel}","templated":true}]}}