{"id":3,"date":"2021-05-28T18:06:29","date_gmt":"2021-05-28T21:06:29","guid":{"rendered":"https:\/\/www.ramcotec.cl\/PRUEBA\/?page_id=3"},"modified":"2021-12-06T22:51:30","modified_gmt":"2021-12-07T01:51:30","slug":"politica-de-privacidad","status":"publish","type":"page","link":"https:\/\/www.selmar.cl\/en\/politica-de-privacidad\/","title":{"rendered":"Privacy Policies"},"content":{"rendered":"<div data-elementor-type=\"wp-page\" data-elementor-id=\"3\" class=\"elementor elementor-3\">\n\t\t\t\t\t\t<section class=\"elementor-section elementor-top-section elementor-element elementor-element-4208b5ee elementor-section-boxed elementor-section-height-default elementor-section-height-default\" data-id=\"4208b5ee\" data-element_type=\"section\" data-e-type=\"section\">\n\t\t\t\t\t\t<div class=\"elementor-container elementor-column-gap-default\">\n\t\t\t\t\t<div class=\"elementor-column elementor-col-100 elementor-top-column elementor-element elementor-element-11c1e39e\" data-id=\"11c1e39e\" data-element_type=\"column\" data-e-type=\"column\">\n\t\t\t<div class=\"elementor-widget-wrap elementor-element-populated\">\n\t\t\t\t\t\t<div class=\"elementor-element elementor-element-715da2d0 elementor-widget elementor-widget-text-editor\" data-id=\"715da2d0\" data-element_type=\"widget\" data-e-type=\"widget\" data-widget_type=\"text-editor.default\">\n\t\t\t\t<div class=\"elementor-widget-container\">\n\t\t\t\t\t\t\t\t\t<p><\/p>\n<h2 class=\"wp-block-heading\">Qui\u00e9nes somos<\/h2>\n<p><\/p>\n<p><span style=\"font-size: 1.125rem;\">Direcci\u00f3n casa matriz: Avenida San Andr\u00e9s 102, Concepci\u00f3n, Chile.<br \/>Fono contacto: +56 41 2920800<br \/>Nuestra direcci\u00f3n de sitio web es: https:\/\/www.selmar.cl<\/span><\/p>\n<p><\/p>\n<h2 class=\"wp-block-heading\">Comentarios<\/h2>\n<p><\/p>\n<p>Cuando los visitantes dejan comentarios en el sitio recopilamos los datos mostrados en el formulario de comentarios, y tambi\u00e9n la direcci\u00f3n IP del visitante y la cadena del agente de usuario del navegador para ayudar a la detecci\u00f3n de spam.<\/p>\n<p><\/p>\n<p>Se puede proporcionar una cadena anonimizada creada a partir de su direcci\u00f3n de correo electr\u00f3nico (tambi\u00e9n denominada hash) al servicio gravatar para ver si la est\u00e1 utilizando. La pol\u00edtica de privacidad del servicio gravar est\u00e1 disponible aqu\u00ed: https:\/\/automattic.com\/privacy\/. Despu\u00e9s de la aprobaci\u00f3n de tu comentario, su imagen de perfil es visible para el p\u00fablico en el contexto de tu comentario.<\/p>\n<p><\/p>\n<h2 class=\"wp-block-heading\">Multimedia<\/h2>\n<p><\/p>\n<p>Si subes im\u00e1genes al sitio web, debes evitar cargar im\u00e1genes con datos de ubicaci\u00f3n incrustados (EXIF GPS). Los visitantes del sitio web pueden descargar y extraer los datos de la ubicaci\u00f3n de las im\u00e1genes en el sitio Web, cada usuario es responsable de los datos personales cargados en nuestra web por lo que pedimos no cargar im\u00e1genes ni archivos con informaci\u00f3n personal ni de tarjetas a menos que sea solicitado en el formulario o secci\u00f3n.<\/p>\n<p><\/p>\n<h2 class=\"wp-block-heading\">Cookies<\/h2>\n<p><\/p>\n<p>Si dejas un comentario en nuestro sitio puedes optar por guardar tu nombre, direcci\u00f3n de correo electr\u00f3nico y sitio web en cookies. \u00c9stos son para tu conveniencia de modo que no tengas que rellenar tus datos otra vez cuando dejes otro comentario. Estas cookies durar\u00e1n un a\u00f1o.<\/p>\n<p><\/p>\n<p>Si visitas nuestra p\u00e1gina de inicio de sesi\u00f3n, configuraremos una cookie temporal para determinar si tu navegador acepta cookies. Esta cookie no contiene datos personales y se descarta al cerrar el navegador.<\/p>\n<p><\/p>\n<p>Cuando inicies sesi\u00f3n, tambi\u00e9n configuraremos varias cookies para guardar tu informaci\u00f3n de inicio de sesi\u00f3n y sus opciones de visualizaci\u00f3n en pantalla. Las cookies de inicio de sesi\u00f3n duran dos d\u00edas y las cookies de opciones de pantalla duran un a\u00f1o. Si seleccionas &#8220;Recordarme&#8221; en tu inicio de sesi\u00f3n se mantendr\u00e1 durante dos semanas. Si cierras la sesi\u00f3n de tu cuenta, se eliminar\u00e1n las cookies de inicio de sesi\u00f3n.<\/p>\n<p><\/p>\n<p>Si editas o publicas un art\u00edculo, una cookie adicional se guardar\u00e1 en tu navegador. Esta cookie no incluye datos personales y simplemente indica el ID de correo del art\u00edculo que acabas de editar. Expira despu\u00e9s de 1 d\u00eda.<\/p>\n<p><\/p>\n<h2 class=\"wp-block-heading\">Contenido incrustado de otros sitios web<\/h2>\n<p><\/p>\n<p>Los art\u00edculos en este sitio pueden incluir contenido incrustado (por ejemplo, videos, im\u00e1genes, art\u00edculos, etc.). El contenido incrustado de otros sitios web se comporta de la misma manera que si el visitante hubiera visitado el otro sitio web.<\/p>\n<p><\/p>\n<p>Estos sitios web pueden recopilar datos sobre ti, utilizar cookies, incrustar un seguimiento adicional de terceros y supervisar tu interacci\u00f3n con ese contenido incrustado, incluido el seguimiento de tu interacci\u00f3n con el contenido incrustado si tiene una cuenta y est\u00e1 conectado a dicho sitio web.<\/p>\n<p><\/p>\n<h2 class=\"wp-block-heading\">Con qui\u00e9n compartimos tus datos<\/h2>\n<p><\/p>\n<p>Si solicitas un restablecimiento de contrase\u00f1a, tu direcci\u00f3n IP se incluir\u00e1 en el correo electr\u00f3nico de restablecimiento,\u00a0<span style=\"font-size: 1.125rem;\">no compartimos tus datos con empresas de marketing ni spam, tus datos podr\u00e1n ser utilizados por Selmar con fines de contacto administrativo y publicidad.<\/span><\/p>\n<p><\/p>\n<h2 class=\"wp-block-heading\">Cu\u00e1nto tiempo conservamos tus datos<\/h2>\n<p><\/p>\n<p>Si dejas un comentario, el comentario y sus metadatos se conservan indefinidamente. Esto es para que podamos reconocer y aprobar autom\u00e1ticamente cualquier comentario de seguimiento en lugar de mantenerlos en una cola de moderaci\u00f3n.<\/p>\n<p><\/p>\n<p>Para los usuarios que se registren en nuestro sitio web (si los hay), tambi\u00e9n almacenamos la informaci\u00f3n personal que proporcionan en su perfil de usuario. Todos los usuarios pueden ver, editar o borrar su informaci\u00f3n personal en cualquier momento (excepto que no pueden cambiar su nombre de usuario). Los administradores de sitios web tambi\u00e9n pueden ver y editar esa informaci\u00f3n.<\/p>\n<p><\/p>\n<h2 class=\"wp-block-heading\">Qu\u00e9 derechos tienen sobre sus datos<\/h2>\n<p><\/p>\n<p>Si tienes una cuenta en este sitio, o ha dejado comentarios, puedes solicitar recibir un archivo exportado de los datos personales que tengamos sobre ti, incluyendo cualquier dato que nos hayas proporcionado. Tambi\u00e9n puede solicitar que borremos cualquier dato personal que mantengamos sobre usted. Esto no incluye los datos que estamos obligados a mantener para fines administrativos, legales o de seguridad.<\/p>\n<p><\/p>\n<h2 class=\"wp-block-heading\">D\u00f3nde enviamos tus datos<\/h2>\n<p><\/p>\n<p>Los comentarios de los visitantes se podr\u00edan verificar a trav\u00e9s de un servicio autom\u00e1tico de detecci\u00f3n de spam.<\/p>\n<p><\/p>\t\t\t\t\t\t\t\t<\/div>\n\t\t\t\t<\/div>\n\t\t\t\t\t<\/div>\n\t\t<\/div>\n\t\t\t\t\t<\/div>\n\t\t<\/section>\n\t\t\t\t<\/div>","protected":false},"excerpt":{"rendered":"<p>Qui\u00e9nes somos Direcci\u00f3n casa matriz: Avenida San Andr\u00e9s 102, Concepci\u00f3n, Chile.Fono contacto: +56 41 2920800Nuestra direcci\u00f3n de sitio web es: https:\/\/www.selmar.cl Comentarios Cuando los visitantes dejan comentarios en el sitio&hellip;<\/p>","protected":false},"author":1,"featured_media":0,"parent":0,"menu_order":0,"comment_status":"closed","ping_status":"closed","template":"","meta":{"footnotes":""},"class_list":["post-3","page","type-page","status-publish","hentry"],"_links":{"self":[{"href":"https:\/\/www.selmar.cl\/en\/wp-json\/wp\/v2\/pages\/3","targetHints":{"allow":["GET"]}}],"collection":[{"href":"https:\/\/www.selmar.cl\/en\/wp-json\/wp\/v2\/pages"}],"about":[{"href":"https:\/\/www.selmar.cl\/en\/wp-json\/wp\/v2\/types\/page"}],"author":[{"embeddable":true,"href":"https:\/\/www.selmar.cl\/en\/wp-json\/wp\/v2\/users\/1"}],"replies":[{"embeddable":true,"href":"https:\/\/www.selmar.cl\/en\/wp-json\/wp\/v2\/comments?post=3"}],"version-history":[{"count":9,"href":"https:\/\/www.selmar.cl\/en\/wp-json\/wp\/v2\/pages\/3\/revisions"}],"predecessor-version":[{"id":4854,"href":"https:\/\/www.selmar.cl\/en\/wp-json\/wp\/v2\/pages\/3\/revisions\/4854"}],"wp:attachment":[{"href":"https:\/\/www.selmar.cl\/en\/wp-json\/wp\/v2\/media?parent=3"}],"curies":[{"name":"wp","href":"https:\/\/api.w.org\/{rel}","templated":true}]}}